{"id":676054,"date":"2023-09-21T10:47:04","date_gmt":"2023-09-21T10:47:04","guid":{"rendered":"https:\/\/neuvee.com\/?post_type=product&#038;p=676054"},"modified":"2025-05-19T14:28:35","modified_gmt":"2025-05-19T14:28:35","slug":"abriss","status":"publish","type":"product","link":"https:\/\/neuvee.com\/pl\/product\/abriss\/","title":{"rendered":"ABRISS"},"content":{"rendered":"<p>ABRISS to klimatyczna gra o&nbsp;budowaniu i&nbsp;niszczeniu z&nbsp;wbudowan\u0105 symulacj\u0105 fizyki.<br \/>\nBuduj struktury z&nbsp;element\u00f3w, a&nbsp;nast\u0119pnie rozbijaj nimi cele. Odblokuj nowe elementy, niszcz wi\u0119cej struktur i&nbsp;odkryj nieub\u0142agany charakter entropii po\u015br\u00f3d brutalistycznych, cyfrowych krajobraz\u00f3w miast. Buduj, by niszczy\u0107.<\/p>\n<p>ROZGRYWKA<\/p>\n<p>BUDUJ<br \/>\nZbuduj swoj\u0105 struktur\u0119 z&nbsp;cz\u0119\u015bci o&nbsp;r\u00f3\u017cnych ci\u0119\u017carach, formach i&nbsp;funkcjach.<\/p>\n<p>Dysza + \u0142\u0105cznik + bomba? To przepis na rakiet\u0119.<br \/>\nDysza + obrotnica + laser? To rakieta z&nbsp;obracaj\u0105cymi si\u0119 laserami.<br \/>\nFilar + \u0142\u0105cznik + ultraci\u0119\u017cki sze\u015bcian? Tak powstaje ogromny m\u0142ot. <\/p>\n<p>Wyka\u017c si\u0119 pomys\u0142owo\u015bci\u0105 i&nbsp;zaradno\u015bci\u0105, wykorzystuj\u0105c elementy, kt\u00f3re otrzymasz do dyspozycji. Spr\u00f3buj zniszczy\u0107 cel przy u\u017cyciu jak najmniejszej liczby cz\u0119\u015bci lub&nbsp;stw\u00f3rz bardziej eleganckie rozwi\u0105zanie \u2013 niezale\u017cnie od podej\u015bcia, efekt zawsze b\u0119dzie spektakularny.<\/p>\n<p>NISZCZ<br \/>\nW trybie kampanii staraj si\u0119 trafi\u0107 w najwa\u017cniejsze cele, aby wygra\u0107 poziom. Zr\u00f3b wy\u0142om w opancerzonym murze, aby ods\u0142oni\u0107 wra\u017cliwy \u015brodek. Spr\u00f3buj wysadzi\u0107 bomb\u0119 w otoczeniu. Wykorzystaj elementy mechaniki otoczenia, na przyk\u0142ad miotaj\u0105c ultraci\u0119\u017ckimi sze\u015bcianami w sw\u00f3j cel za pomoc\u0105 ogromnych t\u0142ok\u00f3w. Mo\u017cesz te\u017c miota\u0107 wszystkim, co akurat masz pod r\u0119k\u0105 \u2013 to te\u017c mo\u017ce zadzia\u0142a\u0107.<\/p>\n<p>ZAAWANSOWANY SYSTEM ZNISZCZE\u0143<br \/>\nSymulowana integralno\u015b\u0107 struktur, tysi\u0105ce ma\u0142ych cz\u0105stek od\u0142amk\u00f3w, du\u017ce lataj\u0105ce kawa\u0142ki cel\u00f3w odlatuj\u0105ce w przestrze\u0144 \u2013 a&nbsp;wszystko z&nbsp;zachowaniem pe\u0142nej (lub prawie pe\u0142nej) p\u0142ynno\u015bci gry.<\/p>\n<p>KAMPANIA<br \/>\nSiedem \u015bwiat\u00f3w zawieraj\u0105cych wiele poziom\u00f3w, w tym poziomy dodatkowe, pe\u0142nych gotowych do zniszczenia, r\u0119cznie zaprojektowanych miast. Zaczynasz ka\u017cdy poziom z&nbsp;ograniczon\u0105 liczb\u0105 element\u00f3w. Wypracuj skuteczn\u0105 strategi\u0119, aby zniszczy\u0107 za ich pomoc\u0105 wyznaczone bloki g\u0142\u00f3wnych cel\u00f3w. W miar\u0119 post\u0119p\u00f3w b\u0119dziesz odblokowywa\u0107 nowe cz\u0119\u015bci, a&nbsp;w ka\u017cdym \u015bwiecie odkryjesz unikatowe elementy mechaniki otoczenia. Je\u015bli chcesz, mo\u017cesz wr\u00f3ci\u0107 do poprzednich etap\u00f3w, aby poprawi\u0107 procentowy wynik zniszczenia b\u0105d\u017a&nbsp;zniszczy\u0107 cel w mniejszej liczbie ruch\u00f3w.<\/p>\n<p>PIASKOWNICA<br \/>\nWypr\u00f3buj nowe wzorce budowania. Eksperymentuj z&nbsp;jeszcze nieodblokowanymi elementami. Spr\u00f3buj usma\u017cy\u0107 swoj\u0105 kart\u0119 graficzn\u0105 tysi\u0105cem wystrzelonych jednocze\u015bnie laser\u00f3w.<\/p>\n<p>NOWO\u015a\u0106: TRYB GRY NIESKO\u0143CZONEJ<br \/>\nZagraj w trybie gry niesko\u0144czonej i&nbsp;spr\u00f3buj uzyska\u0107 najwy\u017cszy wynik.<\/p>\n<p>TRYB ZDJ\u0118\u0106<br \/>\nWykorzystaj swobodn\u0105 kamer\u0119, aby znale\u017a\u0107 najlepsze uj\u0119cie. Zatrzymaj lub&nbsp;spowolnij czas, aby uzyska\u0107 idealne zdj\u0119cie dokonanej rozwa\u0142ki. Zastosuj filtry, aby zmieni\u0107 charakter swoich zdj\u0119\u0107. Eksportuj wyj\u0105tkowo szczeg\u00f3\u0142owe pliki JPG w rozdzielczo\u015bci 4K, a&nbsp;nast\u0119pnie nam je udost\u0119pnij!<\/p>\n<p>OBS\u0141UGA KONTROLERA I ZMIENNE STEROWANIE<br \/>\nPrzejmij kontrol\u0119 i&nbsp;graj, korzystaj\u0105c ze swojego kontrolera. Sterowanie mo\u017cna dowolnie zmieni\u0107!<\/p>\n<p>OBROTOWA KAMERA DO GIF-\u00d3W<br \/>\nTw\u00f3rz w\u0142asne, doskonale zap\u0119tlaj\u0105ce si\u0119 GIF-y wywo\u0142anego przez siebie spustoszenia!<\/p>\n<p>OBS\u0141UGA WARSZTATU STEAM<br \/>\nZapisuj i&nbsp;wczytuj w\u0142asne dzie\u0142a lokalnie lub&nbsp;z&nbsp;wykorzystaniem Warsztatu Steam. To bardzo proste dzi\u0119ki specjalnemu interfejsowi w trybie piaskownicy.<\/p>","protected":false},"excerpt":{"rendered":"<p>ABRISS to klimatyczna gra o&nbsp;budowaniu i&nbsp;niszczeniu z&nbsp;wbudowan\u0105 symulacj\u0105 fizyki. Buduj struktury z&nbsp;element\u00f3w, a&nbsp;nast\u0119pnie rozbijaj nimi cele. Odblokuj nowe elementy, niszcz wi\u0119cej struktur i&nbsp;odkryj nieub\u0142agany charakter entropii po\u015br\u00f3d brutalistycznych, cyfrowych krajobraz\u00f3w miast. Buduj, by niszczy\u0107. ROZGRYWKA BUDUJ Zbuduj swoj\u0105 struktur\u0119 z&nbsp;cz\u0119\u015bci o&nbsp;r\u00f3\u017cnych ci\u0119\u017carach, formach i&nbsp;funkcjach. Dysza + \u0142\u0105cznik + bomba? To przepis na rakiet\u0119. Dysza + [&hellip;]<\/p>\n","protected":false},"featured_media":676112,"comment_status":"closed","ping_status":"closed","template":"","meta":{"ub_ctt_via":""},"product_cat":[221,78,222],"product_tag":[218],"class_list":["post-676054","product","type-product","status-publish","has-post-thumbnail","hentry","product_cat-indie","product_cat-simulation","product_cat-strategy","product_tag-games","platform-steam-works"],"_links":{"self":[{"href":"https:\/\/neuvee.com\/pl\/wp-json\/wp\/v2\/product\/676054","targetHints":{"allow":["GET"]}}],"collection":[{"href":"https:\/\/neuvee.com\/pl\/wp-json\/wp\/v2\/product"}],"about":[{"href":"https:\/\/neuvee.com\/pl\/wp-json\/wp\/v2\/types\/product"}],"replies":[{"embeddable":true,"href":"https:\/\/neuvee.com\/pl\/wp-json\/wp\/v2\/comments?post=676054"}],"wp:featuredmedia":[{"embeddable":true,"href":"https:\/\/neuvee.com\/pl\/wp-json\/wp\/v2\/media\/676112"}],"wp:attachment":[{"href":"https:\/\/neuvee.com\/pl\/wp-json\/wp\/v2\/media?parent=676054"}],"wp:term":[{"taxonomy":"product_cat","embeddable":true,"href":"https:\/\/neuvee.com\/pl\/wp-json\/wp\/v2\/product_cat?post=676054"},{"taxonomy":"product_tag","embeddable":true,"href":"https:\/\/neuvee.com\/pl\/wp-json\/wp\/v2\/product_tag?post=676054"}],"curies":[{"name":"wp","href":"https:\/\/api.w.org\/{rel}","templated":true}]}}