{"id":675089,"date":"2023-09-16T14:35:01","date_gmt":"2023-09-16T14:35:01","guid":{"rendered":"https:\/\/neuvee.com\/?post_type=product&#038;p=675089"},"modified":"2025-05-19T14:26:41","modified_gmt":"2025-05-19T14:26:41","slug":"ak-xolotl","status":"publish","type":"product","link":"https:\/\/neuvee.com\/pl\/product\/ak-xolotl\/","title":{"rendered":"AK-XOLOTL"},"content":{"rendered":"<p>AK-xolotl to jedyna w swoim rodzaju strzelanka typu roguelite z&nbsp;widokiem z&nbsp;g\u00f3ry o&nbsp;sympatycznym p\u0142azie w roli g\u0142\u00f3wnej! Wciel si\u0119 w uzbrojonego w AK aksolotla, kt\u00f3ry dokonuje widowiskowej rozwa\u0142ki, strzelaj\u0105c do wszystkiego, co stanie mu na drodze. Przedzieraj si\u0119 przez zr\u00f3\u017cnicowane \u015brodowiska i&nbsp;podbijaj losowo generowane pomieszczenia, zbieraj\u0105c pyszne jedzenie i&nbsp;s\u0142odziachne ma\u0142e aksolotle.<\/p>\n<p>Okie\u0142znaj moc regeneracji aksolotli! Je\u015bli polegniesz, zmartwychwstaniesz z&nbsp;jeszcze wi\u0119ksz\u0105 moc\u0105, odblokowuj\u0105c w ka\u017cdej walce nowy or\u0119\u017c. Walcz, gi\u0144, powracaj do \u017cycia i&nbsp;walcz ponownie!<\/p>\n<p>W trakcie swoich przyg\u00f3d natkniesz si\u0119 na zr\u00f3\u017cnicowane ma\u0142e aksolotle \u2013 aksolotl\u0105tka! Przenie\u015b aksolotl\u0105tka do swojego stawu. Je\u015bli nale\u017cycie si\u0119 nimi zaopiekujesz, wyrosn\u0105 na kolejnego grywalnego aksolotla o&nbsp;zab\u00f3jczych zdolno\u015bciach! <\/p>\n<p>Od pe\u0142zaj\u0105cych w\u0119\u017cy w skarpetkach po olbrzymie kraby uzbrojone w no\u017ce \u2013 ka\u017cdy z&nbsp;boss\u00f3w podda pr\u00f3bie zdolno\u015bci regeneracyjne twojego aksolotla. Kiedy inni walcz\u0105 na no\u017ce, si\u0119gnij po AK-47.<\/p>\n<p>Znajduj jajka aksolotli i&nbsp;odchowaj nowy skrzek pot\u0119\u017cnych aksolotli, zamieniaj\u0105c je w wysoce wyspecjalizowane maszynki do zabijania. Wynie\u015b ich si\u0142\u0119 ognia na wy\u017cszy poziom, gotuj\u0105c przepisy, kt\u00f3re na sta\u0142e poprawi\u0105 ich statystyki. Nie bierz je\u0144c\u00f3w, po\u017ceraj wszystko i&nbsp;sta\u0144 si\u0119 nie do powstrzymania.<\/p>\n<p>Walcz wr\u0119cz, dzier\u017c\u0105c swoim aksolotlem siekier\u0119, albo&nbsp;ustaw fazer na zabijanie&#8230; styl gry zale\u017cy wy\u0142\u0105cznie od ciebie! Spot\u0119guj swoj\u0105 si\u0142\u0119 ognia za pomoc\u0105 pot\u0119\u017cnych wzmocnie\u0144, takich jak Mjolnir, Syrop Gracza czy te\u017c\u2026kuzyn Carl?!<\/p>\n<p><\/p>","protected":false},"excerpt":{"rendered":"<p>AK-xolotl to jedyna w swoim rodzaju strzelanka typu roguelite z&nbsp;widokiem z&nbsp;g\u00f3ry o&nbsp;sympatycznym p\u0142azie w roli g\u0142\u00f3wnej! Wciel si\u0119 w uzbrojonego w AK aksolotla, kt\u00f3ry dokonuje widowiskowej rozwa\u0142ki, strzelaj\u0105c do wszystkiego, co stanie mu na drodze. Przedzieraj si\u0119 przez zr\u00f3\u017cnicowane \u015brodowiska i&nbsp;podbijaj losowo generowane pomieszczenia, zbieraj\u0105c pyszne jedzenie i&nbsp;s\u0142odziachne ma\u0142e aksolotle. Okie\u0142znaj moc regeneracji aksolotli! Je\u015bli [&hellip;]<\/p>\n","protected":false},"featured_media":675576,"comment_status":"closed","ping_status":"closed","template":"","meta":{"ub_ctt_via":""},"product_cat":[88,221],"product_tag":[218],"class_list":["post-675089","product","type-product","status-publish","has-post-thumbnail","hentry","product_cat-action","product_cat-indie","product_tag-games","platform-steam-works"],"_links":{"self":[{"href":"https:\/\/neuvee.com\/pl\/wp-json\/wp\/v2\/product\/675089","targetHints":{"allow":["GET"]}}],"collection":[{"href":"https:\/\/neuvee.com\/pl\/wp-json\/wp\/v2\/product"}],"about":[{"href":"https:\/\/neuvee.com\/pl\/wp-json\/wp\/v2\/types\/product"}],"replies":[{"embeddable":true,"href":"https:\/\/neuvee.com\/pl\/wp-json\/wp\/v2\/comments?post=675089"}],"wp:featuredmedia":[{"embeddable":true,"href":"https:\/\/neuvee.com\/pl\/wp-json\/wp\/v2\/media\/675576"}],"wp:attachment":[{"href":"https:\/\/neuvee.com\/pl\/wp-json\/wp\/v2\/media?parent=675089"}],"wp:term":[{"taxonomy":"product_cat","embeddable":true,"href":"https:\/\/neuvee.com\/pl\/wp-json\/wp\/v2\/product_cat?post=675089"},{"taxonomy":"product_tag","embeddable":true,"href":"https:\/\/neuvee.com\/pl\/wp-json\/wp\/v2\/product_tag?post=675089"}],"curies":[{"name":"wp","href":"https:\/\/api.w.org\/{rel}","templated":true}]}}