{"id":675042,"date":"2023-09-16T14:30:11","date_gmt":"2023-09-16T14:30:11","guid":{"rendered":"https:\/\/neuvee.com\/?post_type=product&#038;p=675042"},"modified":"2025-05-19T14:18:54","modified_gmt":"2025-05-19T14:18:54","slug":"bus-simulator-21-angel-shores-insider-skin-pack","status":"publish","type":"product","link":"https:\/\/neuvee.com\/pl\/product\/bus-simulator-21-angel-shores-insider-skin-pack\/","title":{"rendered":"BUS SIMULATOR 21 &#8211; ANGEL SHORES INSIDER SKIN PACK"},"content":{"rendered":"<p>Ta unikalna kolekcja 10 styl\u00f3w malowania lakieru umo\u017cliwia ci promowanie nowej mapy dla USA, Angel Shores, a&nbsp;tak\u017ce jej widok\u00f3w i&nbsp;ukrytych miejsc podczas jazdy ulicami Angel Shores i&nbsp;Seaside Valley.<br \/>\nNa li\u015bcie element\u00f3w pakietu \u201eAngel Shores \u2013 Paint Jobs\u201d znajduj\u0105 si\u0119:<\/p>\n<p>&#8211; Chi\u0144skie style Oakwood<\/p>\n<p>&#8211; Lakeside View <\/p>\n<p>&#8211; Saint Antony <\/p>\n<p>&#8211; Highlander Park<\/p>\n<p>&#8211; Horyzont Angel Shores<\/p>\n<p>&#8211; Dzielnice Angel Shores<\/p>\n<p>&#8211; Tajemniczy dom<\/p>\n<p>&#8211; Stacja tranzytowa<\/p>\n<p>&#8211; Graffiti<\/p>\n<p>&#8211; Kotowiarnia Alex<br \/>\nKa\u017cdy styl malowania lakieru jest w pe\u0142ni kompatybilny ze wszystkimi autobusami (w tym przegubowymi, pi\u0119trusami i&nbsp;elektrycznymi). Je\u015bli ozdobisz sw\u00f3j autobus tymi sk\u00f3rkami, mieszka\u0144cy pi\u0119knych miast Seaside Valley i&nbsp;Angel Shores natychmiast si\u0119 zorientuj\u0105, \u017ce \u015bwietnie znasz Angel Shores, bez wzgl\u0119du na obran\u0105 przez ciebie tras\u0119.<\/p>\n<p><\/p>","protected":false},"excerpt":{"rendered":"<p>Ta unikalna kolekcja 10 styl\u00f3w malowania lakieru umo\u017cliwia ci promowanie nowej mapy dla USA, Angel Shores, a&nbsp;tak\u017ce jej widok\u00f3w i&nbsp;ukrytych miejsc podczas jazdy ulicami Angel Shores i&nbsp;Seaside Valley. Na li\u015bcie element\u00f3w pakietu \u201eAngel Shores \u2013 Paint Jobs\u201d znajduj\u0105 si\u0119: &#8211; Chi\u0144skie style Oakwood &#8211; Lakeside View &#8211; Saint Antony &#8211; Highlander Park &#8211; Horyzont Angel [&hellip;]<\/p>\n","protected":false},"featured_media":675373,"comment_status":"closed","ping_status":"closed","template":"","meta":{"ub_ctt_via":""},"product_cat":[78],"product_tag":[218,271],"class_list":["post-675042","product","type-product","status-publish","has-post-thumbnail","hentry","product_cat-simulation","product_tag-games","product_tag-weekly-sale","platform-steam-works"],"_links":{"self":[{"href":"https:\/\/neuvee.com\/pl\/wp-json\/wp\/v2\/product\/675042","targetHints":{"allow":["GET"]}}],"collection":[{"href":"https:\/\/neuvee.com\/pl\/wp-json\/wp\/v2\/product"}],"about":[{"href":"https:\/\/neuvee.com\/pl\/wp-json\/wp\/v2\/types\/product"}],"replies":[{"embeddable":true,"href":"https:\/\/neuvee.com\/pl\/wp-json\/wp\/v2\/comments?post=675042"}],"wp:featuredmedia":[{"embeddable":true,"href":"https:\/\/neuvee.com\/pl\/wp-json\/wp\/v2\/media\/675373"}],"wp:attachment":[{"href":"https:\/\/neuvee.com\/pl\/wp-json\/wp\/v2\/media?parent=675042"}],"wp:term":[{"taxonomy":"product_cat","embeddable":true,"href":"https:\/\/neuvee.com\/pl\/wp-json\/wp\/v2\/product_cat?post=675042"},{"taxonomy":"product_tag","embeddable":true,"href":"https:\/\/neuvee.com\/pl\/wp-json\/wp\/v2\/product_tag?post=675042"}],"curies":[{"name":"wp","href":"https:\/\/api.w.org\/{rel}","templated":true}]}}