{"id":675041,"date":"2023-09-16T14:29:47","date_gmt":"2023-09-16T14:29:47","guid":{"rendered":"https:\/\/neuvee.com\/?post_type=product&#038;p=675041"},"modified":"2025-05-19T14:29:55","modified_gmt":"2025-05-19T14:29:55","slug":"bus-simulator-21-iveco-bus-bus-pack","status":"publish","type":"product","link":"https:\/\/neuvee.com\/pl\/product\/bus-simulator-21-iveco-bus-bus-pack\/","title":{"rendered":"BUS SIMULATOR 21 \u2013 IVECO BUS BUS PACK"},"content":{"rendered":"<p>Do wszystkich kierowc\u00f3w autobus\u00f3w w Angel Shores i&nbsp;Seaside Valley!<br \/>\nChcecie ulepszy\u0107 swoj\u0105 flot\u0119 autobus\u00f3w \u2013 najlepiej o&nbsp;zupe\u0142nie nowe autobusy?<br \/>\nW takim razie to idealne rozszerzenie dla was!<br \/>\nBus Simulator 21 &#8211; Bus Pack zawiera trzy nowe licencjonowane autobusy od renomowanego producenta IVECO BUS!<br \/>\nSk\u0142ad pakietu:<br \/>\nIVECO BUS Crealis<br \/>\n60-metrowy e-przegubowy autobus z&nbsp;3 osiami i&nbsp;4 drzwi.<br \/>\nIVECO BUS Crossway LE<br \/>\n13-metrowy autobus podmiejski z&nbsp;2 osiami i&nbsp;3 drzwiami.<br \/>\nIVECO BUS Eway od HEULIEZ<br \/>\n13-metrowy autobus elektryczny z&nbsp;2 osiami i&nbsp;3 drzwiami.<br \/>\n3 r\u00f3\u017cne wn\u0119trza<br \/>\nTen pakiet autobusowy zawiera trzy autentyczne projekty wn\u0119trz ze specjalnie opracowanymi wzorami kolor\u00f3w siedze\u0144 i&nbsp;atrakcyjnymi teksturami pod\u0142\u00f3g. Wypr\u00f3bujcie je (dost\u0119pne r\u00f3wnie\u017c w innych autobusach) i&nbsp;zosta\u0144cie kolejnymi tw\u00f3rcami trend\u00f3w w transporcie!<\/p>\n<p><\/p>","protected":false},"excerpt":{"rendered":"<p>Do wszystkich kierowc\u00f3w autobus\u00f3w w Angel Shores i&nbsp;Seaside Valley! Chcecie ulepszy\u0107 swoj\u0105 flot\u0119 autobus\u00f3w \u2013 najlepiej o&nbsp;zupe\u0142nie nowe autobusy? W takim razie to idealne rozszerzenie dla was! Bus Simulator 21 &#8211; Bus Pack zawiera trzy nowe licencjonowane autobusy od renomowanego producenta IVECO BUS! Sk\u0142ad pakietu: IVECO BUS Crealis 60-metrowy e-przegubowy autobus z&nbsp;3 osiami i&nbsp;4 drzwi. [&hellip;]<\/p>\n","protected":false},"featured_media":676002,"comment_status":"closed","ping_status":"closed","template":"","meta":{"ub_ctt_via":""},"product_cat":[78],"product_tag":[218,271],"class_list":["post-675041","product","type-product","status-publish","has-post-thumbnail","hentry","product_cat-simulation","product_tag-games","product_tag-weekly-sale","platform-steam-works"],"_links":{"self":[{"href":"https:\/\/neuvee.com\/pl\/wp-json\/wp\/v2\/product\/675041","targetHints":{"allow":["GET"]}}],"collection":[{"href":"https:\/\/neuvee.com\/pl\/wp-json\/wp\/v2\/product"}],"about":[{"href":"https:\/\/neuvee.com\/pl\/wp-json\/wp\/v2\/types\/product"}],"replies":[{"embeddable":true,"href":"https:\/\/neuvee.com\/pl\/wp-json\/wp\/v2\/comments?post=675041"}],"wp:featuredmedia":[{"embeddable":true,"href":"https:\/\/neuvee.com\/pl\/wp-json\/wp\/v2\/media\/676002"}],"wp:attachment":[{"href":"https:\/\/neuvee.com\/pl\/wp-json\/wp\/v2\/media?parent=675041"}],"wp:term":[{"taxonomy":"product_cat","embeddable":true,"href":"https:\/\/neuvee.com\/pl\/wp-json\/wp\/v2\/product_cat?post=675041"},{"taxonomy":"product_tag","embeddable":true,"href":"https:\/\/neuvee.com\/pl\/wp-json\/wp\/v2\/product_tag?post=675041"}],"curies":[{"name":"wp","href":"https:\/\/api.w.org\/{rel}","templated":true}]}}