{"id":675040,"date":"2023-09-16T14:29:28","date_gmt":"2023-09-16T14:29:28","guid":{"rendered":"https:\/\/neuvee.com\/?post_type=product&#038;p=675040"},"modified":"2025-05-19T14:02:04","modified_gmt":"2025-05-19T14:02:04","slug":"bus-simulator-21-man-bus-pack","status":"publish","type":"product","link":"https:\/\/neuvee.com\/pl\/product\/bus-simulator-21-man-bus-pack\/","title":{"rendered":"BUS SIMULATOR 21 &#8211; MAN BUS PACK"},"content":{"rendered":"<p>Do wszystkich kierowc\u00f3w autobus\u00f3w w Angel Shores i&nbsp;Seaside Valley!<br \/>\nChcecie ulepszy\u0107 swoj\u0105 flot\u0119 dzi\u0119ki zawarto\u015bci \u201eBus Simulator 21 \u2013 Extended Edition\u201d i&nbsp;otrzyma\u0107 najnowszy typ autobusu MAN Lion\u2019s City 12 z&nbsp;trzema atrakcyjnymi rodzajami wn\u0119trza? A wi\u0119c&nbsp;to jest idealny pakiet dodatkowy w\u0142a\u015bnie dla was!<br \/>\nUlepsz swoj\u0105 gr\u0119 Bus Simulator 21 do wersji Extended Edition i&nbsp;otrzymaj poni\u017csz\u0105 zawarto\u015b\u0107: <\/p>\n<p>&#8211; 1. MAN Lion\u2019s City 12<br \/>\nNowy model MAN Lion\u2019s City zaprojektowano we wsp\u00f3\u0142pracy z&nbsp;klientami MAN. Wygl\u0105da szczeg\u00f3lnie atrakcyjnie dzi\u0119ki ulepszeniom projektu wewn\u0119trznego i&nbsp;zewn\u0119trznego. Ten nowy autobus miejski nie tylko wygl\u0105da futurystycznie \u2013 stanie si\u0119 g\u0142\u00f3wn\u0105 atrakcj\u0105 twojej floty!<br \/>\nCiesz si\u0119 tym nowoczesnym, 12-metrowym klasycznym autobusem z&nbsp;2 osiami, 3 parami drzwi i&nbsp;37 siedzeniami. <\/p>\n<p>&#8211; 2. 3 rodzaje wn\u0119trza<br \/>\nAutobus MAN Lion\u2019s City 12 posiada trzy autentyczne projekty wn\u0119trza ze specjalnie przygotowanymi wzorami kolor\u00f3w siedze\u0144 i&nbsp;atrakcyjnych faktur pod\u0142ogi. \u015amia\u0142o, wypr\u00f3buj je (tak\u017ce w innych autobusach) i&nbsp;wyznacz nowe trendy w komunikacji!<\/p>\n<p><\/p>","protected":false},"excerpt":{"rendered":"<p>Do wszystkich kierowc\u00f3w autobus\u00f3w w Angel Shores i&nbsp;Seaside Valley! Chcecie ulepszy\u0107 swoj\u0105 flot\u0119 dzi\u0119ki zawarto\u015bci \u201eBus Simulator 21 \u2013 Extended Edition\u201d i&nbsp;otrzyma\u0107 najnowszy typ autobusu MAN Lion\u2019s City 12 z&nbsp;trzema atrakcyjnymi rodzajami wn\u0119trza? A wi\u0119c&nbsp;to jest idealny pakiet dodatkowy w\u0142a\u015bnie dla was! Ulepsz swoj\u0105 gr\u0119 Bus Simulator 21 do wersji Extended Edition i&nbsp;otrzymaj poni\u017csz\u0105 zawarto\u015b\u0107: [&hellip;]<\/p>\n","protected":false},"featured_media":675229,"comment_status":"closed","ping_status":"closed","template":"","meta":{"ub_ctt_via":""},"product_cat":[78],"product_tag":[218,271],"class_list":["post-675040","product","type-product","status-publish","has-post-thumbnail","hentry","product_cat-simulation","product_tag-games","product_tag-weekly-sale","platform-steam-works"],"_links":{"self":[{"href":"https:\/\/neuvee.com\/pl\/wp-json\/wp\/v2\/product\/675040","targetHints":{"allow":["GET"]}}],"collection":[{"href":"https:\/\/neuvee.com\/pl\/wp-json\/wp\/v2\/product"}],"about":[{"href":"https:\/\/neuvee.com\/pl\/wp-json\/wp\/v2\/types\/product"}],"replies":[{"embeddable":true,"href":"https:\/\/neuvee.com\/pl\/wp-json\/wp\/v2\/comments?post=675040"}],"wp:featuredmedia":[{"embeddable":true,"href":"https:\/\/neuvee.com\/pl\/wp-json\/wp\/v2\/media\/675229"}],"wp:attachment":[{"href":"https:\/\/neuvee.com\/pl\/wp-json\/wp\/v2\/media?parent=675040"}],"wp:term":[{"taxonomy":"product_cat","embeddable":true,"href":"https:\/\/neuvee.com\/pl\/wp-json\/wp\/v2\/product_cat?post=675040"},{"taxonomy":"product_tag","embeddable":true,"href":"https:\/\/neuvee.com\/pl\/wp-json\/wp\/v2\/product_tag?post=675040"}],"curies":[{"name":"wp","href":"https:\/\/api.w.org\/{rel}","templated":true}]}}