{"id":675039,"date":"2023-09-16T14:29:12","date_gmt":"2023-09-16T14:29:12","guid":{"rendered":"https:\/\/neuvee.com\/?post_type=product&#038;p=675039"},"modified":"2025-05-19T14:33:23","modified_gmt":"2025-05-19T14:33:23","slug":"bus-simulator-21-protect-nature-interior-pack","status":"publish","type":"product","link":"https:\/\/neuvee.com\/pl\/product\/bus-simulator-21-protect-nature-interior-pack\/","title":{"rendered":"BUS SIMULATOR 21 &#8211; PROTECT NATURE INTERIOR PACK"},"content":{"rendered":"<p>Zapytani, co dodaje pikanterii ich \u017cyciu, przechodnie, kierowcy i&nbsp;pasa\u017cerowie z&nbsp;regu\u0142y odpowiadaj\u0105 zgodnie: r\u00f3\u017cnorodno\u015b\u0107!<br \/>\nDzi\u0119ki tematycznemu pakietowi rodzaj\u00f3w wn\u0119trz \u201eProtect Nature\u201d, kt\u00f3ry zawiera cztery nowe, specjalnie zaprojektowane wzory kolor\u00f3w siedze\u0144 i&nbsp;atrakcyjne projekty pod\u0142\u00f3g, ka\u017cdy wirtualny kierowca mo\u017ce zamanifestowa\u0107 sw\u0105 ch\u0119\u0107 ochrony przyrody.<br \/>\nSpersonalizuj sw\u00f3j autobus tak, jak tylko chcesz. Ciesz si\u0119 swobod\u0105 wyboru i&nbsp;wypr\u00f3buj co\u015b nowego.<br \/>\nCzas rozpocz\u0105\u0107 kolejn\u0105 zmian\u0119! Na co czekasz? Wsiadaj, rozsi\u0105d\u017a si\u0119 i&nbsp;ciesz si\u0119 nowiutkim wn\u0119trzem swoich autobus\u00f3w!<\/p>\n<p><\/p>","protected":false},"excerpt":{"rendered":"<p>Zapytani, co dodaje pikanterii ich \u017cyciu, przechodnie, kierowcy i&nbsp;pasa\u017cerowie z&nbsp;regu\u0142y odpowiadaj\u0105 zgodnie: r\u00f3\u017cnorodno\u015b\u0107! Dzi\u0119ki tematycznemu pakietowi rodzaj\u00f3w wn\u0119trz \u201eProtect Nature\u201d, kt\u00f3ry zawiera cztery nowe, specjalnie zaprojektowane wzory kolor\u00f3w siedze\u0144 i&nbsp;atrakcyjne projekty pod\u0142\u00f3g, ka\u017cdy wirtualny kierowca mo\u017ce zamanifestowa\u0107 sw\u0105 ch\u0119\u0107 ochrony przyrody. Spersonalizuj sw\u00f3j autobus tak, jak tylko chcesz. Ciesz si\u0119 swobod\u0105 wyboru i&nbsp;wypr\u00f3buj co\u015b nowego. [&hellip;]<\/p>\n","protected":false},"featured_media":675256,"comment_status":"closed","ping_status":"closed","template":"","meta":{"ub_ctt_via":""},"product_cat":[78],"product_tag":[218,271],"class_list":["post-675039","product","type-product","status-publish","has-post-thumbnail","hentry","product_cat-simulation","product_tag-games","product_tag-weekly-sale","platform-steam-works"],"_links":{"self":[{"href":"https:\/\/neuvee.com\/pl\/wp-json\/wp\/v2\/product\/675039","targetHints":{"allow":["GET"]}}],"collection":[{"href":"https:\/\/neuvee.com\/pl\/wp-json\/wp\/v2\/product"}],"about":[{"href":"https:\/\/neuvee.com\/pl\/wp-json\/wp\/v2\/types\/product"}],"replies":[{"embeddable":true,"href":"https:\/\/neuvee.com\/pl\/wp-json\/wp\/v2\/comments?post=675039"}],"wp:featuredmedia":[{"embeddable":true,"href":"https:\/\/neuvee.com\/pl\/wp-json\/wp\/v2\/media\/675256"}],"wp:attachment":[{"href":"https:\/\/neuvee.com\/pl\/wp-json\/wp\/v2\/media?parent=675039"}],"wp:term":[{"taxonomy":"product_cat","embeddable":true,"href":"https:\/\/neuvee.com\/pl\/wp-json\/wp\/v2\/product_cat?post=675039"},{"taxonomy":"product_tag","embeddable":true,"href":"https:\/\/neuvee.com\/pl\/wp-json\/wp\/v2\/product_tag?post=675039"}],"curies":[{"name":"wp","href":"https:\/\/api.w.org\/{rel}","templated":true}]}}