{"id":675038,"date":"2023-09-16T14:28:56","date_gmt":"2023-09-16T14:28:56","guid":{"rendered":"https:\/\/neuvee.com\/?post_type=product&#038;p=675038"},"modified":"2025-05-19T14:39:21","modified_gmt":"2025-05-19T14:39:21","slug":"bus-simulator-21-usa-skin-pack","status":"publish","type":"product","link":"https:\/\/neuvee.com\/pl\/product\/bus-simulator-21-usa-skin-pack\/","title":{"rendered":"BUS SIMULATOR 21 &#8211; USA SKIN PACK"},"content":{"rendered":"<p>Ta unikalna kolekcja 10 styl\u00f3w malowania lakieru otwiera drzwi do \u015bwiata niezliczonych mo\u017cliwo\u015bci wizualnych podczas jazdy ulicami Angel Shores i&nbsp;Seaside Valley.<br \/>\nNa li\u015bcie element\u00f3w pakietu \u201eUSA \u2013 Paint Jobs\u201d znajduj\u0105 si\u0119:<\/p>\n<p>&#8211; Wiejski kowboj<\/p>\n<p>&#8211; Kanion<\/p>\n<p>&#8211; Orze\u0142<\/p>\n<p>&#8211; Pasy i&nbsp;gwiazdy I<\/p>\n<p>&#8211; Pasy i&nbsp;gwiazdy II<\/p>\n<p>&#8211; Pasy i&nbsp;gwiazdy III<\/p>\n<p>&#8211; Miejskie style I<\/p>\n<p>&#8211; Miejskie style II<\/p>\n<p>&#8211; Rze\u017aba w stylu pop-art<\/p>\n<p>&#8211; USA \u2013 USA \u2013 USA<br \/>\nKa\u017cdy styl malowania lakieru jest w pe\u0142ni kompatybilny ze wszystkimi autobusami (w tym przegubowymi, pi\u0119trusami i&nbsp;elektrycznymi). Je\u015bli ozdobisz sw\u00f3j autobus tymi sk\u00f3rkami, mieszka\u0144cy pi\u0119knych miast Seaside Valley i&nbsp;Angel Shores natychmiast si\u0119 zorientuj\u0105, \u017ce uwielbiasz Stany Zjednoczone, bez wzgl\u0119du na obran\u0105 przez ciebie tras\u0119.<\/p>\n<p><\/p>","protected":false},"excerpt":{"rendered":"<p>Ta unikalna kolekcja 10 styl\u00f3w malowania lakieru otwiera drzwi do \u015bwiata niezliczonych mo\u017cliwo\u015bci wizualnych podczas jazdy ulicami Angel Shores i&nbsp;Seaside Valley. Na li\u015bcie element\u00f3w pakietu \u201eUSA \u2013 Paint Jobs\u201d znajduj\u0105 si\u0119: &#8211; Wiejski kowboj &#8211; Kanion &#8211; Orze\u0142 &#8211; Pasy i&nbsp;gwiazdy I &#8211; Pasy i&nbsp;gwiazdy II &#8211; Pasy i&nbsp;gwiazdy III &#8211; Miejskie style I &#8211; [&hellip;]<\/p>\n","protected":false},"featured_media":675709,"comment_status":"closed","ping_status":"closed","template":"","meta":{"ub_ctt_via":""},"product_cat":[78],"product_tag":[218,271],"class_list":["post-675038","product","type-product","status-publish","has-post-thumbnail","hentry","product_cat-simulation","product_tag-games","product_tag-weekly-sale","platform-steam-works"],"_links":{"self":[{"href":"https:\/\/neuvee.com\/pl\/wp-json\/wp\/v2\/product\/675038","targetHints":{"allow":["GET"]}}],"collection":[{"href":"https:\/\/neuvee.com\/pl\/wp-json\/wp\/v2\/product"}],"about":[{"href":"https:\/\/neuvee.com\/pl\/wp-json\/wp\/v2\/types\/product"}],"replies":[{"embeddable":true,"href":"https:\/\/neuvee.com\/pl\/wp-json\/wp\/v2\/comments?post=675038"}],"wp:featuredmedia":[{"embeddable":true,"href":"https:\/\/neuvee.com\/pl\/wp-json\/wp\/v2\/media\/675709"}],"wp:attachment":[{"href":"https:\/\/neuvee.com\/pl\/wp-json\/wp\/v2\/media?parent=675038"}],"wp:term":[{"taxonomy":"product_cat","embeddable":true,"href":"https:\/\/neuvee.com\/pl\/wp-json\/wp\/v2\/product_cat?post=675038"},{"taxonomy":"product_tag","embeddable":true,"href":"https:\/\/neuvee.com\/pl\/wp-json\/wp\/v2\/product_tag?post=675038"}],"curies":[{"name":"wp","href":"https:\/\/api.w.org\/{rel}","templated":true}]}}