{"id":675037,"date":"2023-09-16T14:28:38","date_gmt":"2023-09-16T14:28:38","guid":{"rendered":"https:\/\/neuvee.com\/?post_type=product&#038;p=675037"},"modified":"2025-05-19T14:40:38","modified_gmt":"2025-05-19T14:40:38","slug":"bus-simulator-21-vdl-bus-coach-pack","status":"publish","type":"product","link":"https:\/\/neuvee.com\/pl\/product\/bus-simulator-21-vdl-bus-coach-pack\/","title":{"rendered":"BUS SIMULATOR 21 &#8211; VDL BUS &#038; COACH PACK"},"content":{"rendered":"<p>Przygotuj si\u0119 na najnowsze rozszerzenie do Bus Simulator 21 i&nbsp;powi\u0119ksz swoj\u0105 flot\u0119 autobusow\u0105 o&nbsp;trzy nowe, fantastyczne autobusy!\u202f<br \/>\nTen pakiet autobus\u00f3w do Bus Simulator 21 trzy nowe autobusy na licencji renomowanego producenta VDL Bus &#038; Coach!\u202f <\/p>\n<p>Ulepsz swoj\u0105 flot\u0119 w Bus Simulator 21 i&nbsp;zdob\u0105d\u017a nast\u0119puj\u0105c\u0105 zawarto\u015b\u0107:<\/p>\n<p>Citea SLF-120 Electric<br \/>\n12-metrowy e-bus o&nbsp;pojemno\u015bci do 92 pasa\u017cer\u00f3w. Sk\u0142ada si\u0119 z&nbsp;2 osi i&nbsp;3 drzwi.\u202f <\/p>\n<p>Citea SLFA-181 Electric, BRT design<br \/>\nE-przegubowy 18-metrowy autobus o&nbsp;maksymalnej pojemno\u015bci 143 pasa\u017cer\u00f3w. Posiada 3 osie i&nbsp;4 drzwi.\u202f <\/p>\n<p>Citea SLFA-180 Electric<br \/>\n18-metrowy autobus przegubowy, kt\u00f3ry mo\u017ce pomie\u015bci\u0107 do 145 pasa\u017cer\u00f3w. Wyposa\u017cony jest w 3 osie i&nbsp;4 drzwi. <\/p>\n<p>5 wn\u0119trz <\/p>\n<p>Ten pakiet autobus\u00f3w zawiera pi\u0119\u0107 unikalnych projekt\u00f3w wn\u0119trz stworzonych specjalnie dla tego rozszerzenia. Dostosuj sw\u00f3j autobus do w\u0142asnych potrzeb za pomoc\u0105 tych pi\u0119ciu przyci\u0105gaj\u0105cych wzrok wzor\u00f3w siedze\u0144 i&nbsp;pasuj\u0105cych do nich motyw\u00f3w pod\u0142ogowych.\u202f Wszystkie pi\u0119\u0107 wzor\u00f3w wn\u0119trz jest kompatybilne z&nbsp;trzema nowymi autobusami VDL (oraz z&nbsp;innymi twoimi autobusami).\u202f\u202f <\/p>\n<p>Mieszaj i&nbsp;dopasowuj, aby stworzy\u0107 sw\u00f3j w\u0142asny autobus i&nbsp;nada\u0107 mu indywidualny charakter!<\/p>\n<p><\/p>","protected":false},"excerpt":{"rendered":"<p>Przygotuj si\u0119 na najnowsze rozszerzenie do Bus Simulator 21 i&nbsp;powi\u0119ksz swoj\u0105 flot\u0119 autobusow\u0105 o&nbsp;trzy nowe, fantastyczne autobusy!\u202f Ten pakiet autobus\u00f3w do Bus Simulator 21 trzy nowe autobusy na licencji renomowanego producenta VDL Bus &#038; Coach!\u202f Ulepsz swoj\u0105 flot\u0119 w Bus Simulator 21 i&nbsp;zdob\u0105d\u017a nast\u0119puj\u0105c\u0105 zawarto\u015b\u0107: Citea SLF-120 Electric 12-metrowy e-bus o&nbsp;pojemno\u015bci do 92 pasa\u017cer\u00f3w. Sk\u0142ada [&hellip;]<\/p>\n","protected":false},"featured_media":675208,"comment_status":"closed","ping_status":"closed","template":"","meta":{"ub_ctt_via":""},"product_cat":[78],"product_tag":[218,271],"class_list":["post-675037","product","type-product","status-publish","has-post-thumbnail","hentry","product_cat-simulation","product_tag-games","product_tag-weekly-sale","platform-steam-works"],"_links":{"self":[{"href":"https:\/\/neuvee.com\/pl\/wp-json\/wp\/v2\/product\/675037","targetHints":{"allow":["GET"]}}],"collection":[{"href":"https:\/\/neuvee.com\/pl\/wp-json\/wp\/v2\/product"}],"about":[{"href":"https:\/\/neuvee.com\/pl\/wp-json\/wp\/v2\/types\/product"}],"replies":[{"embeddable":true,"href":"https:\/\/neuvee.com\/pl\/wp-json\/wp\/v2\/comments?post=675037"}],"wp:featuredmedia":[{"embeddable":true,"href":"https:\/\/neuvee.com\/pl\/wp-json\/wp\/v2\/media\/675208"}],"wp:attachment":[{"href":"https:\/\/neuvee.com\/pl\/wp-json\/wp\/v2\/media?parent=675037"}],"wp:term":[{"taxonomy":"product_cat","embeddable":true,"href":"https:\/\/neuvee.com\/pl\/wp-json\/wp\/v2\/product_cat?post=675037"},{"taxonomy":"product_tag","embeddable":true,"href":"https:\/\/neuvee.com\/pl\/wp-json\/wp\/v2\/product_tag?post=675037"}],"curies":[{"name":"wp","href":"https:\/\/api.w.org\/{rel}","templated":true}]}}