{"id":675036,"date":"2023-09-16T14:28:21","date_gmt":"2023-09-16T14:28:21","guid":{"rendered":"https:\/\/neuvee.com\/?post_type=product&#038;p=675036"},"modified":"2025-05-19T14:39:55","modified_gmt":"2025-05-19T14:39:55","slug":"bus-simulator-21-next-stop","status":"publish","type":"product","link":"https:\/\/neuvee.com\/pl\/product\/bus-simulator-21-next-stop\/","title":{"rendered":"BUS SIMULATOR 21 NEXT STOP"},"content":{"rendered":"<p>Dotrzyj na sw\u00f3j przystanek: Bus Simulator 21 Next Stop jest ju\u017c dost\u0119pny! Dzi\u0119ki tej obszernej aktualizacji otrzymasz liczne ulepszenia gry oraz&nbsp;zupe\u0142nie nowy tryb gry.<\/p>\n<p>Tryb kariery \u0142\u0105czy w sobie tryb piaskownicy z&nbsp;systemem ekonomii z&nbsp;kampanii. Mo\u017cesz wybiera\u0107 spo\u015br\u00f3d wszystkich przystank\u00f3w i&nbsp;modeli autobus\u00f3w ju\u017c na pocz\u0105tku gry, zamiast odblokowywa\u0107 wszystko krok po kroku poprzez wykonywanie misji. <\/p>\n<p>Wraz z&nbsp;aktualizacj\u0105 Next Stop na Steamie pojawi si\u0119 darmowe DLC rozszerzaj\u0105ce oficjaln\u0105 map\u0119. Uzyskasz dost\u0119p do nowego obszaru na p\u00f3\u0142nocy mapy Ameryki P\u00f3\u0142nocnej \u201eAngel Shores\u201d. Pobierz darmowe DLC ju\u017c teraz i&nbsp;rozszerz swoj\u0105 rozgrywk\u0119!<\/p>\n<p>Du\u017ca aktualizacja wprowadza do gry zupe\u0142nie nowy tryb kariery<\/p>\n<p>Poprawki b\u0142\u0119d\u00f3w i&nbsp;ulepszenia gry dla p\u0142ynniejszej rozgrywki<\/p>\n<p>Next Stop nadchodzi z&nbsp;opcjonalnym, darmowym DLC rozszerzaj\u0105cym map\u0119, kt\u00f3re zawiera liczne, nowe zadania dla wszystkich posiadaczy podstawowej wersji gry \u2013 zdob\u0105d\u017a je ju\u017c teraz na Steamie!<\/p>\n<p><\/p>","protected":false},"excerpt":{"rendered":"<p>Dotrzyj na sw\u00f3j przystanek: Bus Simulator 21 Next Stop jest ju\u017c dost\u0119pny! Dzi\u0119ki tej obszernej aktualizacji otrzymasz liczne ulepszenia gry oraz&nbsp;zupe\u0142nie nowy tryb gry. Tryb kariery \u0142\u0105czy w sobie tryb piaskownicy z&nbsp;systemem ekonomii z&nbsp;kampanii. Mo\u017cesz wybiera\u0107 spo\u015br\u00f3d wszystkich przystank\u00f3w i&nbsp;modeli autobus\u00f3w ju\u017c na pocz\u0105tku gry, zamiast odblokowywa\u0107 wszystko krok po kroku poprzez wykonywanie misji. Wraz [&hellip;]<\/p>\n","protected":false},"featured_media":675490,"comment_status":"closed","ping_status":"closed","template":"","meta":{"ub_ctt_via":""},"product_cat":[78],"product_tag":[218,271],"class_list":["post-675036","product","type-product","status-publish","has-post-thumbnail","hentry","product_cat-simulation","product_tag-games","product_tag-weekly-sale","platform-steam-works"],"_links":{"self":[{"href":"https:\/\/neuvee.com\/pl\/wp-json\/wp\/v2\/product\/675036","targetHints":{"allow":["GET"]}}],"collection":[{"href":"https:\/\/neuvee.com\/pl\/wp-json\/wp\/v2\/product"}],"about":[{"href":"https:\/\/neuvee.com\/pl\/wp-json\/wp\/v2\/types\/product"}],"replies":[{"embeddable":true,"href":"https:\/\/neuvee.com\/pl\/wp-json\/wp\/v2\/comments?post=675036"}],"wp:featuredmedia":[{"embeddable":true,"href":"https:\/\/neuvee.com\/pl\/wp-json\/wp\/v2\/media\/675490"}],"wp:attachment":[{"href":"https:\/\/neuvee.com\/pl\/wp-json\/wp\/v2\/media?parent=675036"}],"wp:term":[{"taxonomy":"product_cat","embeddable":true,"href":"https:\/\/neuvee.com\/pl\/wp-json\/wp\/v2\/product_cat?post=675036"},{"taxonomy":"product_tag","embeddable":true,"href":"https:\/\/neuvee.com\/pl\/wp-json\/wp\/v2\/product_tag?post=675036"}],"curies":[{"name":"wp","href":"https:\/\/api.w.org\/{rel}","templated":true}]}}