{"id":674949,"date":"2023-09-16T14:19:37","date_gmt":"2023-09-16T14:19:37","guid":{"rendered":"https:\/\/neuvee.com\/?post_type=product&#038;p=674949"},"modified":"2025-05-19T14:26:54","modified_gmt":"2025-05-19T14:26:54","slug":"firefighting-simulator-the-squad","status":"publish","type":"product","link":"https:\/\/neuvee.com\/pl\/product\/firefighting-simulator-the-squad\/","title":{"rendered":"FIREFIGHTING SIMULATOR &#8211; THE SQUAD"},"content":{"rendered":"<p>Firefighting Simulator pozwala ci wcieli\u0107 si\u0119 w cz\u0142onka zespo\u0142u stra\u017cackiego jednego z&nbsp;du\u017cych miast Stan\u00f3w Zjednoczonych i&nbsp;do\u015bwiadczy\u0107, jak wygl\u0105da walka z&nbsp;ogniem z&nbsp;bliska. Odkryj ponad 30 r\u00f3\u017cnorodnych lokacji i&nbsp;wype\u0142niaj ekscytuj\u0105ce misji na terenie du\u017cego miasta rozci\u0105gaj\u0105cego si\u0119 na 60 kilometr\u00f3w kwadratowych inspirowanego Wschodnim Wybrze\u017cem P\u00f3\u0142nocnej Ameryki. Korzystaj z&nbsp;wiernie odwzorowanych woz\u00f3w stra\u017cackich Rosenbauer America, wygaszaj po\u017cary i&nbsp;ratuj obywateli z&nbsp;potrzasku \u2013 nawet z&nbsp;tr\u00f3jk\u0105 znajomych w kooperacyjnej grze wieloosobowej lub&nbsp;z&nbsp;pomoc\u0105 cz\u0142onk\u00f3w zespo\u0142u kierowanych przez SI w trybie dla jednego gracza.<\/p>\n<p>Dodatkowo do swojej dyspozycji b\u0119dziesz mie\u0107 prawdziwy sprz\u0119t stra\u017cacki, taki jak kaski, buty i&nbsp;model aparatu do oddychania od dobrze znanego p\u00f3\u0142nocnoameryka\u0144skiego producenta sprz\u0119tu stra\u017cackiego.<\/p>\n<p>Alarm ogniowy! Na co czekasz? Liczy si\u0119 ka\u017cda minuta! Zak\u0142adaj buty, odpalaj silnik wozu stra\u017cackiego, w\u0142\u0105czaj \u015bwiat\u0142a i&nbsp;syren\u0119 i&nbsp;jed\u017a najkr\u00f3tsz\u0105 drog\u0105 do celu, by walczy\u0107 z&nbsp;ogniem i&nbsp;ratowa\u0107 \u017cycie!<\/p>\n<p>Czy to w strefie przemys\u0142owej, przedmie\u015bciach, czy centrum \u2013 twoje miasto ci\u0119 potrzebuje!<\/p>\n<p>&#8211; Kooperacja w trybie wieloosobowym pozwala ci ratowa\u0107 \u017cycia i&nbsp;zwalcza\u0107 po\u017cary w dru\u017cynach do czterech graczy. W ramach zespo\u0142u mo\u017cesz przybra\u0107 dowoln\u0105 rol\u0119, kt\u00f3ra najbardziej ci odpowiada.<br \/>\n&#8211; W trybie dla pojedynczego gracza jako dow\u00f3dca wykwalifikowanej dru\u017cyny stra\u017cackiej do\u015bwiadczysz z&nbsp;bliska, jak wygl\u0105da walka z&nbsp;ogniem z&nbsp;jednym z&nbsp;du\u017cych miast Stan\u00f3w Zjednoczonych.<br \/>\n&#8211; Realistyczna symulacja ognia, w tym wody, dymu, ciep\u0142a, wstecznego ci\u0105gu p\u0142omieni, rozgorzenia, pal\u0105cego si\u0119 t\u0142uszczu i&nbsp;szerokiego zakresu r\u00f3\u017cnorodnych przyczyn po\u017caru, takich jak elektronika, chemikalia czy eksplozje.<br \/>\n&#8211; Rozbudowany system fizyki w realistyczny spos\u00f3b odwzorowuje zniszczenie powodowane przez dynamiczne rozprzestrzenianie si\u0119 ognia.<br \/>\n&#8211; Prowad\u017a pi\u0119\u0107 licencjonowanych woz\u00f3w stra\u017cackich Rosenbauer America, takich jak TP3\u00ae Pumper czy T-Rex\u00ae z&nbsp;hydrauliczn\u0105 platform\u0105 przez du\u017ce miasto w Stanach Zjednoczonych \u2013 r\u00f3wnie\u017c z&nbsp;wykorzystaniem widoku z&nbsp;kokpitu.<br \/>\n&#8211; U\u017cywaj autentycznego wyposa\u017cenia od znanych marek ze stra\u017cackiej bran\u017cy w Stanach Zjednoczonych, w tym Cairns\u00ae, MSA G1\u00ae SCBA, i&nbsp;HAIX\u00ae..<br \/>\n&#8211; \u015awietna regrywalno\u015b\u0107 dzi\u0119ki 30 r\u00f3\u017cnym miejscom misji, z&nbsp;kt\u00f3rych ka\u017cda oferuje kilka sposob\u00f3w na okie\u0142znanie po\u017caru, zar\u00f3wno za dnia jak i&nbsp;w nocy.<br \/>\n&#8211; Obszerny samouczek, komunikaty radiowe i&nbsp;g\u0142osy postaci dost\u0119pne w j\u0119zyku angielskim wraz z&nbsp;napisami dla kilku innych j\u0119zyk\u00f3w oraz&nbsp;wiernie odtworzone d\u017awi\u0119ki silnik\u00f3w, by atmosfera by\u0142a jeszcze g\u0119stsza.<br \/>\n&#8211; Szczeg\u00f3\u0142owe du\u017ce miasto Stan\u00f3w Zjednoczonych o&nbsp;powierzchni 60 kilometr\u00f3w kwadratowych z&nbsp;r\u00f3\u017cnymi dzielnicami, takimi jak strefa przemys\u0142owa, przedmie\u015bcia i&nbsp;centrum.<br \/>\n&#8211; Wspiera standardowe kierownicy i&nbsp;kontrolery<br \/>\n&#8211; Obszerny samouczek przeprowadzi ci\u0119 przez podstawy walki z&nbsp;ogniem.<\/p>","protected":false},"excerpt":{"rendered":"<p>Firefighting Simulator pozwala ci wcieli\u0107 si\u0119 w cz\u0142onka zespo\u0142u stra\u017cackiego jednego z&nbsp;du\u017cych miast Stan\u00f3w Zjednoczonych i&nbsp;do\u015bwiadczy\u0107, jak wygl\u0105da walka z&nbsp;ogniem z&nbsp;bliska. Odkryj ponad 30 r\u00f3\u017cnorodnych lokacji i&nbsp;wype\u0142niaj ekscytuj\u0105ce misji na terenie du\u017cego miasta rozci\u0105gaj\u0105cego si\u0119 na 60 kilometr\u00f3w kwadratowych inspirowanego Wschodnim Wybrze\u017cem P\u00f3\u0142nocnej Ameryki. Korzystaj z&nbsp;wiernie odwzorowanych woz\u00f3w stra\u017cackich Rosenbauer America, wygaszaj po\u017cary i&nbsp;ratuj obywateli [&hellip;]<\/p>\n","protected":false},"featured_media":676028,"comment_status":"closed","ping_status":"closed","template":"","meta":{"ub_ctt_via":""},"product_cat":[88,78],"product_tag":[218,271],"class_list":["post-674949","product","type-product","status-publish","has-post-thumbnail","hentry","product_cat-action","product_cat-simulation","product_tag-games","product_tag-weekly-sale","platform-steam-works"],"_links":{"self":[{"href":"https:\/\/neuvee.com\/pl\/wp-json\/wp\/v2\/product\/674949","targetHints":{"allow":["GET"]}}],"collection":[{"href":"https:\/\/neuvee.com\/pl\/wp-json\/wp\/v2\/product"}],"about":[{"href":"https:\/\/neuvee.com\/pl\/wp-json\/wp\/v2\/types\/product"}],"replies":[{"embeddable":true,"href":"https:\/\/neuvee.com\/pl\/wp-json\/wp\/v2\/comments?post=674949"}],"wp:featuredmedia":[{"embeddable":true,"href":"https:\/\/neuvee.com\/pl\/wp-json\/wp\/v2\/media\/676028"}],"wp:attachment":[{"href":"https:\/\/neuvee.com\/pl\/wp-json\/wp\/v2\/media?parent=674949"}],"wp:term":[{"taxonomy":"product_cat","embeddable":true,"href":"https:\/\/neuvee.com\/pl\/wp-json\/wp\/v2\/product_cat?post=674949"},{"taxonomy":"product_tag","embeddable":true,"href":"https:\/\/neuvee.com\/pl\/wp-json\/wp\/v2\/product_tag?post=674949"}],"curies":[{"name":"wp","href":"https:\/\/api.w.org\/{rel}","templated":true}]}}