{"id":674358,"date":"2023-09-14T09:38:07","date_gmt":"2023-09-14T09:38:07","guid":{"rendered":"https:\/\/neuvee.com\/?post_type=product&#038;p=674358"},"modified":"2025-05-19T14:00:54","modified_gmt":"2025-05-19T14:00:54","slug":"farming-simulator-22-premium-expansion-steam-pre-order","status":"publish","type":"product","link":"https:\/\/neuvee.com\/pl\/product\/farming-simulator-22-premium-expansion-steam-pre-order\/","title":{"rendered":"FARMING SIMULATOR 22 &#8211; PREMIUM EXPANSION (STEAM) &#8211; PRE ORDER"},"content":{"rendered":"<p>Prosto z&nbsp;pola: warzywa, mapa, marki i&nbsp;maszyny<\/p>\n<p>Od\u015bwie\u017c swoj\u0105 rozgrywk\u0119 w Farming Simulator 22 za pomoc\u0105 dodatku Premium Expansion i&nbsp;hoduj nowe warzywa na nowej mapie! U\u017cywaj wyspecjalizowanych maszyn do zasiewu, zbior\u00f3w i&nbsp;transportu. Poznaj nowe marki, nowe \u0142a\u0144cuchy produkcji i&nbsp;nie tylko.<\/p>\n<p>Nowa mapa: Zielonka wita!<\/p>\n<p>Nasze nowe \u015brodowisko rolnicze jest zainspirowane Europ\u0105 \u015arodkow\u0105 i&nbsp;przypomina zr\u00f3\u017cnicowane krajobrazy kraj\u00f3w tego regionu. Zielone pola pe\u0142ne \u017cyznej gleby pomi\u0119dzy stawami i&nbsp;rzekami doskonale nadaj\u0105 si\u0119 pod bogate plony i&nbsp;wielkie przedsi\u0119wzi\u0119cia.<\/p>\n<p>Nowe plony: powr\u00f3t do korzeni<\/p>\n<p>Lista upraw poszerza si\u0119 o&nbsp;marchew, pasternak i&nbsp;buraka czerwonego. Te po\u017cywne ro\u015bliny okopowe rosn\u0105 w rz\u0105dkach i&nbsp;wymagaj\u0105 specjalnego sprz\u0119tu \u2013 na przyk\u0142ad samobie\u017cnego kombajnu unosz\u0105cego ZKIV firmy Dewulf. Nowe \u0142a\u0144cuchy produkcji umo\u017cliwiaj\u0105 produkcj\u0119 smakowitych zup i&nbsp;\u017cywno\u015bci w puszkach z&nbsp;zebranych warzyw. Mo\u017cesz teraz r\u00f3wnie\u017c wytwarza\u0107 czipsy ziemniaczane!<\/p>\n<p>Ponad 35 nowych pojazd\u00f3w i&nbsp;narz\u0119dzi<\/p>\n<p>Wierne cyfrowe wersje ponad 35 autentycznych pojazd\u00f3w i&nbsp;urz\u0105dze\u0144 w dodatku Premium Expansion oferuj\u0105 wi\u0119cej szczeg\u00f3\u0142\u00f3w ni\u017c kiedykolwiek. W serii pojawiaj\u0105 si\u0119 po raz pierwszy marki Dewulf, Gorenc, Agrio oraz&nbsp;WIFO. Do gara\u017cu trafiaj\u0105 tak\u017ce BEDNAR, Fiat, GRIMME, Kverneland, SaMASZ i&nbsp;inne.<\/p>\n<p>Przygotuj powierzchni\u0119 uprawn\u0105 do uprawy warzyw i&nbsp;stw\u00f3rz pojemne \u015bcie\u017cki za pomoc\u0105 GRIMME GF 400 i&nbsp;GF 800, sad\u017a za pomoc\u0105 serii Kverneland Miniair Nova i&nbsp;zbieraj plony samobie\u017cnymi i&nbsp;ci\u0105gni\u0119tymi kombajnami Dewulf, transportuj\u0105c je sprz\u0119tem WIFO. Naucz si\u0119 wydajnie wykorzystywa\u0107 te maszyny i&nbsp;narz\u0119dzia znanych marek!<\/p>\n<p><\/p>","protected":false},"excerpt":{"rendered":"<p>Prosto z&nbsp;pola: warzywa, mapa, marki i&nbsp;maszyny Od\u015bwie\u017c swoj\u0105 rozgrywk\u0119 w Farming Simulator 22 za pomoc\u0105 dodatku Premium Expansion i&nbsp;hoduj nowe warzywa na nowej mapie! U\u017cywaj wyspecjalizowanych maszyn do zasiewu, zbior\u00f3w i&nbsp;transportu. Poznaj nowe marki, nowe \u0142a\u0144cuchy produkcji i&nbsp;nie tylko. Nowa mapa: Zielonka wita! Nasze nowe \u015brodowisko rolnicze jest zainspirowane Europ\u0105 \u015arodkow\u0105 i&nbsp;przypomina zr\u00f3\u017cnicowane krajobrazy kraj\u00f3w [&hellip;]<\/p>\n","protected":false},"featured_media":674790,"comment_status":"closed","ping_status":"closed","template":"","meta":{"ub_ctt_via":""},"product_cat":[78],"product_tag":[218],"class_list":["post-674358","product","type-product","status-publish","has-post-thumbnail","hentry","product_cat-simulation","product_tag-games","platform-steam-works"],"_links":{"self":[{"href":"https:\/\/neuvee.com\/pl\/wp-json\/wp\/v2\/product\/674358","targetHints":{"allow":["GET"]}}],"collection":[{"href":"https:\/\/neuvee.com\/pl\/wp-json\/wp\/v2\/product"}],"about":[{"href":"https:\/\/neuvee.com\/pl\/wp-json\/wp\/v2\/types\/product"}],"replies":[{"embeddable":true,"href":"https:\/\/neuvee.com\/pl\/wp-json\/wp\/v2\/comments?post=674358"}],"wp:featuredmedia":[{"embeddable":true,"href":"https:\/\/neuvee.com\/pl\/wp-json\/wp\/v2\/media\/674790"}],"wp:attachment":[{"href":"https:\/\/neuvee.com\/pl\/wp-json\/wp\/v2\/media?parent=674358"}],"wp:term":[{"taxonomy":"product_cat","embeddable":true,"href":"https:\/\/neuvee.com\/pl\/wp-json\/wp\/v2\/product_cat?post=674358"},{"taxonomy":"product_tag","embeddable":true,"href":"https:\/\/neuvee.com\/pl\/wp-json\/wp\/v2\/product_tag?post=674358"}],"curies":[{"name":"wp","href":"https:\/\/api.w.org\/{rel}","templated":true}]}}