{"id":674348,"date":"2023-09-14T09:21:43","date_gmt":"2023-09-14T09:21:43","guid":{"rendered":"https:\/\/neuvee.com\/?post_type=product&#038;p=674348"},"modified":"2025-05-19T14:41:12","modified_gmt":"2025-05-19T14:41:12","slug":"warhammer-40000-inquisitor-prophecy","status":"publish","type":"product","link":"https:\/\/neuvee.com\/pl\/product\/warhammer-40000-inquisitor-prophecy\/","title":{"rendered":"WARHAMMER 40,000: INQUISITOR &#8211; PROPHECY"},"content":{"rendered":"<p>UWAGA: Produkt nie wymaga posiadania gry Warhammer 40,000: Inquisitor &#8211; Martyr.<br \/>\nUWAGA: gracze Warhammer 40,000: Inquisitor &#8211; Martyr: istniej\u0105ce postacie, ich przedmioty oraz&nbsp;post\u0119py zostaj\u0105 przeniesione do rozszerzenia i&nbsp;dostosowane do wersji 2.0 regu\u0142 i&nbsp;mechaniki. Posiadacze Warhammer 40,000: Inquisitor &#8211; Martyr oraz&nbsp;Warhammer 40,000: Inquisitor &#8211; Prophecy nie potrzebuj\u0105 oddzielnego klienta do uruchamiania gry i&nbsp;rozszerzenia.<\/p>\n<p>&#8211; WARHAMMER 40,000: INQUISITOR &#8211; PROPHECY<br \/>\nW najmroczniejszych zak\u0105tkach odleg\u0142ego sektora Caligari, poza granicami wyznaczonymi przez sk\u0142\u0119bione rozb\u0142yski Osnowy, le\u017cy rozleg\u0142y obszar skalany przez Bog\u00f3w Chaosu, kt\u00f3remu zagra\u017caj\u0105 gro\u017ani Xenosi. Na wymar\u0142ych \u015bwiatach \u015bmierci po dziesi\u0105tkach lat od kl\u0119ski kolosalnej Floty Roju odra\u017caj\u0105cy Tyranidzi powoli budz\u0105 si\u0119 ze stanu hibernacji, tymczasem Imperium Ludzko\u015bci musi stawi\u0107 czo\u0142a nowej fali niewyt\u0142umaczalnych atak\u00f3w wojownik\u00f3w Aeldari uciekaj\u0105cych z&nbsp;umieraj\u0105cego \u015awiatostatku. A gdyby tego by\u0142o ma\u0142o, \u017ceby zaalarmowa\u0107 \u015awi\u0119t\u0105 Inkwizycj\u0119, na pok\u0142adzie dawno zaginionego \u201eMartyra\u201d z&nbsp;Osnowy powraca kto\u015b dysponuj\u0105cy pot\u0119\u017cnymi niszczycielskimi zdolno\u015bciami. Kto\u015b, komu przeznaczone jest wype\u0142nienie przepowiedni, kt\u00f3ra mo\u017ce przes\u0105dzi\u0107 o&nbsp;losie ca\u0142ego sektora.<\/p>\n<p>&#8211; SAMODZIELNE ROZSZERZENIE<br \/>\nWarhammer 40,000: Inquisitor &#8211; Prophecy to samodzielne rozszerzenie mrocznej gry RPG akcji<br \/>\nWarhammer 40,000: Inquisitor &#8211; Martyr, kt\u00f3ra rozgrywa si\u0119 w 41. tysi\u0105cleciu w czasach, w kt\u00f3rych rz\u0105dzi przemoc, a&nbsp;galaktyka pogr\u0105\u017cona jest w nieustaj\u0105cej wojnie. Pozb\u0105d\u017a si\u0119 nieczystych z&nbsp;pomoc\u0105 najpot\u0119\u017cniejszych s\u0142ug Imperatora!<br \/>\nTeraz mo\u017cesz wykonywa\u0107 wol\u0119 Imperatora, wcielaj\u0105c si\u0119 w posta\u0107 Inkwizytora Tech Adeptusa, by\u0142ego akolity Adeptus Mechanicus, kt\u00f3ry postanowi\u0142 do\u0142\u0105czy\u0107 do \u015awi\u0119tego Ordo, aby sta\u0107 si\u0119 jednym z&nbsp;najpot\u0119\u017cniejszych wys\u0142annik\u00f3w Imperium. \u0141\u0105cz\u0105c u\u015bwi\u0119cone misteria technologii z&nbsp;bezwzgl\u0119dnymi dogmatami Inkwizycji, sta\u0142 si\u0119 si\u0142\u0105 nie do zatrzymania. Mo\u017cesz r\u00f3wnie\u017c kontynuowa\u0107 sag\u0119 Pariasa Alfa jedn\u0105 z&nbsp;trzech klas postaci wyst\u0119puj\u0105cych w grze Warhammer 40,000: Inquisitor &#8211; Martyr w pogr\u0105\u017caj\u0105cym si\u0119 powoli w wojnie i&nbsp;szale\u0144stwie sektorze Caligari.<\/p>\n<p>&#8211; CHARAKTERYSTYKA<\/p>\n<p>&#8211; Nowa klasa<br \/>\nZagraj jako Inkwizytor Tech Adeptus. W pokonywaniu wrog\u00f3w i&nbsp;prowadzeniu \u015bledztw postaci pomaga umiej\u0119tno\u015b\u0107 przywo\u0142ywania i&nbsp;wzmacniania jednostek w walce. Nowa klasa \u201eprzywo\u0142ywacza\u201d obejmuje nowe unikalne zdolno\u015bci oraz&nbsp;mechanizmy, a&nbsp;tak\u017ce oferuje oddzielne drzewo umiej\u0119tno\u015bci oraz&nbsp;szereg nowych rozwi\u0105za\u0144 w zakresie walki wr\u0119cz i&nbsp;na odleg\u0142o\u015b\u0107.<br \/>\nNowe i&nbsp;zmodyfikowane elementy rozgrywkiRozszerzenie Inquisitor &#8211; Prophecy zawiera kilka element\u00f3w obecnych w grze Inquisitor &#8211; Martyr. Nale\u017c\u0105 do nich m.in. misje w trybie kooperacji dla 2\u20134 graczy, mo\u017cliwo\u015b\u0107 niszczenia sk\u0142adnik\u00f3w otoczenia, wszystkie poprzednie wrogie rasy i&nbsp;jednostki, a&nbsp;tak\u017ce specyficzna brutalno\u015b\u0107 uniwersum Warhammer 40,000. Ponadto rozszerzenie Inquisitor \u2013 Prophecy, oparte na aktualizacji 2.0 Inquisitor &#8211; Martyr, obejmuje nowy limit poziom\u00f3w w por\u00f3wnaniu z&nbsp;podstawow\u0105 gr\u0105, przemodelowany system \u0142up\u00f3w i&nbsp;awansu, nowe zako\u0144czenie, tryb kampanii kooperacyjnej, nowe przedmioty, a&nbsp;tak\u017ce du\u017co szybsz\u0105 rozgrywk\u0119 ukierunkowan\u0105 na ARPG.<\/p>\n<p>&#8211; Nowa kampania<br \/>\nHistoria zapocz\u0105tkowana w Inquisitor \u2013 Martyr ma sw\u00f3j dalszy ci\u0105g w nowych, oddzielnych cz\u0119\u015bciach. Jedna z&nbsp;nich koncentruje si\u0119 na Inkwizytorze Tech Adeptusie badaj\u0105cym tajemnicz\u0105 spraw\u0119, kt\u00f3ra powoli ujawnia swoje oblicze.<br \/>\nNowe ustawienia<br \/>\nOdkrywaj \u015bwi\u0119te klasztory, niebezpieczne sanktuaria badawcze, srogie pustynie oraz&nbsp;bezlitosne \u015bwiaty sk\u0105pane w p\u0142ynnej lawie.<\/p>\n<p>&#8211; Nowe wrogie rasy<br \/>\nRozszerzenie Inquisitor \u2013 Prophecy wprowadza do gry Eldar\u00f3w (a w\u015br\u00f3d nich Wyj\u0105ce Banshee, czo\u0142gi Fire Prism, Paj\u0105ki Osnowy oraz&nbsp;Soko\u0142y Uderzeniowe), a&nbsp;tak\u017ce Tyranid\u00f3w (Carnifeksy, Zoantropy, Hormagaunty i&nbsp;\u0141upie\u017cc\u00f3w). Opr\u00f3cz nich pojawia si\u0119 tak\u017ce wielu innych przeciwnik\u00f3w.<\/p>\n<p><\/p>","protected":false},"excerpt":{"rendered":"<p>UWAGA: Produkt nie wymaga posiadania gry Warhammer 40,000: Inquisitor &#8211; Martyr. UWAGA: gracze Warhammer 40,000: Inquisitor &#8211; Martyr: istniej\u0105ce postacie, ich przedmioty oraz&nbsp;post\u0119py zostaj\u0105 przeniesione do rozszerzenia i&nbsp;dostosowane do wersji 2.0 regu\u0142 i&nbsp;mechaniki. Posiadacze Warhammer 40,000: Inquisitor &#8211; Martyr oraz&nbsp;Warhammer 40,000: Inquisitor &#8211; Prophecy nie potrzebuj\u0105 oddzielnego klienta do uruchamiania gry i&nbsp;rozszerzenia. &#8211; WARHAMMER 40,000: [&hellip;]<\/p>\n","protected":false},"featured_media":674547,"comment_status":"closed","ping_status":"closed","template":"","meta":{"ub_ctt_via":""},"product_cat":[88,127,221,89],"product_tag":[218,281],"class_list":["post-674348","product","type-product","status-publish","has-post-thumbnail","hentry","product_cat-action","product_cat-adventure","product_cat-indie","product_cat-rpg","product_tag-games","product_tag-neocore-games","platform-steam-works"],"_links":{"self":[{"href":"https:\/\/neuvee.com\/pl\/wp-json\/wp\/v2\/product\/674348","targetHints":{"allow":["GET"]}}],"collection":[{"href":"https:\/\/neuvee.com\/pl\/wp-json\/wp\/v2\/product"}],"about":[{"href":"https:\/\/neuvee.com\/pl\/wp-json\/wp\/v2\/types\/product"}],"replies":[{"embeddable":true,"href":"https:\/\/neuvee.com\/pl\/wp-json\/wp\/v2\/comments?post=674348"}],"wp:featuredmedia":[{"embeddable":true,"href":"https:\/\/neuvee.com\/pl\/wp-json\/wp\/v2\/media\/674547"}],"wp:attachment":[{"href":"https:\/\/neuvee.com\/pl\/wp-json\/wp\/v2\/media?parent=674348"}],"wp:term":[{"taxonomy":"product_cat","embeddable":true,"href":"https:\/\/neuvee.com\/pl\/wp-json\/wp\/v2\/product_cat?post=674348"},{"taxonomy":"product_tag","embeddable":true,"href":"https:\/\/neuvee.com\/pl\/wp-json\/wp\/v2\/product_tag?post=674348"}],"curies":[{"name":"wp","href":"https:\/\/api.w.org\/{rel}","templated":true}]}}