{"id":674346,"date":"2023-09-14T09:19:47","date_gmt":"2023-09-14T09:19:47","guid":{"rendered":"https:\/\/neuvee.com\/?post_type=product&#038;p=674346"},"modified":"2025-05-19T14:25:43","modified_gmt":"2025-05-19T14:25:43","slug":"warhammer-40000-inquisitor-martyr-sororitas-class","status":"publish","type":"product","link":"https:\/\/neuvee.com\/pl\/product\/warhammer-40000-inquisitor-martyr-sororitas-class\/","title":{"rendered":"WARHAMMER 40,000: INQUISITOR &#8211; MARTYR &#8211; SORORITAS CLASS"},"content":{"rendered":"<p>W tym DLC dodajemy do Warhammer 40,000: Inquisitor \u2013 Martyr now\u0105 grywaln\u0105 klas\u0119: inkwizytork\u0119 pochodz\u0105c\u0105 z&nbsp;Adepta Sororitas.<br \/>\nSororitas, znane te\u017c jako Walcz\u0105ce Siostry, s\u0105 oddanymi wyznawczyniami Imperatora oraz&nbsp;bastionem broni\u0105cym Imperium przed wypaczeniem i&nbsp;herezj\u0105. Unicestwiaj\u0105 heretyk\u00f3w r\u00f3\u017cnorodn\u0105 broni\u0105: od miotaczy p\u0142omieni po b\u0142ogos\u0142awione ostrza, m\u0142oty i&nbsp;halabardy energetyczne. Powiada si\u0119 jednak, \u017ce ich wiara jest pot\u0119\u017cniejsza ni\u017c jakakolwiek stal. Dzi\u0119ki swojej \u017carliwo\u015bci przyzywaj\u0105 niewyobra\u017calne moce, by dokonywa\u0107 \u015awi\u0119tych Czyn\u00f3w, kt\u00f3re ucisz\u0105 ostatnie tchnienia ka\u017cdego heretyka.<br \/>\nKlasa Sororitas wprowadza te\u017c nowe mechaniki i&nbsp;typy artefakt\u00f3w do Warhammer 40,000: Inquisitor.<br \/>\nWzmacniaj swoj\u0105 posta\u0107 r\u00f3\u017cnymi Aktami Wiary i&nbsp;unicestwiaj wrog\u00f3w.<br \/>\nDostosowuj sw\u00f3j styl gry dzi\u0119ki umiej\u0119tno\u015bciom pasywnym \u015awi\u0119tego Rytua\u0142u.<br \/>\nPrzemieniaj si\u0119 w Uciele\u015bnienie \u015awi\u0119to\u015bci, czyli&nbsp;\u017cyw\u0105 posta\u0107 woli Imperatora, i&nbsp;zdobywaj dost\u0119p do szerokiego zakresu wyj\u0105tkowych umiej\u0119tno\u015bci, kt\u00f3re budz\u0105 groz\u0119 w ca\u0142ym sektorze Caligari.<\/p>\n<p><\/p>","protected":false},"excerpt":{"rendered":"<p>W tym DLC dodajemy do Warhammer 40,000: Inquisitor \u2013 Martyr now\u0105 grywaln\u0105 klas\u0119: inkwizytork\u0119 pochodz\u0105c\u0105 z&nbsp;Adepta Sororitas. Sororitas, znane te\u017c jako Walcz\u0105ce Siostry, s\u0105 oddanymi wyznawczyniami Imperatora oraz&nbsp;bastionem broni\u0105cym Imperium przed wypaczeniem i&nbsp;herezj\u0105. Unicestwiaj\u0105 heretyk\u00f3w r\u00f3\u017cnorodn\u0105 broni\u0105: od miotaczy p\u0142omieni po b\u0142ogos\u0142awione ostrza, m\u0142oty i&nbsp;halabardy energetyczne. Powiada si\u0119 jednak, \u017ce ich wiara jest pot\u0119\u017cniejsza ni\u017c [&hellip;]<\/p>\n","protected":false},"featured_media":674678,"comment_status":"closed","ping_status":"closed","template":"","meta":{"ub_ctt_via":""},"product_cat":[88,127,221,89],"product_tag":[218,281],"class_list":["post-674346","product","type-product","status-publish","has-post-thumbnail","hentry","product_cat-action","product_cat-adventure","product_cat-indie","product_cat-rpg","product_tag-games","product_tag-neocore-games","platform-steam-works"],"_links":{"self":[{"href":"https:\/\/neuvee.com\/pl\/wp-json\/wp\/v2\/product\/674346","targetHints":{"allow":["GET"]}}],"collection":[{"href":"https:\/\/neuvee.com\/pl\/wp-json\/wp\/v2\/product"}],"about":[{"href":"https:\/\/neuvee.com\/pl\/wp-json\/wp\/v2\/types\/product"}],"replies":[{"embeddable":true,"href":"https:\/\/neuvee.com\/pl\/wp-json\/wp\/v2\/comments?post=674346"}],"wp:featuredmedia":[{"embeddable":true,"href":"https:\/\/neuvee.com\/pl\/wp-json\/wp\/v2\/media\/674678"}],"wp:attachment":[{"href":"https:\/\/neuvee.com\/pl\/wp-json\/wp\/v2\/media?parent=674346"}],"wp:term":[{"taxonomy":"product_cat","embeddable":true,"href":"https:\/\/neuvee.com\/pl\/wp-json\/wp\/v2\/product_cat?post=674346"},{"taxonomy":"product_tag","embeddable":true,"href":"https:\/\/neuvee.com\/pl\/wp-json\/wp\/v2\/product_tag?post=674346"}],"curies":[{"name":"wp","href":"https:\/\/api.w.org\/{rel}","templated":true}]}}