{"id":674344,"date":"2023-09-14T09:16:32","date_gmt":"2023-09-14T09:16:32","guid":{"rendered":"https:\/\/neuvee.com\/?post_type=product&#038;p=674344"},"modified":"2025-05-19T13:29:59","modified_gmt":"2025-05-19T13:29:59","slug":"warhammer-40000-inquisitor-martyr","status":"publish","type":"product","link":"https:\/\/neuvee.com\/pl\/product\/warhammer-40000-inquisitor-martyr\/","title":{"rendered":"WARHAMMER 40,000: INQUISITOR &#8211; MARTYR"},"content":{"rendered":"<p>- KAMPANIA JEDNEGO GRACZA<br \/>\nZ dala od przewodniego \u015bwiat\u0142a Boga-Imperatora, rozrywany przez odra\u017caj\u0105ce burze zniekszta\u0142caj\u0105ce rzeczywisto\u015b\u0107, Sektor Caligari powoli gnije od \u015brodka, ska\u017cony przez B\u00f3stwa Chaosu. Zr\u00f3b w nim porz\u0105dek z&nbsp;pomoc\u0105 najpot\u0119\u017cniejszych agent\u00f3w Ludzkiego Imperium!<br \/>\nWarhammer 40,000: Inkwizytor \u2013 Martyr to zatrwa\u017caj\u0105ca gra akcji-RPG osadzona w pe\u0142nym przemocy 41. millenium, kiedy to galaktyka znajduje si\u0119 w ci\u0105g\u0142ym stanie wojny. Sta\u0144 si\u0119 pot\u0119\u017cnym Inkwizytorem i&nbsp;wype\u0142nij wol\u0119 Imperatora. Wybierz jedn\u0105 z&nbsp;wielu klas i&nbsp;we\u017a udzia\u0142 w brutalnych potyczkach wojennych: wyrusz na r\u00f3\u017cnorodne misje i&nbsp;przejd\u017a kampani\u0119 jednego gracza rozgrywaj\u0105c\u0105 si\u0119 w nawiedzonej fortecy-klasztorze, kt\u00f3ra skrywa przera\u017caj\u0105cy sekret z&nbsp;przesz\u0142o\u015bci Inkwizycji.<\/p>\n<p>&#8211; NAST\u0118PNY KROK W EWOLUCJI GIER ARPG<br \/>\nPierwsza gra ARPG osadzona w mrocznej przysz\u0142o\u015bci 41. millenium wznosi gatunek na nowy poziom: to otwarty \u015bwiat gry typu sandbox z&nbsp;uniwersum oferuj\u0105cym ogromn\u0105 r\u00f3\u017cnorodno\u015b\u0107 misji, taktycznych i&nbsp;brutalnych potyczek wojennych na zniszczalnych mapach i&nbsp;fabu\u0142y wsp\u00f3\u0142tworzonej przez spo\u0142eczno\u015b\u0107 graczy. Wykorzystuj system os\u0142on dla przewagi taktycznej, pozbawiaj ko\u0144czyn i&nbsp;\u015bcinaj g\u0142owy w emocjonuj\u0105cych walkach z&nbsp;bosami i&nbsp;sta\u0144 si\u0119 Obro\u0144c\u0105 ka\u017cdego uk\u0142adu s\u0142onecznego dzi\u0119ki swoim chwalebnym czynom!<\/p>\n<p>&#8211; INKWIZYTORZY: SEKRETNI AGENCI I SPECJALI\u015aCI<br \/>\nWypracuj sw\u00f3j w\u0142asny styl gry r\u00f3\u017cnymi postaciami w ich klasach i&nbsp;specjalizacjach: wciel si\u0119 w Inkwizytora Krzy\u017cowca i&nbsp;staw op\u00f3r zbli\u017caj\u0105cym si\u0119 przeciwnikom, zaprezentuj swoj\u0105 finezj\u0119 i&nbsp;przebieg\u0142o\u015b\u0107 dzi\u0119ki Kultowi \u015amierci Zab\u00f3jczyni lub&nbsp;wykorzystaj nieopisan\u0105 poteg\u0119 Osnowy, walcz\u0105c Psionikiem. Dobierz jedn\u0105 z&nbsp;trzech specjalizacji dla ka\u017cdej klasy, aby stworzy\u0107 sw\u00f3j w\u0142asny styl gry.<\/p>\n<p>&#8211; PRZEMIERZAJ CA\u0141Y SEKTOR GALAKTYCZNY<br \/>\nOdkryj Gwiezdn\u0105 Map\u0119 ogromnego Sektora Caligari, podr\u00f3\u017cuj do poszczeg\u00f3lnych subsektor\u00f3w i&nbsp;odkrywaj niezliczon\u0105 ilo\u015b\u0107 uk\u0142ad\u00f3w s\u0142onecznych, odwiedzaj nowopojawiaj\u0105ce si\u0119 punkty: badaj planety z&nbsp;r\u00f3\u017cnymi uwarunkowaniami geograficznymi, przedrzyj si\u0119 do stacji pustki, opuszczonych fort\u00f3w gwiezdnych i&nbsp;innych lokalizacji Sektora!<\/p>\n<p>&#8211; WALCZ Z ZEPSUCIEM W DRU\u017bYNIE<br \/>\nMo\u017cesz gra\u0107 solo jako samotny Inkwizytor, ale mo\u017cesz te\u017c stworzy\u0107 zesp\u00f3\u0142 razem z&nbsp;przyjaci\u00f3\u0142mi! Odkrywaj gr\u0119 w trybie wsp\u00f3\u0142pracy z&nbsp;maksymalnie 4 cz\u0142onkami, niszczcie wr\u00f3g\u00f3w wsp\u00f3lnymi si\u0142ami, zdobywaj\u0105c wspania\u0142e nagrody i&nbsp;tw\u00f3rzcie Koterie, aby gromadzi\u0107 swoich sprzymierze\u0144c\u00f3w! Inkwizytorskie Koterie to grupy Inkwizytor\u00f3w pracuj\u0105cych razem. Koterie rozwijaj\u0105 si\u0119 tak samo jak postaci, a&nbsp;bycie jej cz\u0142onkiem zapewnia dost\u0119p do misji specjalnych. Inkwizycj\u0119 wyr\u00f3\u017cnia wiele r\u00f3\u017cnych od\u0142am\u00f3w, a&nbsp;te r\u00f3\u017cne zwyczaje, kt\u00f3re niekiedy doprowadzaj\u0105 do konflikt\u00f3w mi\u0119dzy Koteriami.<\/p>\n<p>&#8211; ULEPSZAJ SWOJE BRONIE, STWARZAJ MISJ\u0118 I ROZWIJAJ UMIEJ\u0118TNO\u015aCI<br \/>\nJe\u015bli szukasz konkretnego \u0142upu lub&nbsp;nagrody, u\u017cyj Tarota Uthera, aby ustali\u0107 warunki twojej nast\u0119pnej misji, zbieraj plany i&nbsp;wykorzystuj Produkcj\u0119, aby ulepsza\u0107 sw\u00f3j ekwipunek oraz&nbsp;u\u017cyj Inokulatora, aby dostosowa\u0107 swoje umiej\u0119tno\u015bci. Wybierz wyposa\u017cenie, kt\u00f3re da ci przewag\u0119 w kolejnej misji!<\/p>\n<p>&#8211; \u017bYWY, PR\u0118\u017bNY \u015aWIAT<br \/>\nWarhammer 40,000: Inkwizytor \u2013 Martyr to nieko\u0144cz\u0105ce si\u0119 doznanie. Dodatki i&nbsp;regularne aktualizacje wprowadzaj\u0105 nowe frakcje wrog\u00f3w, nowe ustawienia terenu, misje i&nbsp;ich typy, nowe \u015bledzwa oparte na fabule i&nbsp;nowe opcje rozgrywki. Kolejne sezony to du\u017ce, darmowe aktualizacje, kt\u00f3rych d\u0142ugie w\u0105tki umo\u017cliwi\u0105 graczom stworzenie sta\u0142ego \u015bwiata w Sektorze Caligari. Wydarzenia globalne i&nbsp;sezony zapewniaj\u0105 nowe wyzwania \u2013 to nieko\u0144cz\u0105ce si\u0119 odkrywanie nowych miejsc i&nbsp;przedmiot\u00f3w!<\/p>\n<p><\/p>","protected":false},"excerpt":{"rendered":"<p>&#8211; KAMPANIA JEDNEGO GRACZA Z dala od przewodniego \u015bwiat\u0142a Boga-Imperatora, rozrywany przez odra\u017caj\u0105ce burze zniekszta\u0142caj\u0105ce rzeczywisto\u015b\u0107, Sektor Caligari powoli gnije od \u015brodka, ska\u017cony przez B\u00f3stwa Chaosu. Zr\u00f3b w nim porz\u0105dek z&nbsp;pomoc\u0105 najpot\u0119\u017cniejszych agent\u00f3w Ludzkiego Imperium! Warhammer 40,000: Inkwizytor \u2013 Martyr to zatrwa\u017caj\u0105ca gra akcji-RPG osadzona w pe\u0142nym przemocy 41. millenium, kiedy to galaktyka znajduje si\u0119 [&hellip;]<\/p>\n","protected":false},"featured_media":674850,"comment_status":"closed","ping_status":"closed","template":"","meta":{"ub_ctt_via":""},"product_cat":[88,127,221,89],"product_tag":[218,281],"class_list":["post-674344","product","type-product","status-publish","has-post-thumbnail","hentry","product_cat-action","product_cat-adventure","product_cat-indie","product_cat-rpg","product_tag-games","product_tag-neocore-games","platform-steam-works"],"_links":{"self":[{"href":"https:\/\/neuvee.com\/pl\/wp-json\/wp\/v2\/product\/674344","targetHints":{"allow":["GET"]}}],"collection":[{"href":"https:\/\/neuvee.com\/pl\/wp-json\/wp\/v2\/product"}],"about":[{"href":"https:\/\/neuvee.com\/pl\/wp-json\/wp\/v2\/types\/product"}],"replies":[{"embeddable":true,"href":"https:\/\/neuvee.com\/pl\/wp-json\/wp\/v2\/comments?post=674344"}],"wp:featuredmedia":[{"embeddable":true,"href":"https:\/\/neuvee.com\/pl\/wp-json\/wp\/v2\/media\/674850"}],"wp:attachment":[{"href":"https:\/\/neuvee.com\/pl\/wp-json\/wp\/v2\/media?parent=674344"}],"wp:term":[{"taxonomy":"product_cat","embeddable":true,"href":"https:\/\/neuvee.com\/pl\/wp-json\/wp\/v2\/product_cat?post=674344"},{"taxonomy":"product_tag","embeddable":true,"href":"https:\/\/neuvee.com\/pl\/wp-json\/wp\/v2\/product_tag?post=674344"}],"curies":[{"name":"wp","href":"https:\/\/api.w.org\/{rel}","templated":true}]}}