{"id":674342,"date":"2023-09-14T09:14:30","date_gmt":"2023-09-14T09:14:30","guid":{"rendered":"https:\/\/neuvee.com\/?post_type=product&#038;p=674342"},"modified":"2025-05-19T13:51:25","modified_gmt":"2025-05-19T13:51:25","slug":"the-incredible-adventures-of-van-helsing-ii-complete-pack","status":"publish","type":"product","link":"https:\/\/neuvee.com\/pl\/product\/the-incredible-adventures-of-van-helsing-ii-complete-pack\/","title":{"rendered":"THE INCREDIBLE ADVENTURES OF VAN HELSING II &#8211; COMPLETE PACK"},"content":{"rendered":"<p>Zestaw 4 produkt\u00f3w: The Incredible Adventures of Van Helsing II, Van Helsing II: Ink Hunt, The Incredible Adventures of Van Helsing II &#8211; OST, Van Helsing II: Pigasus<\/p>\n<p>Wszystko wydawa\u0142o si\u0119 takie proste: pokona\u0107 szalonego naukowca, ocali\u0107 kr\u00f3lestwo i&nbsp;odjecha\u0107 w stron\u0119 zachodz\u0105cego s\u0142o\u0144ca. Czasami jednak&nbsp;pozbycie si\u0119 jednego z\u0142oczy\u0144cy sprawia, \u017ce pojawiaj\u0105 si\u0119 kolejni, jeszcze bardziej z\u0142owrodzy przeciwnicy. A zatem&nbsp;to nie koniec niesamowitych przyg\u00f3d Van Helsinga. S\u0142ynny \u0142owca potwor\u00f3w zn\u00f3w rusza na ratunek, a&nbsp;pomaga mu jego czaruj\u0105ca towarzyszka z&nbsp;za\u015bwiat\u00f3w \u2013 Lady Katarina. Gotycka metropolia dziwnej nauki jest na kraw\u0119dzi upadku. Na ulicach rz\u0105dzi chaos, a&nbsp;nowy wr\u00f3g planuje zemst\u0119. Czas wkroczy\u0107 do mrocznej cz\u0119\u015bci Borgowy i&nbsp;na zakazane pustkowia. Zachowaj ostro\u017cno\u015b\u0107, poniewa\u017c&nbsp;nie tylko ty kryjesz si\u0119 pod mask\u0105. <\/p>\n<p>G\u0142\u00f3wne elementy gry<\/p>\n<p>&#8211; Trzy klasy postaci \u2013 w drugiej cz\u0119\u015bci tej przygody w stylu \u201egothic-noir\u201d mo\u017cna wybra\u0107 jedn\u0105 z&nbsp;trzech klas postaci: klasycznego \u200e\u0141owc\u0119 z&nbsp;umiej\u0119tno\u015bci\u0105 strzelania i&nbsp;walki wr\u0119cz, w\u0142adaj\u0105cego magi\u0105 Taumaturga albo&nbsp;Mistycznego mechanika b\u0119d\u0105cego mistrzem w stosowaniu zab\u00f3jczych urz\u0105dze\u0144. Wszystkie wspomniane postacie znajduj\u0105 si\u0119 w podstawowej wersji gry. <\/p>\n<p>&#8211; Kryj\u00f3wka \u0142owcy \u2013 w kontynuacji zn\u00f3w pojawia si\u0119 kryj\u00f3wka, b\u0119d\u0105ca doskona\u0142ym miejscem do gromadzenia \u0142up\u00f3w, handlu z&nbsp;postaciami z&nbsp;gry, teleportowania si\u0119 pomi\u0119dzy r\u00f3\u017cnymi obszarami, wykuwania nowych przedmiot\u00f3w oraz&nbsp;przyjmowania nowych zada\u0144 od sojusznik\u00f3w, kt\u00f3rzy do\u0142\u0105czyli do ruchu oporu, by walczy\u0107 z&nbsp;naukow\u0105 zmor\u0105. <\/p>\n<p>&#8211; Rozszerzona rozgrywka w minigrze \u201eObrona wie\u017cy\u201d \u2013 gdy przeciwnicy atakuj\u0105 falami, masz mo\u017cliwo\u015b\u0107 obrony kryj\u00f3wki oraz&nbsp;innych strategicznych miejsc za pomoc\u0105 pu\u0142apek, kt\u00f3rych dzia\u0142anie mo\u017cna ulepszy\u0107. Mechanika rozgrywki zosta\u0142a udoskonalona, a&nbsp;w grze pojawia si\u0119 siedem nowych poziom\u00f3w w formie opcjonalnych zada\u0144 pobocznych. <\/p>\n<p>&#8211; Zarz\u0105dzanie ruchem oporu \u2013 jako przyw\u00f3dca borgowia\u0144skiego ruchu oporu mo\u017cesz zarz\u0105dza\u0107 dzia\u0142aniami sojuszniczych jednostek, ulepsza\u0107 wyposa\u017cenie bojownik\u00f3w oraz&nbsp;szuka\u0107 \u0142up\u00f3w, dzi\u0119ki kt\u00f3rym ruch oporu stanie si\u0119 silniejszy. <\/p>\n<p>&#8211; Furia \u2013 wykorzystuj\u0105c punkty furii zdobyte za spraw\u0105 swoich imponuj\u0105cych wyczyn\u00f3w, mo\u017cesz na\u0142adowa\u0107 maksymalnie trzy modyfikatory (zwane wzmocnieniami) o\u015bmiu aktywnych umiej\u0119tno\u015bci. <\/p>\n<p>&#8211; Wyj\u0105tkowa towarzyszka \u2013 Van Helsingowi pomaga Lady Katarina: duch z&nbsp;ci\u0119tym poczuciem humoru, kt\u00f3ry posiada w\u0142asne umiej\u0119tno\u015bci, zachowania oraz&nbsp;dwa drzewa umiej\u0119tno\u015bci. <\/p>\n<p>&#8211; Tworzenie run \u2013 poza wykuwaniem, zaklinaniem i&nbsp;nasycaniem przedmiot\u00f3w esencjami pojawi\u0105 si\u0119 inne sposoby na zmian\u0119 ich w\u0142a\u015bciwo\u015bci. Artefakty mo\u017cna rozbi\u0107 na magiczne fragmenty, a&nbsp;nast\u0119pnie przekszta\u0142ci\u0107 w magiczne runy, kt\u00f3re nast\u0119pnie da si\u0119 zmodyfikowa\u0107 i&nbsp;umie\u015bci\u0107 w nowych przedmiotach, tworz\u0105c dzi\u0119ki nim pot\u0119\u017cne artefakty. <\/p>\n<p>&#8211; Bestia w kryj\u00f3wce \u2013 chimera to sztucznie wyhodowany stw\u00f3r pochodz\u0105cy prosto z&nbsp;Inkaustu. Mo\u017cna zwi\u0119kszy\u0107 jej zdolno\u015bci i&nbsp;wezwa\u0107 do walki albo&nbsp;odes\u0142a\u0107 do Inkaustu, by polowa\u0142a na skarby. <\/p>\n<p>&#8211; Sala trofe\u00f3w \u2013 kryj\u00f3wk\u0119 mo\u017cna ozdobi\u0107 trofeami, kt\u00f3re zapewniaj\u0105 og\u00f3lne modyfikatory wp\u0142ywaj\u0105ca na \u015bwiat gry, takie jak wzmocnienie potwor\u00f3w, zapewnienie wszystkim sojusznikom wi\u0119kszej mocy magicznej lub&nbsp;zamian\u0119 Katariny w jeszcze bardziej zab\u00f3jczego ducha. <\/p>\n<p>&#8211; Gra wieloosobowa \u2013 mo\u017cesz sprawdzi\u0107 swoje umiej\u0119tno\u015bci w starciu ze znajomymi w trybie PVP (8 graczy) lub&nbsp;po\u0142\u0105czy\u0107 z&nbsp;nimi si\u0142y i&nbsp;wsp\u00f3lnie zg\u0142\u0119bia\u0107 fabu\u0142\u0119 kampanii w trybie wsp\u00f3\u0142pracy (4 graczy).<\/p>\n<p><\/p>","protected":false},"excerpt":{"rendered":"<p>Zestaw 4 produkt\u00f3w: The Incredible Adventures of Van Helsing II, Van Helsing II: Ink Hunt, The Incredible Adventures of Van Helsing II &#8211; OST, Van Helsing II: Pigasus Wszystko wydawa\u0142o si\u0119 takie proste: pokona\u0107 szalonego naukowca, ocali\u0107 kr\u00f3lestwo i&nbsp;odjecha\u0107 w stron\u0119 zachodz\u0105cego s\u0142o\u0144ca. Czasami jednak&nbsp;pozbycie si\u0119 jednego z\u0142oczy\u0144cy sprawia, \u017ce pojawiaj\u0105 si\u0119 kolejni, jeszcze bardziej [&hellip;]<\/p>\n","protected":false},"featured_media":674754,"comment_status":"closed","ping_status":"closed","template":"","meta":{"ub_ctt_via":""},"product_cat":[88,127,221,89],"product_tag":[218,281,291],"class_list":["post-674342","product","type-product","status-publish","has-post-thumbnail","hentry","product_cat-action","product_cat-adventure","product_cat-indie","product_cat-rpg","product_tag-games","product_tag-neocore-games","product_tag-weekend-promo","platform-steam-works"],"_links":{"self":[{"href":"https:\/\/neuvee.com\/pl\/wp-json\/wp\/v2\/product\/674342","targetHints":{"allow":["GET"]}}],"collection":[{"href":"https:\/\/neuvee.com\/pl\/wp-json\/wp\/v2\/product"}],"about":[{"href":"https:\/\/neuvee.com\/pl\/wp-json\/wp\/v2\/types\/product"}],"replies":[{"embeddable":true,"href":"https:\/\/neuvee.com\/pl\/wp-json\/wp\/v2\/comments?post=674342"}],"wp:featuredmedia":[{"embeddable":true,"href":"https:\/\/neuvee.com\/pl\/wp-json\/wp\/v2\/media\/674754"}],"wp:attachment":[{"href":"https:\/\/neuvee.com\/pl\/wp-json\/wp\/v2\/media?parent=674342"}],"wp:term":[{"taxonomy":"product_cat","embeddable":true,"href":"https:\/\/neuvee.com\/pl\/wp-json\/wp\/v2\/product_cat?post=674342"},{"taxonomy":"product_tag","embeddable":true,"href":"https:\/\/neuvee.com\/pl\/wp-json\/wp\/v2\/product_tag?post=674342"}],"curies":[{"name":"wp","href":"https:\/\/api.w.org\/{rel}","templated":true}]}}