{"id":674338,"date":"2023-09-14T09:11:46","date_gmt":"2023-09-14T09:11:46","guid":{"rendered":"https:\/\/neuvee.com\/?post_type=product&#038;p=674338"},"modified":"2025-05-19T13:55:27","modified_gmt":"2025-05-19T13:55:27","slug":"the-incredible-adventures-of-van-helsing","status":"publish","type":"product","link":"https:\/\/neuvee.com\/pl\/product\/the-incredible-adventures-of-van-helsing\/","title":{"rendered":"THE INCREDIBLE ADVENTURES OF VAN HELSING"},"content":{"rendered":"<p>Za\u0142\u00f3\u017c kapelusz z&nbsp;szerokim rondem, chwy\u0107 za bro\u0144 i&nbsp;ruszaj na niesamowit\u0105 przygod\u0119 do Borgovii \u2013 \u015bwiata w klimacie gotyckiego noir, gdzie szaleni naukowcy chc\u0105 zburzy\u0107 chwiejny pok\u00f3j pomi\u0119dzy potworami a&nbsp;\u015bmiertelnikami. Wciel si\u0119 w niepokonanego \u0142owc\u0119 potwor\u00f3w Van Helsinga i&nbsp;ocal Borgovi\u0119 w towarzystwie uroczej towarzyszki Lady Katariny (kt\u00f3ra, swoj\u0105 drog\u0105, jest duchem). Przemierzaj pe\u0142ne niebezpiecze\u0144stw g\u00f3rskie bezdro\u017ca, jak r\u00f3wnie\u017c pokryte sadz\u0105 dzielnice mrocznej metropolii wypaczonej przez z\u0142owrogie eksperymenty. Uwa\u017caj: nigdy nie wiadomo, kto oka\u017ce si\u0119 prawdziwym potworem!<\/p>\n<p>G\u0142\u00f3wne Cechy<\/p>\n<p>&#8211; Niezwyk\u0142y \u015bwiat w klimacie gotyckiego noir, pe\u0142en potwor\u00f3w, magii i&nbsp;przedziwnych wynalazk\u00f3w.<\/p>\n<p>&#8211; Wyj\u0105tkowa, oryginalna fabu\u0142a przyprawiona ironicznym humorem i&nbsp;b\u0142yskotliwymi dialogami.<\/p>\n<p>&#8211; Pasjonuj\u0105ce potyczki z&nbsp;pot\u0119\u017cnymi wrogami o&nbsp;wielu nadprzyrodzonych umiej\u0119tno\u015bciach i&nbsp;zdolno\u015bciach.<\/p>\n<p>&#8211; Wyb\u00f3r specjalnych zdolno\u015bci i&nbsp;umiej\u0119tno\u015bci dla twej niezwyk\u0142ej towarzyszki.<\/p>\n<p>&#8211; Szczeg\u00f3\u0142owy system rozwoju bohatera, umo\u017cliwiaj\u0105cy szeroki wyb\u00f3r umiej\u0119tno\u015bci i&nbsp;zdolno\u015bci \u0142owieckich.<\/p>\n<p>&#8211; Natychmiastowe ulepszanie umiej\u0119tno\u015bci dzi\u0119ki unikalnemu systemowi dopalaczy.<\/p>\n<p>&#8211; Zg\u0142\u0119bianie mistycznych tajnik\u00f3w alchemii i&nbsp;tworzenie pot\u0119\u017cnych artefakt\u00f3w.<\/p>\n<p>&#8211; Rozbudowa w\u0142asnej kryj\u00f3wki, w tym zastawianie pu\u0142apek na hordy chc\u0105cych spustoszy\u0107 j\u0105 poczwar.<\/p>\n<p>&#8211; Szansa na tytu\u0142 najwi\u0119kszego pogromcy potwor\u00f3w podczas wsp\u00f3lnych \u0142ow\u00f3w \u2013 nawet do czterech graczy w trybie wsp\u00f3\u0142pracy.<\/p>\n<p><\/p>","protected":false},"excerpt":{"rendered":"<p>Za\u0142\u00f3\u017c kapelusz z&nbsp;szerokim rondem, chwy\u0107 za bro\u0144 i&nbsp;ruszaj na niesamowit\u0105 przygod\u0119 do Borgovii \u2013 \u015bwiata w klimacie gotyckiego noir, gdzie szaleni naukowcy chc\u0105 zburzy\u0107 chwiejny pok\u00f3j pomi\u0119dzy potworami a&nbsp;\u015bmiertelnikami. Wciel si\u0119 w niepokonanego \u0142owc\u0119 potwor\u00f3w Van Helsinga i&nbsp;ocal Borgovi\u0119 w towarzystwie uroczej towarzyszki Lady Katariny (kt\u00f3ra, swoj\u0105 drog\u0105, jest duchem). Przemierzaj pe\u0142ne niebezpiecze\u0144stw g\u00f3rskie bezdro\u017ca, [&hellip;]<\/p>\n","protected":false},"featured_media":674595,"comment_status":"closed","ping_status":"closed","template":"","meta":{"ub_ctt_via":""},"product_cat":[88,127,221,89],"product_tag":[218,281,291],"class_list":["post-674338","product","type-product","status-publish","has-post-thumbnail","hentry","product_cat-action","product_cat-adventure","product_cat-indie","product_cat-rpg","product_tag-games","product_tag-neocore-games","product_tag-weekend-promo","platform-steam-works"],"_links":{"self":[{"href":"https:\/\/neuvee.com\/pl\/wp-json\/wp\/v2\/product\/674338","targetHints":{"allow":["GET"]}}],"collection":[{"href":"https:\/\/neuvee.com\/pl\/wp-json\/wp\/v2\/product"}],"about":[{"href":"https:\/\/neuvee.com\/pl\/wp-json\/wp\/v2\/types\/product"}],"replies":[{"embeddable":true,"href":"https:\/\/neuvee.com\/pl\/wp-json\/wp\/v2\/comments?post=674338"}],"wp:featuredmedia":[{"embeddable":true,"href":"https:\/\/neuvee.com\/pl\/wp-json\/wp\/v2\/media\/674595"}],"wp:attachment":[{"href":"https:\/\/neuvee.com\/pl\/wp-json\/wp\/v2\/media?parent=674338"}],"wp:term":[{"taxonomy":"product_cat","embeddable":true,"href":"https:\/\/neuvee.com\/pl\/wp-json\/wp\/v2\/product_cat?post=674338"},{"taxonomy":"product_tag","embeddable":true,"href":"https:\/\/neuvee.com\/pl\/wp-json\/wp\/v2\/product_tag?post=674338"}],"curies":[{"name":"wp","href":"https:\/\/api.w.org\/{rel}","templated":true}]}}