{"id":674295,"date":"2023-09-08T18:56:25","date_gmt":"2023-09-08T18:56:25","guid":{"rendered":"https:\/\/neuvee.com\/?post_type=product&#038;p=674295"},"modified":"2025-05-19T13:53:06","modified_gmt":"2025-05-19T13:53:06","slug":"observer-system-redux","status":"publish","type":"product","link":"https:\/\/neuvee.com\/pl\/product\/observer-system-redux\/","title":{"rendered":"OBSERVER: SYSTEM REDUX"},"content":{"rendered":"<p>WITAMY W PRZYSZ\u0141O\u015aCI<br \/>\nJest rok 2084. Przysz\u0142o\u015b\u0107 okaza\u0142a si\u0119 o&nbsp;wiele mroczniejsza, ni\u017c ktokolwiek m\u00f3g\u0142 przypuszcza\u0107. Najpierw nanofagium. Cyfrowa plaga zabi\u0142a tysi\u0105ce ludzi, kt\u00f3rzy zdecydowali si\u0119 ulepszy\u0107 swoje umys\u0142y i&nbsp;cia\u0142a.<\/p>\n<p>Potem nadesz\u0142a wojna, kt\u00f3ra przynios\u0142a \u015bmier\u0107 i&nbsp;zniszczenie zar\u00f3wno na Wschodzie, jak i&nbsp;na Zachodzie. Kiedy nie by\u0142o ju\u017c nikogo, kto m\u00f3g\u0142by zapanowa\u0107 nad powsta\u0142ym chaosem, korporacje przej\u0119\u0142y w\u0142adz\u0119 i&nbsp;zacz\u0119\u0142y tworzy\u0107 swoje w\u0142asne zepsute imperia.<\/p>\n<p>Jeste\u015b narz\u0119dziem korporacyjnej opresji. Zastraszony i&nbsp;upokorzony w\u0142amujesz si\u0119 do najmroczniejszych zakamark\u00f3w umys\u0142\u00f3w podejrzanych. Zakradasz si\u0119 do ich sn\u00f3w, ujawniasz ich obawy i&nbsp;pozyskujesz wszystko, czego wymaga \u015bledztwo.<\/p>\n<p>Jeste\u015b Observerem.<\/p>\n<p>ZOSTA\u0143 DETEKTYWEM<br \/>\nNazywasz si\u0119 Daniel Lazarski, jeste\u015b elitarnym detektywem, w kt\u00f3rego wcieli\u0142 si\u0119 Rutger Hauer, nie\u017cyj\u0105ca ju\u017c ikona cyberpunku. Jako Observer w\u0142amujesz si\u0119 do umys\u0142\u00f3w podejrzanych, aby wyci\u0105gn\u0105\u0107 z&nbsp;nich poszlaki i&nbsp;dowody. Wykorzystaj ich emocje, my\u015bli i&nbsp;wspomnienia, aby rozwi\u0105za\u0107 spraw\u0119. <\/p>\n<p>PO\u017bRYJ ICH SNY<br \/>\nWykorzystuj\u0105c urz\u0105dzenie zwane Po\u017ceraczem Sn\u00f3w, mo\u017cesz w\u0142amywa\u0107 si\u0119 do umys\u0142\u00f3w zmar\u0142ych i&nbsp;umieraj\u0105cych, aby zobaczy\u0107 ich ostatnie chwile oraz&nbsp;odkry\u0107 ich obawy lub&nbsp;obsesje. Przemierzaj zawi\u0142e neuronowe labirynty i&nbsp;znajd\u017a poszlaki, kt\u00f3re pomog\u0105 ci dotrze\u0107 do nieuchwytnego mordercy. Miej si\u0119 jednak&nbsp;na baczno\u015bci \u2013 takie w\u0119dr\u00f3wki nie pozostaj\u0105 oboj\u0119tne dla zdrowia twojego w\u0142asnego umys\u0142u.<\/p>\n<p>POCZUJ KLIMAT ROKU 2084<br \/>\nWejd\u017a do \u015bwiata zdewastowanego przez wojn\u0119 i&nbsp;cyberplag\u0119, gdzie \u017cycie ma ma\u0142\u0105 warto\u015b\u0107, a&nbsp;nadzieja to prawdziwa rzadko\u015b\u0107. \u015awiata, w kt\u00f3rym ludzie zrobi\u0105 wszystko, aby uciec od ponurej rzeczywisto\u015bci. Wirtualna rzeczywisto\u015b\u0107, narkotyki, implanty neuronowe \u2013 wybierz swoj\u0105 trucizn\u0119 i&nbsp;odp\u0142y\u0144 w b\u0142og\u0105 otch\u0142a\u0144. Pami\u0119taj jednak&nbsp;\u2013 niewa\u017cne, jak g\u0142\u0119boko zejdziesz, nigdy nie uda ci si\u0119 uciec przez Observerem.<\/p>\n<p>Do\u015bwiadczeni Observerzy mog\u0105 zanurzy\u0107 si\u0119 jeszcze g\u0142\u0119biej w dystopijnej rzeczywisto\u015bci dzi\u0119ki trzem zupe\u0142nie nowym dodatkowym sprawom do rozwi\u0105zania. \u201eB\u0142\u0119dny sygna\u0142\u201d, \u201eJej przera\u017caj\u0105ca symetria\u201d i&nbsp;\u201eWszystko zostaje w rodzinie\u201d wznosz\u0105 histori\u0119 na wy\u017cszy poziom, prowokuj\u0105c do zastanowienia si\u0119 nad przysz\u0142o\u015bci\u0105, kt\u00f3ra za chwil\u0119 mo\u017ce sta\u0107 si\u0119 nasz\u0105 tera\u017aniejszo\u015bci\u0105.<\/p>\n<p>Dodatkowo System Redux oferuje rozszerzon\u0105 rozgrywk\u0119, a&nbsp;w tym nowe mechaniki i&nbsp;sekrety, dopracowany system skradania, dodatkowe neuronowe przes\u0142uchania oraz&nbsp;usprawnienia wprowadzone dzi\u0119ki pomocy spo\u0142eczno\u015bci. <\/p>\n<p>Nowi gracze b\u0119d\u0105 mieli szans\u0119 na to, by do\u015bwiadczy\u0107 najbardziej przejmuj\u0105cych cyberpunkowych historii w \u015bwie\u017cej, nowej ods\u0142onie, godnej najnowszej generacji: rozdzielczo\u015b\u0107 4K, poprawione tekstury, nowe animacje, modele i&nbsp;efekty, a&nbsp;tak\u017ce osza\u0142amiaj\u0105ce efekty specjalne osi\u0105gni\u0119te dzi\u0119ki technologii Ray-Tracing i&nbsp;HDR.<\/p>\n<p><\/p>","protected":false},"excerpt":{"rendered":"<p>WITAMY W PRZYSZ\u0141O\u015aCI Jest rok 2084. Przysz\u0142o\u015b\u0107 okaza\u0142a si\u0119 o&nbsp;wiele mroczniejsza, ni\u017c ktokolwiek m\u00f3g\u0142 przypuszcza\u0107. Najpierw nanofagium. Cyfrowa plaga zabi\u0142a tysi\u0105ce ludzi, kt\u00f3rzy zdecydowali si\u0119 ulepszy\u0107 swoje umys\u0142y i&nbsp;cia\u0142a. Potem nadesz\u0142a wojna, kt\u00f3ra przynios\u0142a \u015bmier\u0107 i&nbsp;zniszczenie zar\u00f3wno na Wschodzie, jak i&nbsp;na Zachodzie. Kiedy nie by\u0142o ju\u017c nikogo, kto m\u00f3g\u0142by zapanowa\u0107 nad powsta\u0142ym chaosem, korporacje przej\u0119\u0142y [&hellip;]<\/p>\n","protected":false},"featured_media":674305,"comment_status":"closed","ping_status":"closed","template":"","meta":{"ub_ctt_via":""},"product_cat":[127],"product_tag":[218],"class_list":["post-674295","product","type-product","status-publish","has-post-thumbnail","hentry","product_cat-adventure","product_tag-games","platform-steam-works"],"_links":{"self":[{"href":"https:\/\/neuvee.com\/pl\/wp-json\/wp\/v2\/product\/674295","targetHints":{"allow":["GET"]}}],"collection":[{"href":"https:\/\/neuvee.com\/pl\/wp-json\/wp\/v2\/product"}],"about":[{"href":"https:\/\/neuvee.com\/pl\/wp-json\/wp\/v2\/types\/product"}],"replies":[{"embeddable":true,"href":"https:\/\/neuvee.com\/pl\/wp-json\/wp\/v2\/comments?post=674295"}],"wp:featuredmedia":[{"embeddable":true,"href":"https:\/\/neuvee.com\/pl\/wp-json\/wp\/v2\/media\/674305"}],"wp:attachment":[{"href":"https:\/\/neuvee.com\/pl\/wp-json\/wp\/v2\/media?parent=674295"}],"wp:term":[{"taxonomy":"product_cat","embeddable":true,"href":"https:\/\/neuvee.com\/pl\/wp-json\/wp\/v2\/product_cat?post=674295"},{"taxonomy":"product_tag","embeddable":true,"href":"https:\/\/neuvee.com\/pl\/wp-json\/wp\/v2\/product_tag?post=674295"}],"curies":[{"name":"wp","href":"https:\/\/api.w.org\/{rel}","templated":true}]}}