{"id":673380,"date":"2023-09-07T16:01:17","date_gmt":"2023-09-07T16:01:17","guid":{"rendered":"https:\/\/neuvee.com\/?post_type=product&#038;p=673380"},"modified":"2025-05-19T14:30:29","modified_gmt":"2025-05-19T14:30:29","slug":"timberman-vr-4","status":"publish","type":"product","link":"https:\/\/neuvee.com\/pl\/product\/timberman-vr-4\/","title":{"rendered":"TIMBERMAN VR"},"content":{"rendered":"<p>Diabelsko wci\u0105gaj\u0105ca gra zr\u0119czno\u015bciowa w stylu retro, kt\u00f3ra przenosi si\u0119 do 3D i&nbsp;nie tylko. TimberMan VR to prosta gra, kt\u00f3rej urok tkwi w nieskomplikowanej fabule, a&nbsp;zalet\u0105 jest zestaw umiej\u0119tno\u015bci.<\/p>\n<p>\u0141ATWE DO NAUKI TRUDNE DO OPANOWANIA<br \/>\nGra ma prost\u0105 i&nbsp;bezpo\u015bredni\u0105 koncepcj\u0119, ale z&nbsp;rozbudowanym rosn\u0105cym poziomem trudno\u015bci. Jest \u0142atwa do nauczenia si\u0119, ale trudna do opanowania, daje graczom wymagaj\u0105ce i&nbsp;satysfakcjonuj\u0105ce do\u015bwiadczenie.<\/p>\n<p>4 mapy (jesie\u0144, zima, wiosna i&nbsp;halloween)<br \/>\n15 poziom\u00f3w kampanii<br \/>\ntryb zr\u0119czno\u015bciowy<\/p>\n<p>KUP WYJ\u0104TKOWE PRZEDMIOTY<br \/>\nTimberman VR zawiera sklep w grze, w kt\u00f3rym gracze mog\u0105 kupowa\u0107 nowe narz\u0119dzia, takie jak siekiery, maczety i&nbsp;m\u0142oty, aby poprawi\u0107 wra\u017cenia z&nbsp;gry i&nbsp;ustanowi\u0107 wy\u017csze rekordy. Sklep oferuje r\u00f3\u017cnorodne stylowe i&nbsp;wydajne narz\u0119dzia:<\/p>\n<p>topory (top\u00f3r z&nbsp;epoki kamienia, tomahawk, nietoperz)<br \/>\nmaczety (futurystyczne, wiking, cukierkowe)<br \/>\nm\u0142otki (m\u0142otek do mi\u0119sa, rekin, thor)<\/p>\n<p>WYTNIJ SWOJ\u0104 DROG\u0118<br \/>\nGracze musz\u0105 pokonywa\u0107 przeszkody podczas \u015bcinania drzew. Gra wymaga szybkiego refleksu i&nbsp;precyzyjnych ruch\u00f3w, aby unika\u0107 ga\u0142\u0119zi, co stanowi wyzwanie dla i&nbsp;tak ju\u017c trudnego zadania \u015bcinania drzewa. Przeszkody zwi\u0119kszaj\u0105 si\u0119 w miar\u0119 post\u0119p\u00f3w graczy, zapewniaj\u0105c sprawdzian umiej\u0119tno\u015bci i&nbsp;wytrzyma\u0142o\u015bci.<\/p>\n<p>RYWALIZUJ I ZOSTA\u0143 MISTRZEM<br \/>\nTimberman VR zawiera leaderboard, gdzie gracze mog\u0105 rywalizowa\u0107 z&nbsp;innymi, ustanawiaj\u0105c wysokie wyniki. Gra \u015bledzi i&nbsp;wy\u015bwietla wyniki, zapewniaj\u0105c graczom platform\u0119 do zaprezentowania swoich umiej\u0119tno\u015bci i&nbsp;rywalizacji z&nbsp;przyjaci\u00f3\u0142mi i&nbsp;innymi graczami z&nbsp;ca\u0142ego \u015bwiata.<\/p>\n<p>CIESZ SI\u0118 SPACJALN\u0104 MAP\u0104<br \/>\nGra zawiera upiorne i&nbsp;\u015bwi\u0105teczne elementy, w tym top\u00f3r nietoperza i&nbsp;dekoracje, aby wprowadzi\u0107 graczy w ducha Halloween. Ta specjalna zawarto\u015b\u0107 dodaje dodatkow\u0105 warstw\u0119 emocji i&nbsp;zapewnia wyj\u0105tkowe wra\u017cenia.<\/p>\n<p><\/p>","protected":false},"excerpt":{"rendered":"<p>Diabelsko wci\u0105gaj\u0105ca gra zr\u0119czno\u015bciowa w stylu retro, kt\u00f3ra przenosi si\u0119 do 3D i&nbsp;nie tylko. TimberMan VR to prosta gra, kt\u00f3rej urok tkwi w nieskomplikowanej fabule, a&nbsp;zalet\u0105 jest zestaw umiej\u0119tno\u015bci. \u0141ATWE DO NAUKI TRUDNE DO OPANOWANIA Gra ma prost\u0105 i&nbsp;bezpo\u015bredni\u0105 koncepcj\u0119, ale z&nbsp;rozbudowanym rosn\u0105cym poziomem trudno\u015bci. Jest \u0142atwa do nauczenia si\u0119, ale trudna do opanowania, daje [&hellip;]<\/p>\n","protected":false},"featured_media":673789,"comment_status":"closed","ping_status":"closed","template":"","meta":{"ub_ctt_via":""},"product_cat":[269,268,241,267,223,221],"product_tag":[218],"class_list":["post-673380","product","type-product","status-publish","has-post-thumbnail","hentry","product_cat-rythm","product_cat-score-attack","product_cat-single-player","product_cat-vr","product_cat-casual","product_cat-indie","product_tag-games","platform-steam-works"],"_links":{"self":[{"href":"https:\/\/neuvee.com\/pl\/wp-json\/wp\/v2\/product\/673380","targetHints":{"allow":["GET"]}}],"collection":[{"href":"https:\/\/neuvee.com\/pl\/wp-json\/wp\/v2\/product"}],"about":[{"href":"https:\/\/neuvee.com\/pl\/wp-json\/wp\/v2\/types\/product"}],"replies":[{"embeddable":true,"href":"https:\/\/neuvee.com\/pl\/wp-json\/wp\/v2\/comments?post=673380"}],"wp:featuredmedia":[{"embeddable":true,"href":"https:\/\/neuvee.com\/pl\/wp-json\/wp\/v2\/media\/673789"}],"wp:attachment":[{"href":"https:\/\/neuvee.com\/pl\/wp-json\/wp\/v2\/media?parent=673380"}],"wp:term":[{"taxonomy":"product_cat","embeddable":true,"href":"https:\/\/neuvee.com\/pl\/wp-json\/wp\/v2\/product_cat?post=673380"},{"taxonomy":"product_tag","embeddable":true,"href":"https:\/\/neuvee.com\/pl\/wp-json\/wp\/v2\/product_tag?post=673380"}],"curies":[{"name":"wp","href":"https:\/\/api.w.org\/{rel}","templated":true}]}}