{"id":673344,"date":"2023-09-07T16:02:35","date_gmt":"2023-09-07T16:02:35","guid":{"rendered":"https:\/\/neuvee.com\/?post_type=product&#038;p=673344"},"modified":"2025-05-19T13:34:00","modified_gmt":"2025-05-19T13:34:00","slug":"under-the-waves-4","status":"publish","type":"product","link":"https:\/\/neuvee.com\/pl\/product\/under-the-waves-4\/","title":{"rendered":"UNDER THE WAVES"},"content":{"rendered":"<p>Under theWaves to narracyjna gra przygodowa o&nbsp;poch\u0142aniaj\u0105cej sile \u017ca\u0142oby. Historia rozgrywa si\u0119 w g\u0142\u0119binach Morza P\u00f3\u0142nocnego, w technofuturystycznych latach 70. Stan, zawodowy nurek, pr\u00f3buje pogodzi\u0107 si\u0119 ze strat\u0105, kt\u00f3ra zmieni\u0142a jego \u017cycie, i&nbsp;zaakceptowa\u0107 now\u0105 przysz\u0142o\u015b\u0107. Izolacja w g\u0142\u0119binach to manifestacja stanu, w jakim si\u0119 znajduje, a&nbsp;kiedy Stan daje si\u0119 poch\u0142on\u0105\u0107 swojej samotno\u015bci, zaczyna do\u015bwiadcza\u0107 pod wod\u0105 dziwne sytuacje. W ko\u0144cu b\u0119dzie musia\u0142 dokona\u0107 trudnego wyboru&#8230;<br \/>\nUnder The Waves, list mi\u0142osny do ocean\u00f3w, zaprasza do zanurzenia si\u0119 w zachwycaj\u0105cym podwodnym \u015bwiecie, stworzonym przez poetyck\u0105 mieszank\u0119 filmowych wizualizacji i&nbsp;przejmuj\u0105cej historii. Prze\u017cyj porywaj\u0105c\u0105 histori\u0119 jako Stan i&nbsp;poprowad\u017a go przez nieprzewidziany ci\u0105g zdarze\u0144, kt\u00f3re zaprowadz\u0105 go w coraz g\u0142\u0119bsz\u0105 otch\u0142a\u0144, odzwierciedlaj\u0105c\u0105 jego psychik\u0119.<br \/>\nW\u0119druj po dnie oceanu, steruj\u0105c \u0142odzi\u0105 podwodn\u0105 Stana i&nbsp;napotykaj pi\u0119kne podwodne dzikie stworzenia, jedyne towarzystwo Stana, kiedy jest zamkni\u0119ty we w\u0142asnym umy\u015ble. Odkrywaj jaskinie, wraki i&nbsp;podwodne ro\u015bliny dzi\u0119ki specjalnemu kombinezonowi Stana, pod\u0105\u017caj\u0105c za tajemniczymi obrazami z&nbsp;jego wspomnie\u0144, aby znale\u017a\u0107 drog\u0119 na powierzchni\u0119 i&nbsp;ocali\u0107 mu \u017cycie. Zbieraj materia\u0142y i&nbsp;wytwarzaj przedmioty, kt\u00f3re pomog\u0105 Stanowi w dalszej wyprawie w odkrywanie samego siebie. Musisz si\u0119 odwa\u017cy\u0107 zej\u015b\u0107 ze znajomej \u015bcie\u017cki, aby prze\u017cy\u0107 fascynuj\u0105ce chwile i&nbsp;odkry\u0107 ca\u0142\u0105 tragiczn\u0105 przesz\u0142o\u015b\u0107, przed kt\u00f3r\u0105 pr\u00f3buje uciec&#8230;<br \/>\nNAJWA\u017bNIEJSZE CECHY<br \/>\nSurrealistyczna podr\u00f3\u017c pod falami \u2014 Prze\u017cyj poetyck\u0105 podwodn\u0105 przygod\u0119 cz\u0142owieka walcz\u0105cego z&nbsp;traumatyczn\u0105 przesz\u0142o\u015bci\u0105, aby ocali\u0107 w\u0142asne \u017cycie dos\u0142ownie i&nbsp;w przeno\u015bni. Czy Stan dosi\u0119gnie zn\u00f3w powierzchni?<br \/>\nOdkrywaj g\u0142\u0119biny oceanu \u2014 Steruj \u0142odzi\u0105 podwodn\u0105 nad otch\u0142ani\u0105 i&nbsp;przep\u0142ywaj mi\u0119dzy jaskiniami, wrakami i&nbsp;podwodn\u0105 ro\u015blinno\u015bci\u0105 w poszukiwaniu element\u00f3w historii, przydatnych przedmiot\u00f3w, znajdziek i&nbsp;wielu wi\u0119cej. Wytwarzaj sprz\u0119t pomocy w dalszej eksploracji.<br \/>\nZobacz pi\u0119kno oceanu \u2013 Zanurz si\u0119 w przepi\u0119knym podwodnym \u015brodowisku, od niezg\u0142\u0119bionych g\u0142\u0119bin po retrofuturystyczne obiekty, zanurzone w kontemplacyjnej atmosferze utrzymanej przez klimatyczn\u0105 \u015bcie\u017ck\u0119 d\u017awi\u0119kow\u0105.<br \/>\nWyj\u0105tkowa sceneria pe\u0142na tajemnic \u2013 Odkryj alternatywn\u0105 rzeczywisto\u015b\u0107 1979 roku, gdzie retro, science-fiction i&nbsp;fantasy \u0142\u0105cz\u0105 si\u0119 w pi\u0119knie wyrenderowanej grafice.<\/p>\n<p><\/p>","protected":false},"excerpt":{"rendered":"<p>Under theWaves to narracyjna gra przygodowa o&nbsp;poch\u0142aniaj\u0105cej sile \u017ca\u0142oby. Historia rozgrywa si\u0119 w g\u0142\u0119binach Morza P\u00f3\u0142nocnego, w technofuturystycznych latach 70. Stan, zawodowy nurek, pr\u00f3buje pogodzi\u0107 si\u0119 ze strat\u0105, kt\u00f3ra zmieni\u0142a jego \u017cycie, i&nbsp;zaakceptowa\u0107 now\u0105 przysz\u0142o\u015b\u0107. Izolacja w g\u0142\u0119binach to manifestacja stanu, w jakim si\u0119 znajduje, a&nbsp;kiedy Stan daje si\u0119 poch\u0142on\u0105\u0107 swojej samotno\u015bci, zaczyna do\u015bwiadcza\u0107 pod [&hellip;]<\/p>\n","protected":false},"featured_media":673991,"comment_status":"closed","ping_status":"closed","template":"","meta":{"ub_ctt_via":""},"product_cat":[127,221],"product_tag":[218],"class_list":["post-673344","product","type-product","status-publish","has-post-thumbnail","hentry","product_cat-adventure","product_cat-indie","product_tag-games","platform-steam-works"],"_links":{"self":[{"href":"https:\/\/neuvee.com\/pl\/wp-json\/wp\/v2\/product\/673344","targetHints":{"allow":["GET"]}}],"collection":[{"href":"https:\/\/neuvee.com\/pl\/wp-json\/wp\/v2\/product"}],"about":[{"href":"https:\/\/neuvee.com\/pl\/wp-json\/wp\/v2\/types\/product"}],"replies":[{"embeddable":true,"href":"https:\/\/neuvee.com\/pl\/wp-json\/wp\/v2\/comments?post=673344"}],"wp:featuredmedia":[{"embeddable":true,"href":"https:\/\/neuvee.com\/pl\/wp-json\/wp\/v2\/media\/673991"}],"wp:attachment":[{"href":"https:\/\/neuvee.com\/pl\/wp-json\/wp\/v2\/media?parent=673344"}],"wp:term":[{"taxonomy":"product_cat","embeddable":true,"href":"https:\/\/neuvee.com\/pl\/wp-json\/wp\/v2\/product_cat?post=673344"},{"taxonomy":"product_tag","embeddable":true,"href":"https:\/\/neuvee.com\/pl\/wp-json\/wp\/v2\/product_tag?post=673344"}],"curies":[{"name":"wp","href":"https:\/\/api.w.org\/{rel}","templated":true}]}}