{"id":673316,"date":"2023-09-07T15:40:59","date_gmt":"2023-09-07T15:40:59","guid":{"rendered":"https:\/\/neuvee.com\/?post_type=product&#038;p=673316"},"modified":"2025-05-19T14:35:21","modified_gmt":"2025-05-19T14:35:21","slug":"the-tenants-pets-dlc-3","status":"publish","type":"product","link":"https:\/\/neuvee.com\/pl\/product\/the-tenants-pets-dlc-3\/","title":{"rendered":"THE TENANTS &#8211; PETS DLC"},"content":{"rendered":"<p>WITAJ W DODATKU PETS<br \/>\nOdkryj nowy, chwytaj\u0105cy za serce wymiar The Tenants dzi\u0119ki Pets DLC. Od ps\u00f3w i&nbsp;kot\u00f3w po szopy, miniaturowe \u015bwinki, papugi, ryby, chomiki, kr\u00f3liki, \u017caby i&nbsp;\u017c\u00f3\u0142wie: powitaj kolorow\u0105 gam\u0119 uroczych stworze\u0144 w swoim imperium. Buduj relacje ze swoimi lokatorami i&nbsp;ich zwierzakami. Obserwuj, jak twoje przedsi\u0119biorstwo rozkwita w miar\u0119 tworzenia dom\u00f3w dla wszelkiej ma\u015bci futrzastych i&nbsp;pierzastych przyjaci\u00f3\u0142.<br \/>\nRAJ MI\u0141O\u015aNIKA ZWIERZ\u0104T<br \/>\nOdmie\u0144 \u017cycie bezpa\u0144skich zwierzak\u00f3w z&nbsp;Wondersville, odnawiaj\u0105c stare schronisko. Tw\u00f3rz nowe, kochaj\u0105ce domy, poprzez wynajmowanie mieszka\u0144 mi\u0142o\u015bnikom zwierz\u0105t. Uszcz\u0119\u015bliwiaj zar\u00f3wno najemc\u00f3w jak i&nbsp;ich pupili, aby zmaksymalizowa\u0107 swoje zyski. Nawi\u0105\u017c kontakt ze zwierzakami, baw si\u0119 z&nbsp;nimi i&nbsp;dawaj im smako\u0142yki, tym samym wzmacniaj\u0105c wi\u0119\u017a z&nbsp;lokatorami i&nbsp;ich uroczymi kumplami.<br \/>\nODKRYJ W SOBIE DEKORATORA<br \/>\nUlepsz swoje nieruchomo\u015bci za pomoc\u0105 ponad 500 nowych przedmiot\u00f3w i&nbsp;mebli przyjaznych zwierz\u0119tom. Dostosuj ka\u017cde mieszkanie do potrzeb zwierzak\u00f3w swoich najemc\u00f3w oraz&nbsp;spraw, by poczu\u0142y si\u0119 jak w prawdziwym domu. Uko\u0144cz 4 nowe Elitarne Kontrakty i&nbsp;wyka\u017c si\u0119 w tworzeniu przestrzeni mieszkalnych idealnych dla ka\u017cdego mi\u0142o\u015bnika zwierz\u0105t i&nbsp;jego ukochanych towarzyszy.<br \/>\nDLC b\u0119dzie zawiera\u0107:<\/p>\n<p>&#8211; Najr\u00f3\u017cniejsze zwierzaki:<\/p>\n<p>&#8211; Psy (5 ma\u0142ych i&nbsp;5 du\u017cych ras),<\/p>\n<p>&#8211; Koty (10 ras),<\/p>\n<p>&#8211; Papugi,<\/p>\n<p>&#8211; Szopy pracze,<\/p>\n<p>&#8211; Miniaturowe \u015bwinki<\/p>\n<p>&#8211; Ryby,<\/p>\n<p>&#8211; Chomiki,<\/p>\n<p>&#8211; Kr\u00f3liki,<\/p>\n<p>&#8211; \u017baby,<\/p>\n<p>&#8211; \u017b\u00f3\u0142wie.<\/p>\n<p>&#8211; Schronisko dla zwierz\u0105t, kt\u00f3re mo\u017cna rozbudowywa\u0107<\/p>\n<p>&#8211; Bezpa\u0144skie zwierzaki<\/p>\n<p>&#8211; 4 nowe Elitarne Kontrakty<\/p>\n<p>&#8211; Nowe prezenty, us\u0142ugi i&nbsp;opcje sabota\u017cu zwi\u0105zane ze zwierzakami<\/p>\n<p>&#8211; Nowe meble dla zwierzak\u00f3w<\/p>\n<p>&#8211; Nowe wydarzenia po\u015bwi\u0119cone zwierzakom<\/p>\n<p>&#8211; Nowa aplikacja na telefon do zarz\u0105dzania zwierzakami<\/p>\n<p>&#8211; Nowa misja specjalna \u201ekolekcjoner papug\u201d ze specjaln\u0105, tajn\u0105 nagrod\u0105<\/p>\n<p><\/p>","protected":false},"excerpt":{"rendered":"<p>WITAJ W DODATKU PETS Odkryj nowy, chwytaj\u0105cy za serce wymiar The Tenants dzi\u0119ki Pets DLC. Od ps\u00f3w i&nbsp;kot\u00f3w po szopy, miniaturowe \u015bwinki, papugi, ryby, chomiki, kr\u00f3liki, \u017caby i&nbsp;\u017c\u00f3\u0142wie: powitaj kolorow\u0105 gam\u0119 uroczych stworze\u0144 w swoim imperium. Buduj relacje ze swoimi lokatorami i&nbsp;ich zwierzakami. Obserwuj, jak twoje przedsi\u0119biorstwo rozkwita w miar\u0119 tworzenia dom\u00f3w dla wszelkiej ma\u015bci [&hellip;]<\/p>\n","protected":false},"featured_media":674010,"comment_status":"closed","ping_status":"closed","template":"","meta":{"ub_ctt_via":""},"product_cat":[223,221,78],"product_tag":[218],"class_list":["post-673316","product","type-product","status-publish","has-post-thumbnail","hentry","product_cat-casual","product_cat-indie","product_cat-simulation","product_tag-games","platform-steam-works"],"_links":{"self":[{"href":"https:\/\/neuvee.com\/pl\/wp-json\/wp\/v2\/product\/673316","targetHints":{"allow":["GET"]}}],"collection":[{"href":"https:\/\/neuvee.com\/pl\/wp-json\/wp\/v2\/product"}],"about":[{"href":"https:\/\/neuvee.com\/pl\/wp-json\/wp\/v2\/types\/product"}],"replies":[{"embeddable":true,"href":"https:\/\/neuvee.com\/pl\/wp-json\/wp\/v2\/comments?post=673316"}],"wp:featuredmedia":[{"embeddable":true,"href":"https:\/\/neuvee.com\/pl\/wp-json\/wp\/v2\/media\/674010"}],"wp:attachment":[{"href":"https:\/\/neuvee.com\/pl\/wp-json\/wp\/v2\/media?parent=673316"}],"wp:term":[{"taxonomy":"product_cat","embeddable":true,"href":"https:\/\/neuvee.com\/pl\/wp-json\/wp\/v2\/product_cat?post=673316"},{"taxonomy":"product_tag","embeddable":true,"href":"https:\/\/neuvee.com\/pl\/wp-json\/wp\/v2\/product_tag?post=673316"}],"curies":[{"name":"wp","href":"https:\/\/api.w.org\/{rel}","templated":true}]}}