{"id":673313,"date":"2023-09-07T15:40:08","date_gmt":"2023-09-07T15:40:08","guid":{"rendered":"https:\/\/neuvee.com\/?post_type=product&#038;p=673313"},"modified":"2025-05-19T14:34:47","modified_gmt":"2025-05-19T14:34:47","slug":"the-medium","status":"publish","type":"product","link":"https:\/\/neuvee.com\/pl\/product\/the-medium\/","title":{"rendered":"THE MEDIUM"},"content":{"rendered":"<p>Znasz tylko po\u0142ow\u0119 prawdy<br \/>\nOdkryj mroczn\u0105 tajemnic\u0119, kt\u00f3r\u0105 potrafi rozwik\u0142a\u0107 jedynie medium. Zg\u0142\u0119biaj jednocze\u015bnie dwa \u015bwiaty \u2013 realny i&nbsp;duchowy. Wykorzystaj nadnaturalne zdolno\u015bci i&nbsp;dzi\u0119ki nim rozwi\u0105zuj zagadki w obu wymiarach, poznawaj niepokoj\u0105ce sekrety i&nbsp;staraj si\u0119 przetrwa\u0107 spotkania z&nbsp;Paszcz\u0105 \u2013 potworem zrodzonym z&nbsp;niewyobra\u017calnej tragedii\u2026<\/p>\n<p>The Medium to horror psychologiczny z&nbsp;widokiem z&nbsp;perspektywy trzeciej osoby, opatentowanym systemem rozgrywki w podw\u00f3jnej rzeczywisto\u015bci i&nbsp;oryginaln\u0105 \u015bcie\u017ck\u0105 d\u017awi\u0119kow\u0105 skomponowan\u0105 przez Arkadiusza Reikowskiego oraz&nbsp;Akir\u0119 Yamaok\u0119.<\/p>\n<p>ZOSTA\u0143 MEDIUM<br \/>\nWykorzystaj wyj\u0105tkowe zdolno\u015bci znane tylko tym, kt\u00f3rzy otrzymali od losu szczeg\u00f3lny dar. Przemieszczaj si\u0119 mi\u0119dzy jednym a&nbsp;drugim wymiarem lub&nbsp;odkrywaj je jednocze\u015bnie. Opuszczaj swoje cia\u0142o, \u017ceby odwiedza\u0107 miejsca, do kt\u00f3rych normalnie nie masz dost\u0119pu. Otaczaj si\u0119 os\u0142onami i&nbsp;wysy\u0142aj pot\u0119\u017cne fale energii, aby stawia\u0107 czo\u0142o zagro\u017ceniom ze \u015bwiata duch\u00f3w.<\/p>\n<p>DOSTRZE\u017b NIEWIDOCZNE<br \/>\nOdkrywaj karty dojrza\u0142ej, pe\u0142nej moralnych dwuznaczno\u015bci historii, gdzie medal ma dwie strony i&nbsp;nic nie jest tym, czym si\u0119 wydaje. Jako medium widzisz, s\u0142yszysz i&nbsp;czujesz wi\u0119cej ni\u017c inni, a&nbsp;z ka\u017cd\u0105 nowo uzyskan\u0105 perspektyw\u0105 zmienia si\u0119 tw\u00f3j pogl\u0105d na temat tego, co mia\u0142o miejsce w hotelu Niwa.<\/p>\n<p>GRAJ W DW\u00d3CH \u015aWIATACH NARAZ<br \/>\nCa\u0142kowicie oryginalny i&nbsp;oficjalnie opatentowany system rozgrywki z&nbsp;akcj\u0105 w dw\u00f3ch wymiarach jednocze\u015bnie. W tym samym czasie przemierzaj \u015bwiat realny oraz&nbsp;duchowy i&nbsp;wykorzystuj zale\u017cno\u015bci mi\u0119dzy nimi, \u017ceby rozwi\u0105zywa\u0107 zagadki, otwiera\u0107 nowe \u015bcie\u017cki i&nbsp;przywo\u0142ywa\u0107 wspomnienia z&nbsp;zamierzch\u0142ej przesz\u0142o\u015bci.<\/p>\n<p>WKROCZ W MROCZNY \u015aWIAT RODEM Z OBRAZ\u00d3W BEKSI\u0143SKIEGO<br \/>\n\u015awiat duch\u00f3w w The Medium jest mrocznym odbiciem rzeczywisto\u015bci. To ponure i&nbsp;nieprzyjazne miejsce, w kt\u00f3rym nieukarane wyst\u0119pki, nikczemne \u017c\u0105dze i&nbsp;plugawe sekrety nabieraj\u0105 kszta\u0142tu. Inspiracj\u0105 przy jego projektowaniu by\u0142y obrazy Zdzis\u0142awa Beksi\u0144skiego, przedstawiciela dystopijnego surrealizmu, s\u0142yn\u0105cego z&nbsp;budz\u0105cej groz\u0119 tw\u00f3rczo\u015bci.<\/p>\n<p>MUZYKA YAMAOKI I REIKOWSKIEGO<br \/>\nPoczuj niepokoj\u0105c\u0105 atmosfer\u0119 gry dzi\u0119ki oryginalnej, \u201epodw\u00f3jnej\u201d \u015bcie\u017cce d\u017awi\u0119kowej, skomponowanej przez Akir\u0119 Yamaok\u0119 i&nbsp;Arkadiusza Reikowskiego. Yamaoka to legendarny japo\u0144ski kompozytor, najbardziej znany z&nbsp;muzyki do serii Silent Hill. Z kolei Reikowski by\u0142 nominowany do Hollywood Music in Media Award i&nbsp;pracowa\u0142 przy takich grach, jak Blair Witch, Layers of Fear czy Observer. Ci znakomici arty\u015bci po\u0142\u0105czyli si\u0142y, aby stworzy\u0107 muzyk\u0119 do The Medium.<\/p>\n<p><\/p>","protected":false},"excerpt":{"rendered":"<p>Znasz tylko po\u0142ow\u0119 prawdy Odkryj mroczn\u0105 tajemnic\u0119, kt\u00f3r\u0105 potrafi rozwik\u0142a\u0107 jedynie medium. Zg\u0142\u0119biaj jednocze\u015bnie dwa \u015bwiaty \u2013 realny i&nbsp;duchowy. Wykorzystaj nadnaturalne zdolno\u015bci i&nbsp;dzi\u0119ki nim rozwi\u0105zuj zagadki w obu wymiarach, poznawaj niepokoj\u0105ce sekrety i&nbsp;staraj si\u0119 przetrwa\u0107 spotkania z&nbsp;Paszcz\u0105 \u2013 potworem zrodzonym z&nbsp;niewyobra\u017calnej tragedii\u2026 The Medium to horror psychologiczny z&nbsp;widokiem z&nbsp;perspektywy trzeciej osoby, opatentowanym systemem rozgrywki w [&hellip;]<\/p>\n","protected":false},"featured_media":674150,"comment_status":"closed","ping_status":"closed","template":"","meta":{"ub_ctt_via":""},"product_cat":[127],"product_tag":[218],"class_list":["post-673313","product","type-product","status-publish","has-post-thumbnail","hentry","product_cat-adventure","product_tag-games","platform-steam-works"],"_links":{"self":[{"href":"https:\/\/neuvee.com\/pl\/wp-json\/wp\/v2\/product\/673313","targetHints":{"allow":["GET"]}}],"collection":[{"href":"https:\/\/neuvee.com\/pl\/wp-json\/wp\/v2\/product"}],"about":[{"href":"https:\/\/neuvee.com\/pl\/wp-json\/wp\/v2\/types\/product"}],"replies":[{"embeddable":true,"href":"https:\/\/neuvee.com\/pl\/wp-json\/wp\/v2\/comments?post=673313"}],"wp:featuredmedia":[{"embeddable":true,"href":"https:\/\/neuvee.com\/pl\/wp-json\/wp\/v2\/media\/674150"}],"wp:attachment":[{"href":"https:\/\/neuvee.com\/pl\/wp-json\/wp\/v2\/media?parent=673313"}],"wp:term":[{"taxonomy":"product_cat","embeddable":true,"href":"https:\/\/neuvee.com\/pl\/wp-json\/wp\/v2\/product_cat?post=673313"},{"taxonomy":"product_tag","embeddable":true,"href":"https:\/\/neuvee.com\/pl\/wp-json\/wp\/v2\/product_tag?post=673313"}],"curies":[{"name":"wp","href":"https:\/\/api.w.org\/{rel}","templated":true}]}}