{"id":673312,"date":"2023-09-07T15:39:50","date_gmt":"2023-09-07T15:39:50","guid":{"rendered":"https:\/\/neuvee.com\/?post_type=product&#038;p=673312"},"modified":"2025-05-19T14:01:48","modified_gmt":"2025-05-19T14:01:48","slug":"the-last-hero-of-nostalgaia","status":"publish","type":"product","link":"https:\/\/neuvee.com\/pl\/product\/the-last-hero-of-nostalgaia\/","title":{"rendered":"THE LAST HERO OF NOSTALGAIA"},"content":{"rendered":"<p>The Last Hero of Nostalgaia to pe\u0142na satyry przygodowa gra akcji z&nbsp;mroczn\u0105 fabu\u0142\u0105 i&nbsp;niesamowicie z\u0142o\u017conym, bogatym \u015bwiatem.<br \/>\nNostalgaia \u2013 \u015bwiat gier wideo \u2013 cofa si\u0119 w rozwoju wskutek tajemniczej pikselizacji zmniejszaj\u0105cej jako\u015b\u0107 ka\u017cdej cz\u0105stki rzeczywisto\u015bci. Gdy wszystko wskazuje ju\u017c na to, \u017ce nawet najcenniejsze z&nbsp;wirtualnych wspomnie\u0144 czeka zapomnienie\u2026 w\u015br\u00f3d zwiastuj\u0105cych zag\u0142ad\u0119 gasn\u0105cych \u015bwiate\u0142 i&nbsp;spadaj\u0105cych klatek pojawia si\u0119 promyk nadziei.<br \/>\nJako najohydniejszy i&nbsp;najbardziej pikselowy ze wszystkich bohater\u00f3w Nostalgai, musisz pokona\u0107 hord\u0119 jej bezmy\u015blnych mieszka\u0144c\u00f3w, znosz\u0105c docinki cynicznego narratora, kt\u00f3ry wr\u0119cz gardzi faktem twojego istnienia.<br \/>\nThe Last Hero of Nostalgaia to pokr\u0119cona opowie\u015b\u0107, w kt\u00f3rej na ka\u017cdym kroku czyha niemal pewna \u015bmier\u0107. Wymagaj\u0105cy, lecz&nbsp;sprawiedliwy system walki, pe\u0142na personalizacja postaci, unikalne pancerze oraz&nbsp;wci\u0105gaj\u0105ce, oparte na bogatej fabule mechaniki z&nbsp;pewno\u015bci\u0105 zadowol\u0105 wszystkich fan\u00f3w gatunku.<\/p>\n<p>&#8211; Rozgrywka osadzona w \u015bwiecie pe\u0142nym t\u0119sknoty za grami z&nbsp;przesz\u0142o\u015bci oferuje wymagaj\u0105cy, lecz&nbsp;sprawiedliwy system walki i&nbsp;eksploracji (znany z&nbsp;tytu\u0142\u00f3w typu soulslike) oraz&nbsp;pokr\u0119con\u0105 histori\u0119 snut\u0105 przez pewnego cynicznego narratora.<\/p>\n<p>&#8211; Graj razem ze znajomymi w wieloosobowym trybie kooperacji i&nbsp;wsp\u00f3lnymi si\u0142ami zatrzymajcie post\u0119puj\u0105c\u0105 pikeslizacj\u0119!<\/p>\n<p>&#8211; Podczas zmaga\u0144 pomog\u0105 ci przer\u00f3\u017cne bronie i&nbsp;pancerze o&nbsp;unikalnych cechach i&nbsp;historiach.<\/p>\n<p><\/p>","protected":false},"excerpt":{"rendered":"<p>The Last Hero of Nostalgaia to pe\u0142na satyry przygodowa gra akcji z&nbsp;mroczn\u0105 fabu\u0142\u0105 i&nbsp;niesamowicie z\u0142o\u017conym, bogatym \u015bwiatem. Nostalgaia \u2013 \u015bwiat gier wideo \u2013 cofa si\u0119 w rozwoju wskutek tajemniczej pikselizacji zmniejszaj\u0105cej jako\u015b\u0107 ka\u017cdej cz\u0105stki rzeczywisto\u015bci. Gdy wszystko wskazuje ju\u017c na to, \u017ce nawet najcenniejsze z&nbsp;wirtualnych wspomnie\u0144 czeka zapomnienie\u2026 w\u015br\u00f3d zwiastuj\u0105cych zag\u0142ad\u0119 gasn\u0105cych \u015bwiate\u0142 i&nbsp;spadaj\u0105cych klatek [&hellip;]<\/p>\n","protected":false},"featured_media":673524,"comment_status":"closed","ping_status":"closed","template":"","meta":{"ub_ctt_via":""},"product_cat":[88,127],"product_tag":[218],"class_list":["post-673312","product","type-product","status-publish","has-post-thumbnail","hentry","product_cat-action","product_cat-adventure","product_tag-games","platform-steam-works"],"_links":{"self":[{"href":"https:\/\/neuvee.com\/pl\/wp-json\/wp\/v2\/product\/673312","targetHints":{"allow":["GET"]}}],"collection":[{"href":"https:\/\/neuvee.com\/pl\/wp-json\/wp\/v2\/product"}],"about":[{"href":"https:\/\/neuvee.com\/pl\/wp-json\/wp\/v2\/types\/product"}],"replies":[{"embeddable":true,"href":"https:\/\/neuvee.com\/pl\/wp-json\/wp\/v2\/comments?post=673312"}],"wp:featuredmedia":[{"embeddable":true,"href":"https:\/\/neuvee.com\/pl\/wp-json\/wp\/v2\/media\/673524"}],"wp:attachment":[{"href":"https:\/\/neuvee.com\/pl\/wp-json\/wp\/v2\/media?parent=673312"}],"wp:term":[{"taxonomy":"product_cat","embeddable":true,"href":"https:\/\/neuvee.com\/pl\/wp-json\/wp\/v2\/product_cat?post=673312"},{"taxonomy":"product_tag","embeddable":true,"href":"https:\/\/neuvee.com\/pl\/wp-json\/wp\/v2\/product_tag?post=673312"}],"curies":[{"name":"wp","href":"https:\/\/api.w.org\/{rel}","templated":true}]}}