{"id":673311,"date":"2023-09-07T15:39:30","date_gmt":"2023-09-07T15:39:30","guid":{"rendered":"https:\/\/neuvee.com\/?post_type=product&#038;p=673311"},"modified":"2025-05-19T13:35:28","modified_gmt":"2025-05-19T13:35:28","slug":"tank-mechanic-simulator-vr-4","status":"publish","type":"product","link":"https:\/\/neuvee.com\/pl\/product\/tank-mechanic-simulator-vr-4\/","title":{"rendered":"TANK MECHANIC SIMULATOR VR"},"content":{"rendered":"<p>Tank Mechanic Simulator VR to naprawd\u0119 oryginalne do\u015bwiadczenie. Poczuj si\u0119 jak prawdziwy mechanik sprz\u0119t\u00f3w ci\u0119\u017ckich i&nbsp;zanurz si\u0119 w g\u0142\u0119bokich interakcjach \u015brodowiskowych. REMONTUJ i&nbsp;BUDUJ przy u\u017cyciu r\u00f3\u017cnych narz\u0119dzi. Rozwijaj sw\u00f3j biznes us\u0142ug naprawczych. DOSTOSUJ, prowad\u017a czo\u0142g na poligonie, SPRZEDAJ go lub&nbsp;umie\u015b\u0107 w swoim MUZEUM. Wejd\u017a g\u0142\u0119biej dzi\u0119ki systemowi PERK, SKLEPOWI Z CZ\u0118\u015aCIAMI i&nbsp;KONTRAKTOM.<\/p>\n<p>Odnawiaj czo\u0142gi i&nbsp;pojazdy opancerzone z&nbsp;okresu II wojny \u015bwiatowej. Przekszta\u0142\u0107 je z&nbsp;zardzewia\u0142ych i&nbsp;zniszczonych w w pe\u0142ni sprawne<\/p>\n<p>-Odrdzewiaj i&nbsp;wypiaskuj zbiornik<br \/>\n-Na\u0142\u00f3\u017c farb\u0119 podk\u0142adow\u0105 i&nbsp;ko\u0144cow\u0105 na zbiornik (farba fabryczna)<br \/>\n-Dodaj niestandardow\u0105 farb\u0119, kamufla\u017c, kolor i&nbsp;kalkomani\u0119 w pomieszczeniu z&nbsp;farbami<br \/>\n&#8211; Sprzedaj czo\u0142g lub&nbsp;umie\u015b\u0107 go w swoim muzeum, aby zdoby\u0107 pieni\u0105dze i&nbsp;reputacj\u0119<\/p>\n<p>Ca\u0142kowicie rozbieraj czo\u0142gi, u\u017cywaj\u0105c r\u00f3\u017cnych narz\u0119dzi<\/p>\n<p>-Narz\u0119dzia do usuwania rdzy<br \/>\n-Piaskownica<br \/>\n-Pistolet do malowania<br \/>\n-M\u0142otek<br \/>\n-Szlifierka &#8211; do ci\u0119cia i&nbsp;mielenia<br \/>\n-Pistolet do kluczy &#8211; do szybkiego demonta\u017cu zardzewia\u0142ych \u015brub\/wkr\u0119t\u00f3w<\/p>\n<p>Wejd\u017a do czo\u0142gu i&nbsp;do\u015bwiadcz VR jak nigdy dot\u0105d<br \/>\nCzy kiedykolwiek prowadzi\u0142e\u015b czo\u0142g w wirtualnej rzeczywisto\u015bci? Musisz.<\/p>\n<p>Wybieraj spo\u015br\u00f3d 12 bardzo szczeg\u00f3\u0142owych i&nbsp;odtworzonych czo\u0142g\u00f3w z&nbsp;czas\u00f3w II wojny \u015bwiatowej oraz&nbsp;2 pojazd\u00f3w opancerzonych<\/p>\n<p>-PzKpfw VI Tiger Ausf. H1\/<br \/>\n-M4A3E8 Shermana<br \/>\n-PzKpfw III Ausf. M<br \/>\n-KV-1<br \/>\n-M26 Pershinga<br \/>\n-KV-2<br \/>\n-T-34\/85<br \/>\n-T-34\/76<br \/>\n-PzKpfw III Ausf. J<br \/>\n-StuG 40 Ausf. G<br \/>\n-PzKpfw IV Ausf. G<br \/>\n-M10 GMC Wolverine<br \/>\n-PzKpfw V Panther Ausf. A<br \/>\n-SdKfz 251\/1 Ausf. D<br \/>\n-M3 p\u00f3\u0142g\u0105sienicowy<\/p>\n<p>Ta gra ma pe\u0142n\u0105 obs\u0142ug\u0119 urz\u0105dze\u0144 VR<br \/>\nHTC Cosmos . HTC Cosmos Elite . HTC Vive . HTC Vive Pro . Microsoft Mixed Reality (various VR headsets, not AR) . Oculus Quest (link only) . Oculus Quest 2 (link only) . Oculus Rift . Oculus Rift S . Steam VR (various VR headsets) . Valve Index<\/p>\n<p><\/p>","protected":false},"excerpt":{"rendered":"<p>Tank Mechanic Simulator VR to naprawd\u0119 oryginalne do\u015bwiadczenie. Poczuj si\u0119 jak prawdziwy mechanik sprz\u0119t\u00f3w ci\u0119\u017ckich i&nbsp;zanurz si\u0119 w g\u0142\u0119bokich interakcjach \u015brodowiskowych. REMONTUJ i&nbsp;BUDUJ przy u\u017cyciu r\u00f3\u017cnych narz\u0119dzi. Rozwijaj sw\u00f3j biznes us\u0142ug naprawczych. DOSTOSUJ, prowad\u017a czo\u0142g na poligonie, SPRZEDAJ go lub&nbsp;umie\u015b\u0107 w swoim MUZEUM. Wejd\u017a g\u0142\u0119biej dzi\u0119ki systemowi PERK, SKLEPOWI Z CZ\u0118\u015aCIAMI i&nbsp;KONTRAKTOM. Odnawiaj czo\u0142gi i&nbsp;pojazdy [&hellip;]<\/p>\n","protected":false},"featured_media":673912,"comment_status":"closed","ping_status":"closed","template":"","meta":{"ub_ctt_via":""},"product_cat":[228,241,267,78],"product_tag":[218],"class_list":["post-673311","product","type-product","status-publish","has-post-thumbnail","hentry","product_cat-racing-driving","product_cat-single-player","product_cat-vr","product_cat-simulation","product_tag-games","platform-steam-works"],"_links":{"self":[{"href":"https:\/\/neuvee.com\/pl\/wp-json\/wp\/v2\/product\/673311","targetHints":{"allow":["GET"]}}],"collection":[{"href":"https:\/\/neuvee.com\/pl\/wp-json\/wp\/v2\/product"}],"about":[{"href":"https:\/\/neuvee.com\/pl\/wp-json\/wp\/v2\/types\/product"}],"replies":[{"embeddable":true,"href":"https:\/\/neuvee.com\/pl\/wp-json\/wp\/v2\/comments?post=673311"}],"wp:featuredmedia":[{"embeddable":true,"href":"https:\/\/neuvee.com\/pl\/wp-json\/wp\/v2\/media\/673912"}],"wp:attachment":[{"href":"https:\/\/neuvee.com\/pl\/wp-json\/wp\/v2\/media?parent=673311"}],"wp:term":[{"taxonomy":"product_cat","embeddable":true,"href":"https:\/\/neuvee.com\/pl\/wp-json\/wp\/v2\/product_cat?post=673311"},{"taxonomy":"product_tag","embeddable":true,"href":"https:\/\/neuvee.com\/pl\/wp-json\/wp\/v2\/product_tag?post=673311"}],"curies":[{"name":"wp","href":"https:\/\/api.w.org\/{rel}","templated":true}]}}