{"id":673306,"date":"2023-09-07T15:37:41","date_gmt":"2023-09-07T15:37:41","guid":{"rendered":"https:\/\/neuvee.com\/?post_type=product&#038;p=673306"},"modified":"2025-05-19T13:54:48","modified_gmt":"2025-05-19T13:54:48","slug":"shu-2","status":"publish","type":"product","link":"https:\/\/neuvee.com\/pl\/product\/shu-2\/","title":{"rendered":"SHU"},"content":{"rendered":"<p>Shu to stylowa platform\u00f3wka 2.5D, rozgrywaj\u0105ca si\u0119 w pi\u0119knym i&nbsp;wci\u0105gaj\u0105cym \u015bwiecie.<\/p>\n<p>Prowad\u017a Shu i&nbsp;grup\u0119 pi\u0119knie narysowanych postaci, kt\u00f3re biegaj\u0105, skacz\u0105 i&nbsp;\u015blizgaj\u0105 si\u0119 w\u015br\u00f3d egzotycznych krain, uciekaj\u0105c przed potworn\u0105 i&nbsp;nies\u0142abn\u0105c\u0105 Burz\u0105.<\/p>\n<p>Czy zd\u0105\u017cysz przed ko\u0144cem \u015bwiata?<\/p>\n<p>Kiedy wielka i&nbsp;straszna Burza niszczy wiosk\u0119 Shu, chc\u0105c przetrwa\u0107 wyrusza on w niebezpieczn\u0105 podr\u00f3\u017c. Podczas swej w\u0119dr\u00f3wki napotka zdanych na w\u0142asne si\u0142y mieszka\u0144c\u00f3w wioski, kt\u00f3rzy ocaleli z&nbsp;kataklizmu, a&nbsp;teraz potrzebuj\u0105 jego pomocy. W zamian za pomoc Shu otrzymuje od tych osobliwych postaci wyj\u0105tkowe umiej\u0119tno\u015bci specjalne, kt\u00f3re mo\u017ce wykorzystywa\u0107 do pokonania czekaj\u0105cej go zdradliwej trasy.<\/p>\n<p>Ich jedyn\u0105 nadziej\u0105 jest wsp\u00f3\u0142praca podczas szukania schronienia &#8211; oraz&nbsp;sposobu na powstrzymanie Burzy. <\/p>\n<p>&#8211; 15 rozbudowanych poziom\u00f3w, kt\u00f3re rozgrywaj\u0105 si\u0119 w 5 r\u00f3\u017cnych krainach<\/p>\n<p>&#8211; Mn\u00f3stwo przedmiot\u00f3w do zebrania i&nbsp;tajemnic do odkrycia<\/p>\n<p>&#8211; 10 postaci do zwerbowania, z&nbsp;kt\u00f3rych ka\u017cda ma w\u0142asn\u0105, niepowtarzaln\u0105 umiej\u0119tno\u015b\u0107<\/p>\n<p>&#8211; Niesamowita, oryginalna \u015bcie\u017cka d\u017awi\u0119kowa<\/p>\n<p>&#8211; Rywalizuj w pr\u00f3bach czasowych i&nbsp;przekonaj si\u0119, kto jest najszybszy spo\u015br\u00f3d twoich znajomych &#8211; albo&nbsp;na ca\u0142ym \u015bwiecie<br \/>\n<\/p>","protected":false},"excerpt":{"rendered":"<p>Shu to stylowa platform\u00f3wka 2.5D, rozgrywaj\u0105ca si\u0119 w pi\u0119knym i&nbsp;wci\u0105gaj\u0105cym \u015bwiecie. Prowad\u017a Shu i&nbsp;grup\u0119 pi\u0119knie narysowanych postaci, kt\u00f3re biegaj\u0105, skacz\u0105 i&nbsp;\u015blizgaj\u0105 si\u0119 w\u015br\u00f3d egzotycznych krain, uciekaj\u0105c przed potworn\u0105 i&nbsp;nies\u0142abn\u0105c\u0105 Burz\u0105. Czy zd\u0105\u017cysz przed ko\u0144cem \u015bwiata? Kiedy wielka i&nbsp;straszna Burza niszczy wiosk\u0119 Shu, chc\u0105c przetrwa\u0107 wyrusza on w niebezpieczn\u0105 podr\u00f3\u017c. Podczas swej w\u0119dr\u00f3wki napotka zdanych na [&hellip;]<\/p>\n","protected":false},"featured_media":674380,"comment_status":"closed","ping_status":"closed","template":"","meta":{"ub_ctt_via":""},"product_cat":[227,221],"product_tag":[218],"class_list":["post-673306","product","type-product","status-publish","has-post-thumbnail","hentry","product_cat-action-adventure","product_cat-indie","product_tag-games","platform-steam-works"],"_links":{"self":[{"href":"https:\/\/neuvee.com\/pl\/wp-json\/wp\/v2\/product\/673306","targetHints":{"allow":["GET"]}}],"collection":[{"href":"https:\/\/neuvee.com\/pl\/wp-json\/wp\/v2\/product"}],"about":[{"href":"https:\/\/neuvee.com\/pl\/wp-json\/wp\/v2\/types\/product"}],"replies":[{"embeddable":true,"href":"https:\/\/neuvee.com\/pl\/wp-json\/wp\/v2\/comments?post=673306"}],"wp:featuredmedia":[{"embeddable":true,"href":"https:\/\/neuvee.com\/pl\/wp-json\/wp\/v2\/media\/674380"}],"wp:attachment":[{"href":"https:\/\/neuvee.com\/pl\/wp-json\/wp\/v2\/media?parent=673306"}],"wp:term":[{"taxonomy":"product_cat","embeddable":true,"href":"https:\/\/neuvee.com\/pl\/wp-json\/wp\/v2\/product_cat?post=673306"},{"taxonomy":"product_tag","embeddable":true,"href":"https:\/\/neuvee.com\/pl\/wp-json\/wp\/v2\/product_tag?post=673306"}],"curies":[{"name":"wp","href":"https:\/\/api.w.org\/{rel}","templated":true}]}}