{"id":673170,"date":"2023-09-07T14:26:06","date_gmt":"2023-09-07T14:26:06","guid":{"rendered":"https:\/\/neuvee.com\/?post_type=product&#038;p=673170"},"modified":"2025-05-19T14:39:30","modified_gmt":"2025-05-19T14:39:30","slug":"car-mechanic-simulator-vr-4","status":"publish","type":"product","link":"https:\/\/neuvee.com\/pl\/product\/car-mechanic-simulator-vr-4\/","title":{"rendered":"CAR MECHANIC SIMULATOR VR"},"content":{"rendered":"<p>Naprawa, dostosowywanie i&nbsp;tuning.<br \/>\nSetki cz\u0119\u015bci i&nbsp;mo\u017cliwo\u015bci sprawiaj\u0105, \u017ce ta gra jest niemal idealnym symulatorem mechanika samochodowego. Wielu mechanik\u00f3w samochodowych uwa\u017ca j\u0105 za najbardziej realistyczny symulator, w jaki grali.<\/p>\n<p>malowanie i&nbsp;dostosowywanie samochodu w dowolny spos\u00f3b<br \/>\ntuzin narz\u0119dzi<br \/>\nprawie 1000 unikalnych cz\u0119\u015bci<br \/>\ndemonta\u017c i&nbsp;naprawa silnika<br \/>\n42 dost\u0119pne samochody<\/p>\n<p>Dzi\u0119ki tutorialowi w grze przejdziesz przez ca\u0142y proces. Od wymiany oleju po demonta\u017c i&nbsp;napraw\u0119 silnika. Ta gra sprawi, \u017ce staniesz si\u0119 prawdziwym ekspertem.<\/p>\n<p>Rozwi\u0144 swoje imperium us\u0142ug naprawczych.<br \/>\nCzym by\u0142by symulator mechanika bez w\u0142asnego biznesu? Kupuj naprawiaj i&nbsp;sprzedawaj z&nbsp;zyskiem.<\/p>\n<p>wype\u0142niaj umowy<br \/>\nkupuj samochody na aukcjach<br \/>\nznajd\u017a cz\u0119\u015bci i&nbsp;stare wraki na z\u0142omowisku<br \/>\ntestuj swoje naprawione samochody<br \/>\nuaktualnij sw\u00f3j gara\u017c<\/p>\n<p>Co powiesz na jazd\u0119 pr\u00f3bn\u0105? Wsi\u0105d\u017a do samochodu i&nbsp;sprawd\u017a jego mo\u017cliwo\u015bci, wyniki i&nbsp;osi\u0105gi.<br \/>\nGra oferuje wiele misji w kampanii, wiele zada\u0144 i&nbsp;losowych misji.<\/p>\n<p><\/p>","protected":false},"excerpt":{"rendered":"<p>Naprawa, dostosowywanie i&nbsp;tuning. Setki cz\u0119\u015bci i&nbsp;mo\u017cliwo\u015bci sprawiaj\u0105, \u017ce ta gra jest niemal idealnym symulatorem mechanika samochodowego. Wielu mechanik\u00f3w samochodowych uwa\u017ca j\u0105 za najbardziej realistyczny symulator, w jaki grali. malowanie i&nbsp;dostosowywanie samochodu w dowolny spos\u00f3b tuzin narz\u0119dzi prawie 1000 unikalnych cz\u0119\u015bci demonta\u017c i&nbsp;naprawa silnika 42 dost\u0119pne samochody Dzi\u0119ki tutorialowi w grze przejdziesz przez ca\u0142y proces. Od [&hellip;]<\/p>\n","protected":false},"featured_media":673803,"comment_status":"closed","ping_status":"closed","template":"","meta":{"ub_ctt_via":""},"product_cat":[270,228,241,267,78],"product_tag":[218],"class_list":["post-673170","product","type-product","status-publish","has-post-thumbnail","hentry","product_cat-educational","product_cat-racing-driving","product_cat-single-player","product_cat-vr","product_cat-simulation","product_tag-games","platform-steam-works"],"_links":{"self":[{"href":"https:\/\/neuvee.com\/pl\/wp-json\/wp\/v2\/product\/673170","targetHints":{"allow":["GET"]}}],"collection":[{"href":"https:\/\/neuvee.com\/pl\/wp-json\/wp\/v2\/product"}],"about":[{"href":"https:\/\/neuvee.com\/pl\/wp-json\/wp\/v2\/types\/product"}],"replies":[{"embeddable":true,"href":"https:\/\/neuvee.com\/pl\/wp-json\/wp\/v2\/comments?post=673170"}],"wp:featuredmedia":[{"embeddable":true,"href":"https:\/\/neuvee.com\/pl\/wp-json\/wp\/v2\/media\/673803"}],"wp:attachment":[{"href":"https:\/\/neuvee.com\/pl\/wp-json\/wp\/v2\/media?parent=673170"}],"wp:term":[{"taxonomy":"product_cat","embeddable":true,"href":"https:\/\/neuvee.com\/pl\/wp-json\/wp\/v2\/product_cat?post=673170"},{"taxonomy":"product_tag","embeddable":true,"href":"https:\/\/neuvee.com\/pl\/wp-json\/wp\/v2\/product_tag?post=673170"}],"curies":[{"name":"wp","href":"https:\/\/api.w.org\/{rel}","templated":true}]}}