{"id":673149,"date":"2023-09-07T14:27:58","date_gmt":"2023-09-07T14:27:58","guid":{"rendered":"https:\/\/neuvee.com\/?post_type=product&#038;p=673149"},"modified":"2025-05-19T13:48:26","modified_gmt":"2025-05-19T13:48:26","slug":"farming-simulator-22-oxbo-pack-steam-pre-order","status":"publish","type":"product","link":"https:\/\/neuvee.com\/pl\/product\/farming-simulator-22-oxbo-pack-steam-pre-order\/","title":{"rendered":"FARMING SIMULATOR 22 &#8211; OXBO PACK (STEAM) &#8211; PRE ORDER"},"content":{"rendered":"<p>Zoptymalizuj uprawy dzi\u0119ki dodatkowi Oxbo Pack!<\/p>\n<p>Czy szukasz specjalistycznych rozwi\u0105za\u0144 do zbior\u00f3w i&nbsp;nawo\u017cenia? Dodatek Oxbo Pack pozwala ulepszy\u0107 flot\u0119 maszyn dzi\u0119ki nowym, zaawansowanym maszynom znanej na ca\u0142ym \u015bwiecie marki.<\/p>\n<p>Wielofunkcyjny kombajn Oxbo 6030 do zbioru winogron to wszechstronna maszyna z&nbsp;konfigurowalnymi przystawkami do zbierania i&nbsp;opryskiwania.<br \/>\nTr\u00f3jko\u0142owy i&nbsp;zwrotny w\u00f3z asenizacyjny Oxbo AT4103 do obornika i&nbsp;gnoj\u00f3wki oferuje doskona\u0142\u0105 sterowalno\u015b\u0107.<br \/>\nPotrzebujesz wi\u0119cej pojemno\u015bci? Oxbo AT5105 ma zasilane przednie ko\u0142o i&nbsp;skr\u0119cane tylne osie, a&nbsp;do tego jeszcze wi\u0119kszy zbiornik.<br \/>\nOxbo 2340 to maszyna oparta o&nbsp;do\u015bwiadczenie firmy, kt\u00f3ra pierwotnie wprowadzi\u0142a na rynek koncept potr\u00f3jnej zgrabiarki paszy. Dzi\u0119ki 12 metrom szeroko\u015bci roboczej maksymalizuje produkcj\u0119 paszy.<\/p>\n<p>Maszyny w dodatku Oxbo Pack<\/p>\n<p>Oxbo 6030 \u2013 konfiguracja kombajnu<br \/>\nOxbo 6030 \u2013 konfiguracja opryskiwacza<br \/>\nOxbo AT5105 \u2013 konfiguracja LNMS<br \/>\nOxbo AT5105 \u2013 konfiguracja DNMS<br \/>\nOxbo AT4103 \u2013 konfiguracja LNMS<br \/>\nOxbo AT4103 \u2013 konfiguracja DNMS<br \/>\nOxbo 2340<\/p>\n<p><\/p>","protected":false},"excerpt":{"rendered":"<p>Zoptymalizuj uprawy dzi\u0119ki dodatkowi Oxbo Pack! Czy szukasz specjalistycznych rozwi\u0105za\u0144 do zbior\u00f3w i&nbsp;nawo\u017cenia? Dodatek Oxbo Pack pozwala ulepszy\u0107 flot\u0119 maszyn dzi\u0119ki nowym, zaawansowanym maszynom znanej na ca\u0142ym \u015bwiecie marki. Wielofunkcyjny kombajn Oxbo 6030 do zbioru winogron to wszechstronna maszyna z&nbsp;konfigurowalnymi przystawkami do zbierania i&nbsp;opryskiwania. Tr\u00f3jko\u0142owy i&nbsp;zwrotny w\u00f3z asenizacyjny Oxbo AT4103 do obornika i&nbsp;gnoj\u00f3wki oferuje doskona\u0142\u0105 [&hellip;]<\/p>\n","protected":false},"featured_media":673424,"comment_status":"closed","ping_status":"closed","template":"","meta":{"ub_ctt_via":""},"product_cat":[78],"product_tag":[218],"class_list":["post-673149","product","type-product","status-publish","has-post-thumbnail","hentry","product_cat-simulation","product_tag-games","platform-steam-works"],"_links":{"self":[{"href":"https:\/\/neuvee.com\/pl\/wp-json\/wp\/v2\/product\/673149","targetHints":{"allow":["GET"]}}],"collection":[{"href":"https:\/\/neuvee.com\/pl\/wp-json\/wp\/v2\/product"}],"about":[{"href":"https:\/\/neuvee.com\/pl\/wp-json\/wp\/v2\/types\/product"}],"replies":[{"embeddable":true,"href":"https:\/\/neuvee.com\/pl\/wp-json\/wp\/v2\/comments?post=673149"}],"wp:featuredmedia":[{"embeddable":true,"href":"https:\/\/neuvee.com\/pl\/wp-json\/wp\/v2\/media\/673424"}],"wp:attachment":[{"href":"https:\/\/neuvee.com\/pl\/wp-json\/wp\/v2\/media?parent=673149"}],"wp:term":[{"taxonomy":"product_cat","embeddable":true,"href":"https:\/\/neuvee.com\/pl\/wp-json\/wp\/v2\/product_cat?post=673149"},{"taxonomy":"product_tag","embeddable":true,"href":"https:\/\/neuvee.com\/pl\/wp-json\/wp\/v2\/product_tag?post=673149"}],"curies":[{"name":"wp","href":"https:\/\/api.w.org\/{rel}","templated":true}]}}