{"id":673144,"date":"2023-09-07T14:20:51","date_gmt":"2023-09-07T14:20:51","guid":{"rendered":"https:\/\/neuvee.com\/?post_type=product&#038;p=673144"},"modified":"2025-05-19T14:30:32","modified_gmt":"2025-05-19T14:30:32","slug":"blair-witch-2","status":"publish","type":"product","link":"https:\/\/neuvee.com\/pl\/product\/blair-witch-2\/","title":{"rendered":"BLAIR WITCH"},"content":{"rendered":"<p>W tym lesie o\u017cywaj\u0105 najmroczniejsze l\u0119ki.<br \/>\nJest rok 1996. W lesie Black Hills w pobli\u017cu Burkittsville w stanie Maryland znika bez \u015bladu ma\u0142y ch\u0142opiec. Wcielaj\u0105c si\u0119 w Ellisa, by\u0142ego glin\u0119 z&nbsp;nie\u0142atw\u0105 przesz\u0142o\u015bci\u0105, do\u0142\u0105czasz do poszukiwa\u0144. Zwyk\u0142e policyjne \u015bledztwo szybko przeradza si\u0119 w nieko\u0144cz\u0105cy si\u0119 koszmar, gdy mierzysz si\u0119 ze swoimi l\u0119kami i&nbsp;wied\u017am\u0105 z&nbsp;Blair \u2013 tajemnicz\u0105 istot\u0105, kt\u00f3ra nawiedza las\u2026<\/p>\n<p>Blair Witch to pierwszoosobowy horror psychologiczny z&nbsp;rozbudowan\u0105 fabu\u0142\u0105, zakorzeniony w tradycji kultowej serii film\u00f3w o&nbsp;tym samym tytule.<\/p>\n<p>HISTORIA O ZEJ\u015aCIU W MROK<br \/>\nPrze\u017cyj na w\u0142asnej sk\u00f3rze, jak strach odbija si\u0119 na umy\u015ble, dzi\u0119ki oryginalnej historii stworzonej przez tw\u00f3rc\u00f3w uznanej przez krytyk\u00f3w gry Layers of Fear i&nbsp;zainspirowanej seri\u0105 film\u00f3w Blair Witch.<\/p>\n<p>ZNAJD\u0179 DROG\u0118 W NAWIEDZONYM LESIE<br \/>\nMaj\u0105c u boku jedynie swojego wiernego psa, Bulleta, przeczesuj przekl\u0119ty las, w kt\u00f3rym czas i&nbsp;przestrze\u0144 ulegaj\u0105 zniekszta\u0142ceniu i&nbsp;zakrzywieniu.<\/p>\n<p>TWOJA POCZYTALNO\u015a\u0106 KONTRA JEJ KL\u0104TWA<br \/>\nWalcz z&nbsp;potworno\u015bciami wied\u017amy z&nbsp;Blair i&nbsp;post\u0119puj\u0105cym zepsuciem zdrowia psychicznego cz\u0142owieka dr\u0119czonego przesz\u0142o\u015bci\u0105.<\/p>\n<p>JAK STAWISZ CZO\u0141A L\u0118KOM?<br \/>\nZapuszczaj\u0105c si\u0119 coraz g\u0142\u0119biej w las, dowiesz si\u0119 wi\u0119cej o&nbsp;sobie. Przekonasz si\u0119, jak dzia\u0142asz w stresie i&nbsp;reagujesz na niebezpiecze\u0144stwa.<\/p>\n<p><\/p>","protected":false},"excerpt":{"rendered":"<p>W tym lesie o\u017cywaj\u0105 najmroczniejsze l\u0119ki. Jest rok 1996. W lesie Black Hills w pobli\u017cu Burkittsville w stanie Maryland znika bez \u015bladu ma\u0142y ch\u0142opiec. Wcielaj\u0105c si\u0119 w Ellisa, by\u0142ego glin\u0119 z&nbsp;nie\u0142atw\u0105 przesz\u0142o\u015bci\u0105, do\u0142\u0105czasz do poszukiwa\u0144. Zwyk\u0142e policyjne \u015bledztwo szybko przeradza si\u0119 w nieko\u0144cz\u0105cy si\u0119 koszmar, gdy mierzysz si\u0119 ze swoimi l\u0119kami i&nbsp;wied\u017am\u0105 z&nbsp;Blair \u2013 tajemnicz\u0105 [&hellip;]<\/p>\n","protected":false},"featured_media":673346,"comment_status":"closed","ping_status":"closed","template":"","meta":{"ub_ctt_via":""},"product_cat":[127,221],"product_tag":[218],"class_list":["post-673144","product","type-product","status-publish","has-post-thumbnail","hentry","product_cat-adventure","product_cat-indie","product_tag-games","platform-steam-works"],"_links":{"self":[{"href":"https:\/\/neuvee.com\/pl\/wp-json\/wp\/v2\/product\/673144","targetHints":{"allow":["GET"]}}],"collection":[{"href":"https:\/\/neuvee.com\/pl\/wp-json\/wp\/v2\/product"}],"about":[{"href":"https:\/\/neuvee.com\/pl\/wp-json\/wp\/v2\/types\/product"}],"replies":[{"embeddable":true,"href":"https:\/\/neuvee.com\/pl\/wp-json\/wp\/v2\/comments?post=673144"}],"wp:featuredmedia":[{"embeddable":true,"href":"https:\/\/neuvee.com\/pl\/wp-json\/wp\/v2\/media\/673346"}],"wp:attachment":[{"href":"https:\/\/neuvee.com\/pl\/wp-json\/wp\/v2\/media?parent=673144"}],"wp:term":[{"taxonomy":"product_cat","embeddable":true,"href":"https:\/\/neuvee.com\/pl\/wp-json\/wp\/v2\/product_cat?post=673144"},{"taxonomy":"product_tag","embeddable":true,"href":"https:\/\/neuvee.com\/pl\/wp-json\/wp\/v2\/product_tag?post=673144"}],"curies":[{"name":"wp","href":"https:\/\/api.w.org\/{rel}","templated":true}]}}