{"id":672083,"date":"2023-08-23T18:12:38","date_gmt":"2023-08-23T18:12:38","guid":{"rendered":"https:\/\/neuvee.com\/?post_type=product&#038;p=672083"},"modified":"2025-05-19T13:26:59","modified_gmt":"2025-05-19T13:26:59","slug":"assault-gunners-hd-edition","status":"publish","type":"product","link":"https:\/\/neuvee.com\/pl\/product\/assault-gunners-hd-edition\/","title":{"rendered":"ASSAULT GUNNERS HD EDITION"},"content":{"rendered":"<p>W ASSAULT GUNNERS HD EDITION przejmujesz kontrol\u0119 nad DAT, jednostk\u0105 si\u0142 pokojowych u boku trzech sojusznik\u00f3w Battle Mech, aby ocali\u0107 migrant\u00f3w Ziemi i&nbsp;kolonie Marsa przed powstaniem ANTS. Kto lub&nbsp;co mo\u017ce przewodzi\u0107 inwazji na Marsa i&nbsp;now\u0105, idealnie rozplanowan\u0105 utopi\u0119 dla ludzko\u015bci?<br \/>\n35 pe\u0142nych misji i&nbsp;ci\u0119\u017ckich batalii, horda potyczek w trybie \u201cInferno Mode\u201d, w tym 5 r\u00f3\u017cnych map i&nbsp;ponad 100 mo\u017cliwo\u015bci personalizacji mech\u00f3w dla Ciebie i&nbsp;Twoich sojusznik\u00f3w to gwarancja grywalno\u015bci i&nbsp;zawarto\u015b\u0107 samodzielnej wersji ASSAULT GUNNERS HD EDITION.<\/p>\n<p><\/p>","protected":false},"excerpt":{"rendered":"<p>W ASSAULT GUNNERS HD EDITION przejmujesz kontrol\u0119 nad DAT, jednostk\u0105 si\u0142 pokojowych u boku trzech sojusznik\u00f3w Battle Mech, aby ocali\u0107 migrant\u00f3w Ziemi i&nbsp;kolonie Marsa przed powstaniem ANTS. Kto lub&nbsp;co mo\u017ce przewodzi\u0107 inwazji na Marsa i&nbsp;now\u0105, idealnie rozplanowan\u0105 utopi\u0119 dla ludzko\u015bci? 35 pe\u0142nych misji i&nbsp;ci\u0119\u017ckich batalii, horda potyczek w trybie \u201cInferno Mode\u201d, w tym 5 r\u00f3\u017cnych [&hellip;]<\/p>\n","protected":false},"featured_media":672580,"comment_status":"closed","ping_status":"closed","template":"","meta":{"ub_ctt_via":""},"product_cat":[88,116],"product_tag":[218],"class_list":["post-672083","product","type-product","status-publish","has-post-thumbnail","hentry","product_cat-action","product_cat-shooter","product_tag-games","platform-steam-works"],"_links":{"self":[{"href":"https:\/\/neuvee.com\/pl\/wp-json\/wp\/v2\/product\/672083","targetHints":{"allow":["GET"]}}],"collection":[{"href":"https:\/\/neuvee.com\/pl\/wp-json\/wp\/v2\/product"}],"about":[{"href":"https:\/\/neuvee.com\/pl\/wp-json\/wp\/v2\/types\/product"}],"replies":[{"embeddable":true,"href":"https:\/\/neuvee.com\/pl\/wp-json\/wp\/v2\/comments?post=672083"}],"wp:featuredmedia":[{"embeddable":true,"href":"https:\/\/neuvee.com\/pl\/wp-json\/wp\/v2\/media\/672580"}],"wp:attachment":[{"href":"https:\/\/neuvee.com\/pl\/wp-json\/wp\/v2\/media?parent=672083"}],"wp:term":[{"taxonomy":"product_cat","embeddable":true,"href":"https:\/\/neuvee.com\/pl\/wp-json\/wp\/v2\/product_cat?post=672083"},{"taxonomy":"product_tag","embeddable":true,"href":"https:\/\/neuvee.com\/pl\/wp-json\/wp\/v2\/product_tag?post=672083"}],"curies":[{"name":"wp","href":"https:\/\/api.w.org\/{rel}","templated":true}]}}