{"id":672056,"date":"2023-08-23T17:38:05","date_gmt":"2023-08-23T17:38:05","guid":{"rendered":"https:\/\/neuvee.com\/?post_type=product&#038;p=672056"},"modified":"2025-05-19T13:53:29","modified_gmt":"2025-05-19T13:53:29","slug":"mortal-shell-the-virtuous-cycle","status":"publish","type":"product","link":"https:\/\/neuvee.com\/pl\/product\/mortal-shell-the-virtuous-cycle\/","title":{"rendered":"MORTAL SHELL: THE VIRTUOUS CYCLE"},"content":{"rendered":"<p>The Virtuous Cycle to prze\u0142omowe rozszerzenie roguelike do nagradzanego Mortal Shell.<br \/>\nJeszcze raz udowodnij swoj\u0105 determinacj\u0119, znajdo. Pociemnia\u0142e niebo b\u0119dzie twoim jedynym pewniakiem, gdy ponownie zst\u0105pisz na ci\u0105gle zmieniaj\u0105cy si\u0119, bezlitosny teren. Przystosuj si\u0119, ratuj, inwestuj i&nbsp;ulepszaj, aby uciec z&nbsp;tej niesko\u0144czonej pustki.<br \/>\nStrze\u017c si\u0119. Gdy umrzesz, rozpocznie si\u0119 nowy cykl&#8230;<br \/>\nWykuj w\u0142asn\u0105 drog\u0119 do zbawienia w tym zmieniaj\u0105cym si\u0119 \u015bwiecie, w kt\u00f3rym ka\u017cda rozgrywka r\u00f3\u017cni si\u0119 od poprzedniej. Stw\u00f3rz swoj\u0105 w\u0142asn\u0105 dyscyplin\u0119 walki dzi\u0119ki filarom ulepsze\u0144, kt\u00f3re s\u0105 rozsiane po ca\u0142ym Fallgrim i&nbsp;nie tylko. Przejmij na w\u0142asno\u015b\u0107 ponad setk\u0119 ulepsze\u0144, poczynaj\u0105c od egzotycznych wzmocnie\u0144 broni, a&nbsp;ko\u0144cz\u0105c na zupe\u0142nie nowych manewrach.<br \/>\nTw\u00f3j niegdy\u015b nieosi\u0105galny nauczyciel teraz czeka, a\u017c go ujarzmisz. Hadern to pi\u0105ta z&nbsp;kolei pow\u0142oka, grywalna zar\u00f3wno podczas g\u0142\u00f3wnej kampanii Mortal Shell, jak i&nbsp;w The Virtuous Cycle. Jego unikalne drzewko umiej\u0119tno\u015bci odblokuje now\u0105 dziedzin\u0119 wrodzonych talent\u00f3w, poczynaj\u0105c od w\u0142adania sztyletem, a&nbsp;ko\u0144cz\u0105c na budz\u0105cej strach umiej\u0119tno\u015bci pozwalaj\u0105cej na absorbowanie kar.<br \/>\nOdkryto najbardziej szanowan\u0105 bro\u0144 Fallgrim. Gdy j\u0105 dzier\u017cysz, Axatana poddaje si\u0119 twojej woli, w razie potrzeby przekszta\u0142caj\u0105c si\u0119 w wyj\u0105tkowy ci\u0119\u017cki top\u00f3r, lub&nbsp;rozdzielaj\u0105c si\u0119 na dwie szybkie jak b\u0142yskawica katany, gdy tylko sobie tego za\u017cyczysz.<\/p>\n<p><\/p>","protected":false},"excerpt":{"rendered":"<p>The Virtuous Cycle to prze\u0142omowe rozszerzenie roguelike do nagradzanego Mortal Shell. Jeszcze raz udowodnij swoj\u0105 determinacj\u0119, znajdo. Pociemnia\u0142e niebo b\u0119dzie twoim jedynym pewniakiem, gdy ponownie zst\u0105pisz na ci\u0105gle zmieniaj\u0105cy si\u0119, bezlitosny teren. Przystosuj si\u0119, ratuj, inwestuj i&nbsp;ulepszaj, aby uciec z&nbsp;tej niesko\u0144czonej pustki. Strze\u017c si\u0119. Gdy umrzesz, rozpocznie si\u0119 nowy cykl&#8230; Wykuj w\u0142asn\u0105 drog\u0119 do zbawienia [&hellip;]<\/p>\n","protected":false},"featured_media":672263,"comment_status":"closed","ping_status":"closed","template":"","meta":{"ub_ctt_via":""},"product_cat":[88,89],"product_tag":[218],"class_list":["post-672056","product","type-product","status-publish","has-post-thumbnail","hentry","product_cat-action","product_cat-rpg","product_tag-games","platform-steam-works"],"_links":{"self":[{"href":"https:\/\/neuvee.com\/pl\/wp-json\/wp\/v2\/product\/672056","targetHints":{"allow":["GET"]}}],"collection":[{"href":"https:\/\/neuvee.com\/pl\/wp-json\/wp\/v2\/product"}],"about":[{"href":"https:\/\/neuvee.com\/pl\/wp-json\/wp\/v2\/types\/product"}],"replies":[{"embeddable":true,"href":"https:\/\/neuvee.com\/pl\/wp-json\/wp\/v2\/comments?post=672056"}],"wp:featuredmedia":[{"embeddable":true,"href":"https:\/\/neuvee.com\/pl\/wp-json\/wp\/v2\/media\/672263"}],"wp:attachment":[{"href":"https:\/\/neuvee.com\/pl\/wp-json\/wp\/v2\/media?parent=672056"}],"wp:term":[{"taxonomy":"product_cat","embeddable":true,"href":"https:\/\/neuvee.com\/pl\/wp-json\/wp\/v2\/product_cat?post=672056"},{"taxonomy":"product_tag","embeddable":true,"href":"https:\/\/neuvee.com\/pl\/wp-json\/wp\/v2\/product_tag?post=672056"}],"curies":[{"name":"wp","href":"https:\/\/api.w.org\/{rel}","templated":true}]}}