{"id":670850,"date":"2023-07-31T13:48:41","date_gmt":"2023-07-31T13:48:41","guid":{"rendered":"https:\/\/neuvee.com\/?post_type=product&#038;p=670850"},"modified":"2025-05-19T14:15:44","modified_gmt":"2025-05-19T14:15:44","slug":"the-longest-journey-4","status":"publish","type":"product","link":"https:\/\/neuvee.com\/pl\/product\/the-longest-journey-4\/","title":{"rendered":"THE LONGEST JOURNEY"},"content":{"rendered":"<p>The Longest Journey jest niesamowit\u0105 przygod\u00f3wk\u0105, w kt\u00f3rej wraz z&nbsp;g\u0142\u00f3wn\u0105 bohaterk\u0105 April Ryan gracz prze\u017cyje wypraw\u0119 pomi\u0119dzy r\u00f3wnoleg\u0142ymi \u015bwiatami. Wyrusz na niepowtarzaln\u0105 i&nbsp;ekscytuj\u0105c\u0105 w\u0119dr\u00f3wk\u0119, podczas kt\u00f3rej zbadasz nowe miejsca, rozwi\u0105\u017cesz zagadki, poznasz nowych ludzi i&nbsp;zmierzysz si\u0119 z&nbsp;przera\u017caj\u0105cymi potworami. Ucz si\u0119, rozwijaj i&nbsp;prze\u017cyj przygod\u0119 swojego \u017cycia!<\/p>\n<p>&#8211; Ponad 150 lokacji w dw\u00f3ch zr\u00f3\u017cnicowanych i&nbsp;g\u0142\u0119bokich \u015bwiatach.<\/p>\n<p>&#8211; Ponad 70 m\u00f3wi\u0105cych postaci.<\/p>\n<p>&#8211; Ponad 40 godzin rozgrywki.<\/p>\n<p>&#8211; Ponad 20 minut filmik\u00f3w renderowanych w wysokiej rozdzielczo\u015bci.<\/p>\n<p>&#8211; Kinowej jako\u015bci \u015bcie\u017cka d\u017awi\u0119kowa.<\/p>\n<p><\/p>","protected":false},"excerpt":{"rendered":"<p>The Longest Journey jest niesamowit\u0105 przygod\u00f3wk\u0105, w kt\u00f3rej wraz z&nbsp;g\u0142\u00f3wn\u0105 bohaterk\u0105 April Ryan gracz prze\u017cyje wypraw\u0119 pomi\u0119dzy r\u00f3wnoleg\u0142ymi \u015bwiatami. Wyrusz na niepowtarzaln\u0105 i&nbsp;ekscytuj\u0105c\u0105 w\u0119dr\u00f3wk\u0119, podczas kt\u00f3rej zbadasz nowe miejsca, rozwi\u0105\u017cesz zagadki, poznasz nowych ludzi i&nbsp;zmierzysz si\u0119 z&nbsp;przera\u017caj\u0105cymi potworami. Ucz si\u0119, rozwijaj i&nbsp;prze\u017cyj przygod\u0119 swojego \u017cycia! &#8211; Ponad 150 lokacji w dw\u00f3ch zr\u00f3\u017cnicowanych i&nbsp;g\u0142\u0119bokich \u015bwiatach. &#8211; [&hellip;]<\/p>\n","protected":false},"featured_media":671464,"comment_status":"closed","ping_status":"closed","template":"","meta":{"ub_ctt_via":""},"product_cat":[88,127,89],"product_tag":[218],"class_list":["post-670850","product","type-product","status-publish","has-post-thumbnail","hentry","product_cat-action","product_cat-adventure","product_cat-rpg","product_tag-games","platform-steam-works"],"_links":{"self":[{"href":"https:\/\/neuvee.com\/pl\/wp-json\/wp\/v2\/product\/670850","targetHints":{"allow":["GET"]}}],"collection":[{"href":"https:\/\/neuvee.com\/pl\/wp-json\/wp\/v2\/product"}],"about":[{"href":"https:\/\/neuvee.com\/pl\/wp-json\/wp\/v2\/types\/product"}],"replies":[{"embeddable":true,"href":"https:\/\/neuvee.com\/pl\/wp-json\/wp\/v2\/comments?post=670850"}],"wp:featuredmedia":[{"embeddable":true,"href":"https:\/\/neuvee.com\/pl\/wp-json\/wp\/v2\/media\/671464"}],"wp:attachment":[{"href":"https:\/\/neuvee.com\/pl\/wp-json\/wp\/v2\/media?parent=670850"}],"wp:term":[{"taxonomy":"product_cat","embeddable":true,"href":"https:\/\/neuvee.com\/pl\/wp-json\/wp\/v2\/product_cat?post=670850"},{"taxonomy":"product_tag","embeddable":true,"href":"https:\/\/neuvee.com\/pl\/wp-json\/wp\/v2\/product_tag?post=670850"}],"curies":[{"name":"wp","href":"https:\/\/api.w.org\/{rel}","templated":true}]}}