{"id":670836,"date":"2023-07-31T13:49:56","date_gmt":"2023-07-31T13:49:56","guid":{"rendered":"https:\/\/neuvee.com\/?post_type=product&#038;p=670836"},"modified":"2025-05-19T14:16:08","modified_gmt":"2025-05-19T14:16:08","slug":"the-longest-journey-dreamfall-4","status":"publish","type":"product","link":"https:\/\/neuvee.com\/pl\/product\/the-longest-journey-dreamfall-4\/","title":{"rendered":"THE LONGEST JOURNEY + DREAMFALL"},"content":{"rendered":"<p>The Longest Journey jest niesamowit\u0105 przygod\u00f3wk\u0105, w kt\u00f3rej wraz z&nbsp;g\u0142\u00f3wn\u0105 bohaterk\u0105 April Ryan gracz prze\u017cyje wypraw\u0119 pomi\u0119dzy r\u00f3wnoleg\u0142ymi \u015bwiatami. Wyrusz na niepowtarzaln\u0105 i&nbsp;ekscytuj\u0105c\u0105 w\u0119dr\u00f3wk\u0119, podczas kt\u00f3rej zbadasz nowe miejsca, rozwi\u0105\u017cesz zagadki, poznasz nowych ludzi i&nbsp;zmierzysz si\u0119 z&nbsp;przera\u017caj\u0105cymi potworami. Ucz si\u0119, rozwijaj i&nbsp;prze\u017cyj przygod\u0119 swojego \u017cycia!<\/p>\n<p>Dreamfall: The Longest Journey, wielokrotny zdobywca nagrody E3 za najlepsz\u0105 gr\u0119 w swoim gatunku, to kontynuacja sagi maj\u0105cej sw\u00f3j pocz\u0105tek w wyj\u0105tkowej grze The Longest Journey, jednej z&nbsp;najlepszych gier przygodowych, kt\u00f3re kiedykolwiek wysz\u0142y na rynek. Gra Dreamfall zabiera graczy w epick\u0105 podr\u00f3\u017c pe\u0142n\u0105 odkry\u0107 i&nbsp;przyg\u00f3d, w kt\u00f3rej musz\u0105 stawia\u0107 czo\u0142a wielu wyzwaniom. Dreamfall to w pe\u0142ni interaktywny \u015bwiat, w kt\u00f3rym pi\u0119kna muzyka, zadziwiaj\u0105ce efekty graficzne, fascynuj\u0105ce postaci i&nbsp;nieliniowy przebieg gry zapewniaj\u0105 przygody na zupe\u0142nie innym poziomie. Przygotuj si\u0119 na nowe do\u015bwiadczenia!<\/p>\n<p><\/p>","protected":false},"excerpt":{"rendered":"<p>The Longest Journey jest niesamowit\u0105 przygod\u00f3wk\u0105, w kt\u00f3rej wraz z&nbsp;g\u0142\u00f3wn\u0105 bohaterk\u0105 April Ryan gracz prze\u017cyje wypraw\u0119 pomi\u0119dzy r\u00f3wnoleg\u0142ymi \u015bwiatami. Wyrusz na niepowtarzaln\u0105 i&nbsp;ekscytuj\u0105c\u0105 w\u0119dr\u00f3wk\u0119, podczas kt\u00f3rej zbadasz nowe miejsca, rozwi\u0105\u017cesz zagadki, poznasz nowych ludzi i&nbsp;zmierzysz si\u0119 z&nbsp;przera\u017caj\u0105cymi potworami. Ucz si\u0119, rozwijaj i&nbsp;prze\u017cyj przygod\u0119 swojego \u017cycia! Dreamfall: The Longest Journey, wielokrotny zdobywca nagrody E3 za najlepsz\u0105 [&hellip;]<\/p>\n","protected":false},"featured_media":671131,"comment_status":"closed","ping_status":"closed","template":"","meta":{"ub_ctt_via":""},"product_cat":[88,127,89],"product_tag":[218,264],"class_list":["post-670836","product","type-product","status-publish","has-post-thumbnail","hentry","product_cat-action","product_cat-adventure","product_cat-rpg","product_tag-games","product_tag-weekend-sale","platform-steam-works"],"_links":{"self":[{"href":"https:\/\/neuvee.com\/pl\/wp-json\/wp\/v2\/product\/670836","targetHints":{"allow":["GET"]}}],"collection":[{"href":"https:\/\/neuvee.com\/pl\/wp-json\/wp\/v2\/product"}],"about":[{"href":"https:\/\/neuvee.com\/pl\/wp-json\/wp\/v2\/types\/product"}],"replies":[{"embeddable":true,"href":"https:\/\/neuvee.com\/pl\/wp-json\/wp\/v2\/comments?post=670836"}],"wp:featuredmedia":[{"embeddable":true,"href":"https:\/\/neuvee.com\/pl\/wp-json\/wp\/v2\/media\/671131"}],"wp:attachment":[{"href":"https:\/\/neuvee.com\/pl\/wp-json\/wp\/v2\/media?parent=670836"}],"wp:term":[{"taxonomy":"product_cat","embeddable":true,"href":"https:\/\/neuvee.com\/pl\/wp-json\/wp\/v2\/product_cat?post=670836"},{"taxonomy":"product_tag","embeddable":true,"href":"https:\/\/neuvee.com\/pl\/wp-json\/wp\/v2\/product_tag?post=670836"}],"curies":[{"name":"wp","href":"https:\/\/api.w.org\/{rel}","templated":true}]}}