{"id":670832,"date":"2023-07-31T13:28:53","date_gmt":"2023-07-31T13:28:53","guid":{"rendered":"https:\/\/neuvee.com\/?post_type=product&#038;p=670832"},"modified":"2025-05-19T14:23:05","modified_gmt":"2025-05-19T14:23:05","slug":"mutant-year-zero-road-to-eden-4","status":"publish","type":"product","link":"https:\/\/neuvee.com\/pl\/product\/mutant-year-zero-road-to-eden-4\/","title":{"rendered":"MUTANT YEAR ZERO: ROAD TO EDEN"},"content":{"rendered":"<p>Zesp\u00f3\u0142, w kt\u00f3rego sk\u0142ad wchodz\u0105 projektanci takich tytu\u0142\u00f3w jak HITMAN, czy wsp\u00f3\u0142tw\u00f3rca gry PAYDAY, przedstawia gr\u0119 Mutant Year Zero: Road to Eden \u2013 taktyczn\u0105 gr\u0119 przygodow\u0105 \u0142\u0105cz\u0105c\u0105 system walki turowej znany z&nbsp;serii XCOM z&nbsp;mechanik\u0105 skradania si\u0119 w czasie rzeczywistym oraz&nbsp;odkrywaniem \u015bwiata, w kt\u00f3rym sko\u0144czy\u0142o si\u0119 ju\u017c panowanie rodzaju ludzkiego, opanowanego przez natur\u0119&#8230; i&nbsp;mutanty.<br \/>\nApokalipsa w ko\u0144cu nadesz\u0142a.<br \/>\nPr\u0119dzej czy p\u00f3\u017aniej musia\u0142o do niej doj\u015b\u0107. Powa\u017cne zmiany klimatu, globalny kryzys gospodarczy, pandemia \u015bmierciono\u015bnej choroby, rosn\u0105ce napi\u0119cia mi\u0119dzy starymi i&nbsp;nowymi supermocarstwami&#8230; Po raz pierwszy od 1945 roku w konflikcie zbrojnym u\u017cyto broni atomowej. Od Wschodu po Zach\u00f3d niebo rozb\u0142ysn\u0119\u0142o grzybami atomowymi.<br \/>\nTeraz py\u0142 ju\u017c opad\u0142 i&nbsp;na Ziemi zapanowa\u0142 spok\u00f3j. Natura opanowa\u0142a gruzy miast. Cmentarzyskami pustych ulic hula wiatr.<br \/>\nLudzko\u015b\u0107 wygin\u0119\u0142a. Na szcz\u0105tkach cywilizacji \u017ceruj\u0105 mutanty, zdeformowane humanoidy i&nbsp;zwierz\u0119ta \u2013 szukaj\u0105c ratunku lub&nbsp;po prostu czego\u015b do jedzenia. Aby przetrwa\u0107, musisz razem ze swymi kompanami wyruszy\u0107 na wypraw\u0119 do Zony.<br \/>\nMo\u017ce pewnego dnia odnajdziesz mityczny Eden \u2013 oaz\u0119 zapewniaj\u0105c\u0105 schronienie dawnym mieszka\u0144com Ziemi zawsze, gdy wybucha\u0142o na niej piek\u0142o. Legendy m\u00f3wi\u0105, \u017ce odnajdziesz tam prawd\u0119, odpowiedzi na wszystkie pytania.<br \/>\nA mo\u017ce to tylko bzdury&#8230;<br \/>\nWALKA TAKTYCZNA<br \/>\nMutant Year Zero: Road to Eden to idealna rozrywka dla mi\u0142o\u015bnik\u00f3w strategii taktycznych. Odkryj bogaty system taktycznej walki turowej zainspirowany grami z&nbsp;serii XCOM.<br \/>\nODKRYJ ZIEMI\u0118, NA KT\u00d3REJ NIE MA JU\u017b LUDZI<br \/>\nPrzemierzaj \u015bwiat pozbawiony ludzi \u2013 opuszczone miasta, niszczej\u0105ce drogi i&nbsp;zaro\u015bni\u0119te tereny wiejskie. Kiedy zabraknie ci zapas\u00f3w, wr\u00f3\u0107 do Arki \u2013 sk\u0105panej \u015bwiat\u0142em neon\u00f3w oazy dla szubrawc\u00f3w i&nbsp;szemranych postaci, aby zaplanowa\u0107 kolejn\u0105 wypraw\u0119.<br \/>\nSTERUJ GRUP\u0104 MUTANT\u00d3W<br \/>\nKaczor z&nbsp;wrednym charakterem, czy dzik z&nbsp;napadami w\u015bciek\u0142o\u015bci to bohaterowie, jakich nie spotyka si\u0119 na co dzie\u0144. Poznaj takie postacie jak Dux, Bormin, Selma i&nbsp;wiele innych. Ka\u017cda z&nbsp;nich ma niepowtarzaln\u0105 osobowo\u015b\u0107 i&nbsp;wypaczony ogl\u0105d rzeczywisto\u015bci \u2013 zar\u00f3wno w\u0142asnego po\u0142o\u017cenia, jak i&nbsp;sytuacji na \u015bwiecie.<br \/>\nOPANUJ SKRADANIE SI\u0118 DO PERFEKCJI<br \/>\nPrzemykaj si\u0119 w cieniu, aby unika\u0107 star\u0107 lub&nbsp;przy\u0142apywa\u0107 wrog\u00f3w, kiedy s\u0105 nieprzygotowani do walki. Skradanie si\u0119 w czasie rzeczywistym zapewni ci pe\u0142n\u0105 kontrol\u0119 nad sytuacj\u0105, umo\u017cliwiaj\u0105c w\u015blizgiwanie si\u0119 do oboz\u00f3w wroga, zajmowanie mutantami korzystnych pozycji i&nbsp;przer\u00f3\u017cne zaskakuj\u0105ce strategie.<br \/>\nODBLOKOWUJ MUTACJE<br \/>\nOdblokowuj nowe mutacje i&nbsp;zdolno\u015bci mutant\u00f3w takie jak Kamienna sk\u00f3ra Selmy, Szar\u017ca Bormina, czy niezwyk\u0142y talent Duxa, dzi\u0119ki kt\u00f3remu mo\u017ce zakrada\u0107 si\u0119 niepostrze\u017cenie do oboz\u00f3w pe\u0142nych wrog\u00f3w, mimo \u017ce jest gadaj\u0105cym kaczorem mierz\u0105cym 1,2 metra wzrostu.<br \/>\nDYNAMICZNE OTOCZENIE<br \/>\nZyskuj przewag\u0119 dzi\u0119ki elementom otoczenia. Unikaj reflektor\u00f3w, ukrywaj si\u0119 przed wzrokiem wrog\u00f3w albo&nbsp;po prostu rozwalaj mury i&nbsp;budynki, \u017ceby sia\u0107 chaos i&nbsp;zniszczenie.<br \/>\n\u0141UPY! WSZ\u0118DZIE \u0141UPY!<br \/>\nUzbr\u00f3j swoich mutant\u00f3w po z\u0119by, \u017ceby przygotowa\u0107 ich na czyhaj\u0105ce niebezpiecze\u0144stwa. W grze dost\u0119pne jest mn\u00f3stwo broni \u2013 od prowizorycznych proc po karabiny o&nbsp;du\u017cym zasi\u0119gu, a&nbsp;tak\u017ce ubra\u0144 \u2013 od cylindr\u00f3w po policyjne kamizelki kuloodporne. Nic tak nie oddaje atmosfery \u015bwiata, na kt\u00f3rym nie ma ju\u017c ludzi, jak szar\u017cuj\u0105cy z&nbsp;gar\u0142aczem w r\u0119kach zmutowany dzik w naszpikowanej kolcami metalowej zbroi.<\/p>\n<p><\/p>","protected":false},"excerpt":{"rendered":"<p>Zesp\u00f3\u0142, w kt\u00f3rego sk\u0142ad wchodz\u0105 projektanci takich tytu\u0142\u00f3w jak HITMAN, czy wsp\u00f3\u0142tw\u00f3rca gry PAYDAY, przedstawia gr\u0119 Mutant Year Zero: Road to Eden \u2013 taktyczn\u0105 gr\u0119 przygodow\u0105 \u0142\u0105cz\u0105c\u0105 system walki turowej znany z&nbsp;serii XCOM z&nbsp;mechanik\u0105 skradania si\u0119 w czasie rzeczywistym oraz&nbsp;odkrywaniem \u015bwiata, w kt\u00f3rym sko\u0144czy\u0142o si\u0119 ju\u017c panowanie rodzaju ludzkiego, opanowanego przez natur\u0119&#8230; i&nbsp;mutanty. Apokalipsa w [&hellip;]<\/p>\n","protected":false},"featured_media":671229,"comment_status":"closed","ping_status":"closed","template":"","meta":{"ub_ctt_via":""},"product_cat":[89,222],"product_tag":[218],"class_list":["post-670832","product","type-product","status-publish","has-post-thumbnail","hentry","product_cat-rpg","product_cat-strategy","product_tag-games","platform-steam-works"],"_links":{"self":[{"href":"https:\/\/neuvee.com\/pl\/wp-json\/wp\/v2\/product\/670832","targetHints":{"allow":["GET"]}}],"collection":[{"href":"https:\/\/neuvee.com\/pl\/wp-json\/wp\/v2\/product"}],"about":[{"href":"https:\/\/neuvee.com\/pl\/wp-json\/wp\/v2\/types\/product"}],"replies":[{"embeddable":true,"href":"https:\/\/neuvee.com\/pl\/wp-json\/wp\/v2\/comments?post=670832"}],"wp:featuredmedia":[{"embeddable":true,"href":"https:\/\/neuvee.com\/pl\/wp-json\/wp\/v2\/media\/671229"}],"wp:attachment":[{"href":"https:\/\/neuvee.com\/pl\/wp-json\/wp\/v2\/media?parent=670832"}],"wp:term":[{"taxonomy":"product_cat","embeddable":true,"href":"https:\/\/neuvee.com\/pl\/wp-json\/wp\/v2\/product_cat?post=670832"},{"taxonomy":"product_tag","embeddable":true,"href":"https:\/\/neuvee.com\/pl\/wp-json\/wp\/v2\/product_tag?post=670832"}],"curies":[{"name":"wp","href":"https:\/\/api.w.org\/{rel}","templated":true}]}}