{"id":670829,"date":"2023-07-31T13:27:37","date_gmt":"2023-07-31T13:27:37","guid":{"rendered":"https:\/\/neuvee.com\/?post_type=product&#038;p=670829"},"modified":"2025-05-19T14:15:40","modified_gmt":"2025-05-19T14:15:40","slug":"moons-of-madness-4","status":"publish","type":"product","link":"https:\/\/neuvee.com\/pl\/product\/moons-of-madness-4\/","title":{"rendered":"MOONS OF MADNESS"},"content":{"rendered":"<p>Zarejestrowano tajemniczy sygna\u0142, kt\u00f3rego \u017ar\u00f3d\u0142em jest czerwona planeta.<br \/>\nWiadomo\u015b\u0107 zaskoczy\u0142a naukowc\u00f3w z&nbsp;korporacji Orochi. Analitycy zdekodowali j\u0105 i&nbsp;stwierdzili, \u017ce musia\u0142a zosta\u0107 wys\u0142ana przez inteligentn\u0105 form\u0119 \u017cycia. Mened\u017cerowie szybko doszli do wniosku, \u017ce odkrycie jest zbyt wa\u017cne, aby informowa\u0107 o&nbsp;nim opini\u0119 publiczn\u0105 i&nbsp;postanowili zachowa\u0107 je w tajemnicy. Orochi rozpocz\u0119\u0142o w sekrecie budow\u0119 bazy Pionier Alfa \u2013 supernowoczesnej plac\u00f3wki badawczej na Marsie, kt\u00f3rej zadaniem jest odkrycie prawdy o&nbsp;niezwyk\u0142ej wiadomo\u015bci.<br \/>\nWcielasz si\u0119 w Shane\u2019a Neweharta, in\u017cyniera w bazie Pionier Alfa. Nie masz dost\u0119pu do informacji tajnych, wi\u0119c&nbsp;nie wiesz o&nbsp;istnieniu tajemniczego sygna\u0142u. Twoim zadaniem jest utrzyma\u0107 systemy do chwili, gdy pojawi si\u0119 statek transportowy Cyrano wraz z&nbsp;now\u0105 za\u0142og\u0105.<br \/>\nWkr\u00f3tce natkniesz si\u0119 na dziwne i&nbsp;nietypowe problemy. Zaczn\u0105 szwankowa\u0107 najwa\u017cniejsze systemy, szklarni\u0119 wype\u0142ni jaka\u015b dziwna mgie\u0142ka, a&nbsp;wci\u0105\u017c musisz czeka\u0107 na powr\u00f3t reszty zespo\u0142u z&nbsp;misji poza baz\u0105.<br \/>\nSytuacja pogarsza si\u0119.<br \/>\nZaczynasz widzie\u0107 i&nbsp;s\u0142ysze\u0107 rzeczy, kt\u00f3rych nie ma. Wizje? Halucynacje? A mo\u017ce co\u015b innego? Czy to dzieje si\u0119 naprawd\u0119\u2026 czy zaczynasz wpada\u0107 w ob\u0142\u0119d?<br \/>\nZobacz, jak wygl\u0105da prawdziwie kosmiczny horror<br \/>\nJedyna szansa na ratunek jest oddalona o&nbsp;setki tysi\u0119cy mil. Czeka ci\u0119 wyprawa w \u015bwiat l\u0119k\u00f3w przed odosobnieniem i&nbsp;paranoj\u0105, wzmocnionych elementami nadprzyrodzonymi i&nbsp;groz\u0105 kosmosu. Przera\u017caj\u0105ce wizje i&nbsp;straszliwe widma sprawi\u0105, \u017ce materia rzeczywisto\u015bci zacznie p\u0119ka\u0107, a&nbsp;ty b\u0119dziesz szuka\u0107 odpowiedzi na pytanie, co jest prawdziwe, a&nbsp;co nie.<br \/>\nOdkryj ciemniejsz\u0105 stron\u0119 Marsa<br \/>\nPoruszaj si\u0119 po w pe\u0142ni funkcjonalnej bazie na Marsie. Do jej stworzenia wykorzystano realnie istniej\u0105ce elementy, aby da\u0107 graczom szans\u0119 na prze\u017cycie przygody w wiarygodnym otoczeniu. Pokonaj przeszkody, korzystaj\u0105c mi\u0119dzy innymi z&nbsp;komputer\u00f3w, system\u00f3w elektronicznych, \u0142azik\u00f3w czy paneli s\u0142onecznych, a&nbsp;potem opu\u015b\u0107 stacj\u0119 i&nbsp;odkryj ciemniejsz\u0105 stron\u0119 Marsa.<\/p>\n<p><\/p>","protected":false},"excerpt":{"rendered":"<p>Zarejestrowano tajemniczy sygna\u0142, kt\u00f3rego \u017ar\u00f3d\u0142em jest czerwona planeta. Wiadomo\u015b\u0107 zaskoczy\u0142a naukowc\u00f3w z&nbsp;korporacji Orochi. Analitycy zdekodowali j\u0105 i&nbsp;stwierdzili, \u017ce musia\u0142a zosta\u0107 wys\u0142ana przez inteligentn\u0105 form\u0119 \u017cycia. Mened\u017cerowie szybko doszli do wniosku, \u017ce odkrycie jest zbyt wa\u017cne, aby informowa\u0107 o&nbsp;nim opini\u0119 publiczn\u0105 i&nbsp;postanowili zachowa\u0107 je w tajemnicy. Orochi rozpocz\u0119\u0142o w sekrecie budow\u0119 bazy Pionier Alfa \u2013 supernowoczesnej [&hellip;]<\/p>\n","protected":false},"featured_media":671081,"comment_status":"closed","ping_status":"closed","template":"","meta":{"ub_ctt_via":""},"product_cat":[127],"product_tag":[218],"class_list":["post-670829","product","type-product","status-publish","has-post-thumbnail","hentry","product_cat-adventure","product_tag-games","platform-steam-works"],"_links":{"self":[{"href":"https:\/\/neuvee.com\/pl\/wp-json\/wp\/v2\/product\/670829","targetHints":{"allow":["GET"]}}],"collection":[{"href":"https:\/\/neuvee.com\/pl\/wp-json\/wp\/v2\/product"}],"about":[{"href":"https:\/\/neuvee.com\/pl\/wp-json\/wp\/v2\/types\/product"}],"replies":[{"embeddable":true,"href":"https:\/\/neuvee.com\/pl\/wp-json\/wp\/v2\/comments?post=670829"}],"wp:featuredmedia":[{"embeddable":true,"href":"https:\/\/neuvee.com\/pl\/wp-json\/wp\/v2\/media\/671081"}],"wp:attachment":[{"href":"https:\/\/neuvee.com\/pl\/wp-json\/wp\/v2\/media?parent=670829"}],"wp:term":[{"taxonomy":"product_cat","embeddable":true,"href":"https:\/\/neuvee.com\/pl\/wp-json\/wp\/v2\/product_cat?post=670829"},{"taxonomy":"product_tag","embeddable":true,"href":"https:\/\/neuvee.com\/pl\/wp-json\/wp\/v2\/product_tag?post=670829"}],"curies":[{"name":"wp","href":"https:\/\/api.w.org\/{rel}","templated":true}]}}