{"id":670818,"date":"2023-07-31T13:20:04","date_gmt":"2023-07-31T13:20:04","guid":{"rendered":"https:\/\/neuvee.com\/?post_type=product&#038;p=670818"},"modified":"2025-05-19T14:35:56","modified_gmt":"2025-05-19T14:35:56","slug":"dreamfall-the-longest-journey-4","status":"publish","type":"product","link":"https:\/\/neuvee.com\/pl\/product\/dreamfall-the-longest-journey-4\/","title":{"rendered":"DREAMFALL: THE LONGEST JOURNEY"},"content":{"rendered":"<p>Dreamfall: The Longest Journey, wielokrotny zdobywca nagrody E3 za najlepsz\u0105 gr\u0119 w swoim gatunku, to kontynuacja sagi maj\u0105cej sw\u00f3j pocz\u0105tek w wyj\u0105tkowej grze The Longest Journey, jednej z&nbsp;najlepszych gier przygodowych, kt\u00f3re kiedykolwiek wysz\u0142y na rynek. Gra Dreamfall zabiera graczy w epick\u0105 podr\u00f3\u017c pe\u0142n\u0105 odkry\u0107 i&nbsp;przyg\u00f3d, w kt\u00f3rej musz\u0105 stawia\u0107 czo\u0142a wielu wyzwaniom. Dreamfall to w pe\u0142ni interaktywny \u015bwiat, w kt\u00f3rym pi\u0119kna muzyka, zadziwiaj\u0105ce efekty graficzne, fascynuj\u0105ce postaci i&nbsp;nieliniowy przebieg gry zapewniaj\u0105 przygody na zupe\u0142nie innym poziomie. Przygotuj si\u0119 na nowe do\u015bwiadczenia!<\/p>\n<p>Niespotykana r\u00f3\u017cnorodno\u015b\u0107 przebiegu gry<\/p>\n<p>Nigdy dot\u0105d gry przygodowe nie oferowa\u0142y takiego zr\u00f3\u017cnicowania! U\u017cywaj si\u0142 umys\u0142u i&nbsp;cia\u0142a; skradaj si\u0119, walcz i&nbsp;rozmawiaj podczas wielu przyg\u00f3d w grze. B\u0105d\u017a uprzejmy lub&nbsp;niegrzeczny, m\u00f3w gro\u017anie lub&nbsp;potulnie; w grze Dreamfall to ty podejmujesz decyzje, dzi\u0119ki czemu nigdy nie b\u0119dziesz wiedzie\u0107, czego mo\u017cesz oczekiwa\u0107.<\/p>\n<p>Trzy postaci do wyboru<\/p>\n<p>Prze\u017cyj przygod\u0119 z&nbsp;trzech r\u00f3\u017cnych perspektyw i&nbsp;sprawd\u017a, jak odmienne losy krzy\u017cuj\u0105 si\u0119 w wielkim finale tej widowiskowej historii. Ka\u017cda posta\u0107 ma inne umiej\u0119tno\u015bci i&nbsp;inne spojrzenie na \u015bwiat, co bardzo urozmaica gr\u0119.<\/p>\n<p>Trzy \u015bwiaty<\/p>\n<p>Akcja Dreamfall toczy si\u0119 w trzech realistycznych \u015bwiatach z&nbsp;wieloma postaciami i&nbsp;osza\u0142amiaj\u0105c\u0105 ilo\u015bci\u0105 szczeg\u00f3\u0142\u00f3w. Udaj si\u0119 w podr\u00f3\u017c po futurystycznej wersji naszego \u015bwiata, odwied\u017a kr\u00f3lestwo fantazji i&nbsp;rozwi\u0105\u017c tajemnice krainy Winter.<\/p>\n<p>Unikalna interakcja z&nbsp;otoczeniem<\/p>\n<p>Dzi\u0119ki po\u0142\u0105czeniu klasycznej gry przygodowej w systemie \u201ewska\u017c i&nbsp;kliknij\u201d, w kt\u00f3rej nale\u017cy klika\u0107 okre\u015blone punkty na ekranie, oraz&nbsp;przygodowej gry akcji, w kt\u00f3rej trzeba podej\u015b\u0107 do obiektu, aby wykona\u0107 r\u00f3\u017cne dzia\u0142ania, Dreamfall wprowadza ca\u0142kowicie nowe rozwi\u0105zanie. Dzi\u0119ki intuicyjnemu, zaawansowanemu interfejsowi mo\u017cna ogl\u0105da\u0107 otoczenie z&nbsp;perspektywy postaci, zdobywa\u0107 informacje o&nbsp;oddalonych obiektach i&nbsp;w bardzo prosty spos\u00f3b wykorzystywa\u0107 wszystkie mo\u017cliwo\u015bci gry.<\/p>\n<p>Przejmuj\u0105ca fabu\u0142a z&nbsp;elementami grozy<\/p>\n<p>Dreamfall to fascynuj\u0105ca, zr\u00f3\u017cnicowana fabu\u0142a, \u0142\u0105cz\u0105ca w sobie elementy futurystyczne, fantastyczne i&nbsp;duchowe z&nbsp;w\u0105tkiem o&nbsp;zab\u00f3jstwie, oszustwami i&nbsp;spiskami. Dzi\u0119ki osadzeniu klasycznej gry przygodowej w \u015bwiecie nowoczesnych gier akcji Dremfall zapewnia naprawd\u0119 wyj\u0105tkowe wra\u017cenia.<\/p>\n<p>Zaskakuj\u0105ce efekty i&nbsp;\u015bcie\u017cka d\u017awi\u0119kowa<\/p>\n<p>Poruszaj\u0105ca, imponuj\u0105ca \u015bcie\u017cka d\u017awi\u0119kowa w systemie przestrzennym 7.1. Porywaj\u0105ce g\u0142osy nagrane przez profesjonalnych aktor\u00f3w i&nbsp;realistyczne odg\u0142osy \u015brodowiska gry sprawi\u0105, \u017ce utracisz poczucie rzeczywisto\u015bci.<\/p>\n<p>Gra dla ka\u017cdego<\/p>\n<p>50% graczy pierwotnej wersji The Longest Journey stanowi\u0142y kobiety. Filmowy charakter, wiarygodne postaci, zr\u00f3\u017cnicowana historia i&nbsp;prosty interfejs sprawia, \u017ce Dreamfall to gra przeznaczona zar\u00f3wno dla nastolatk\u00f3w, jak i&nbsp;dla doros\u0142ych.<\/p>\n<p><\/p>","protected":false},"excerpt":{"rendered":"<p>Dreamfall: The Longest Journey, wielokrotny zdobywca nagrody E3 za najlepsz\u0105 gr\u0119 w swoim gatunku, to kontynuacja sagi maj\u0105cej sw\u00f3j pocz\u0105tek w wyj\u0105tkowej grze The Longest Journey, jednej z&nbsp;najlepszych gier przygodowych, kt\u00f3re kiedykolwiek wysz\u0142y na rynek. Gra Dreamfall zabiera graczy w epick\u0105 podr\u00f3\u017c pe\u0142n\u0105 odkry\u0107 i&nbsp;przyg\u00f3d, w kt\u00f3rej musz\u0105 stawia\u0107 czo\u0142a wielu wyzwaniom. Dreamfall to w [&hellip;]<\/p>\n","protected":false},"featured_media":671209,"comment_status":"closed","ping_status":"closed","template":"","meta":{"ub_ctt_via":""},"product_cat":[127,89],"product_tag":[218],"class_list":["post-670818","product","type-product","status-publish","has-post-thumbnail","hentry","product_cat-adventure","product_cat-rpg","product_tag-games","platform-steam-works"],"_links":{"self":[{"href":"https:\/\/neuvee.com\/pl\/wp-json\/wp\/v2\/product\/670818","targetHints":{"allow":["GET"]}}],"collection":[{"href":"https:\/\/neuvee.com\/pl\/wp-json\/wp\/v2\/product"}],"about":[{"href":"https:\/\/neuvee.com\/pl\/wp-json\/wp\/v2\/types\/product"}],"replies":[{"embeddable":true,"href":"https:\/\/neuvee.com\/pl\/wp-json\/wp\/v2\/comments?post=670818"}],"wp:featuredmedia":[{"embeddable":true,"href":"https:\/\/neuvee.com\/pl\/wp-json\/wp\/v2\/media\/671209"}],"wp:attachment":[{"href":"https:\/\/neuvee.com\/pl\/wp-json\/wp\/v2\/media?parent=670818"}],"wp:term":[{"taxonomy":"product_cat","embeddable":true,"href":"https:\/\/neuvee.com\/pl\/wp-json\/wp\/v2\/product_cat?post=670818"},{"taxonomy":"product_tag","embeddable":true,"href":"https:\/\/neuvee.com\/pl\/wp-json\/wp\/v2\/product_tag?post=670818"}],"curies":[{"name":"wp","href":"https:\/\/api.w.org\/{rel}","templated":true}]}}