{"id":670810,"date":"2023-07-31T13:17:26","date_gmt":"2023-07-31T13:17:26","guid":{"rendered":"https:\/\/neuvee.com\/?post_type=product&#038;p=670810"},"modified":"2025-05-19T13:42:49","modified_gmt":"2025-05-19T13:42:49","slug":"conan-chop-chop-4","status":"publish","type":"product","link":"https:\/\/neuvee.com\/pl\/product\/conan-chop-chop-4\/","title":{"rendered":"CONAN CHOP CHOP"},"content":{"rendered":"<p>We\u017a udzia\u0142 w Gniew-a-tonie, diabelskim wyzwaniu stworzonym przez z\u0142owieszczego czarnoksi\u0119\u017cnika Thoth-Amona, pr\u00f3buj\u0105cego uwi\u0119zi\u0107 bohater\u00f3w Hyborii. Mia\u017cd\u017c, niszcz i&nbsp;okaleczaj wrog\u00f3w przy u\u017cyciu arsena\u0142u brutalnych broni, gdy wraz ze znajomymi b\u0119dziecie mierzy\u0107 si\u0119 ze s\u0142ugusami z\u0142a. Ulepszaj swoj\u0105 wiosk\u0119, swoje zdolno\u015bci i&nbsp;siebie (serio, ta gra sprawi, \u017ce staniesz si\u0119 lepszym cz\u0142owiekiem).<\/p>\n<p>Conan Chop Chop to najbardziej epicka i&nbsp;realistyczna gra z&nbsp;kreskowymi ludzikami, jaka kiedykolwiek powsta\u0142a na kanwie \u015bwiata Conana Barbarzy\u0144cy. Odkrywaj fantastycznie dziki \u015bwiat pe\u0142en epickich potyczek z&nbsp;bossami, niebezpiecznych podziemi i&nbsp;niesko\u0144czonych ilo\u015bci \u0142up\u00f3w oraz&nbsp;kombinacji przedmiot\u00f3w.<\/p>\n<p>GRA KOOPERACYJNA ONLINE I LOKALNA<\/p>\n<p>Chocia\u017c mo\u017cesz ratowa\u0107 \u015bwiat samotnie, to gdy wkroczysz w \u015brodek wieloosobowej rozwa\u0142ki zobaczysz, \u017ce Conan Chop Chop jest wprost stworzony rozgrywki dru\u017cynowej. Do wyboru masz rozgrywk\u0119 kooperacyjn\u0105 online lub&nbsp;lokaln\u0105 przeznaczon\u0105 dla 1\u20134 graczy. Staraj si\u0119 ocali\u0107 rzeczywisto\u015b\u0107 w pojedynk\u0119, ze znajomymi, czy te\u017c z&nbsp;losowymi osobami.<\/p>\n<p>WYJ\u0104TKOWI BOHATEROWIE<\/p>\n<p>Lubisz podchodzi\u0107 jak najbli\u017cej czy wolisz strzela\u0107 do przeciwnik\u00f3w z&nbsp;odleg\u0142o\u015bci? Do wyboru masz szeroki wachlarz najs\u0142ynniejszych bohater\u00f3w Hyborii, od machaj\u0105cego mieczem Conana, po w\u0142adaj\u0105c\u0105 \u0142ukiem B\u00ealit. Siekaj, strzelaj lub&nbsp;po prostu rozwalaj wrog\u00f3w na kawa\u0142eczki.<\/p>\n<p>AWANSUJ POSTACI<\/p>\n<p>W Conan Chop Chop co ci\u0119 zabije, to ci\u0119 wzmocni. Wykorzystuj zdobyte do\u015bwiadczenie do odblokowywania unikatowych atut\u00f3w i&nbsp;zdolno\u015bci ka\u017cdego z&nbsp;bohater\u00f3w i&nbsp;pokonaj dzi\u0119ki nim wrog\u00f3w, z&nbsp;kt\u00f3rymi zdarzy\u0142o ci si\u0119 przegra\u0107.<\/p>\n<p>Rozwijaj drzewko zdolno\u015bci ka\u017cdej z&nbsp;postaci i&nbsp;odkrywaj wyj\u0105tkowe kombinacje ich umiej\u0119tno\u015bci.<\/p>\n<p>NIEZLICZONE KOMBINACJE PRZEDMIOT\u00d3W<\/p>\n<p>Zdobywaj nowe zdolno\u015bci, odkrywaj\u0105c najdalsze zak\u0105tki \u015bwiata, zbieraj\u0105c magiczne talizmany, bronie oraz&nbsp;pancerze. Zestawiaj elementy na r\u00f3\u017cne eksperymentalne sposoby, dzi\u0119ki czemu odkryjesz potencjalnie przesadzone umiej\u0119tno\u015bci i&nbsp;nowe sposoby rozgrywki.<\/p>\n<p>MAGICZNIE GENEROWANY \u015aWIAT<\/p>\n<p>W Conan Chop Chop nigdy nie zobaczysz dw\u00f3ch identycznych rozgrywek, a&nbsp;to dzi\u0119ki proceduralnie generowanym mapom i&nbsp;projektom podziemi. Ka\u017cda gra to nowe sklepy, wyzwania i&nbsp;skarby do odkrycia.<\/p>\n<p>BEZWZGL\u0118DNE WALKI Z BOSSAMI<\/p>\n<p>Wystaw swoje zdolno\u015bci na pr\u00f3b\u0119 w walce z&nbsp;takimi bossami, jak kothyjski olbrzymi piaskowy czerw czy vanaheimski lodowy olbrzym. Niekt\u00f3rzy bossowie mog\u0105 nawet przemierza\u0107 dzicz, pilnuj\u0105c z\u0142otych skrzy\u0144, pot\u0119\u017cnych artefakt\u00f3w i&nbsp;innych skarb\u00f3w.<\/p>\n<p><\/p>","protected":false},"excerpt":{"rendered":"<p>We\u017a udzia\u0142 w Gniew-a-tonie, diabelskim wyzwaniu stworzonym przez z\u0142owieszczego czarnoksi\u0119\u017cnika Thoth-Amona, pr\u00f3buj\u0105cego uwi\u0119zi\u0107 bohater\u00f3w Hyborii. Mia\u017cd\u017c, niszcz i&nbsp;okaleczaj wrog\u00f3w przy u\u017cyciu arsena\u0142u brutalnych broni, gdy wraz ze znajomymi b\u0119dziecie mierzy\u0107 si\u0119 ze s\u0142ugusami z\u0142a. Ulepszaj swoj\u0105 wiosk\u0119, swoje zdolno\u015bci i&nbsp;siebie (serio, ta gra sprawi, \u017ce staniesz si\u0119 lepszym cz\u0142owiekiem). Conan Chop Chop to najbardziej epicka [&hellip;]<\/p>\n","protected":false},"featured_media":670983,"comment_status":"closed","ping_status":"closed","template":"","meta":{"ub_ctt_via":""},"product_cat":[88,127,221],"product_tag":[218],"class_list":["post-670810","product","type-product","status-publish","has-post-thumbnail","hentry","product_cat-action","product_cat-adventure","product_cat-indie","product_tag-games","platform-steam-works"],"_links":{"self":[{"href":"https:\/\/neuvee.com\/pl\/wp-json\/wp\/v2\/product\/670810","targetHints":{"allow":["GET"]}}],"collection":[{"href":"https:\/\/neuvee.com\/pl\/wp-json\/wp\/v2\/product"}],"about":[{"href":"https:\/\/neuvee.com\/pl\/wp-json\/wp\/v2\/types\/product"}],"replies":[{"embeddable":true,"href":"https:\/\/neuvee.com\/pl\/wp-json\/wp\/v2\/comments?post=670810"}],"wp:featuredmedia":[{"embeddable":true,"href":"https:\/\/neuvee.com\/pl\/wp-json\/wp\/v2\/media\/670983"}],"wp:attachment":[{"href":"https:\/\/neuvee.com\/pl\/wp-json\/wp\/v2\/media?parent=670810"}],"wp:term":[{"taxonomy":"product_cat","embeddable":true,"href":"https:\/\/neuvee.com\/pl\/wp-json\/wp\/v2\/product_cat?post=670810"},{"taxonomy":"product_tag","embeddable":true,"href":"https:\/\/neuvee.com\/pl\/wp-json\/wp\/v2\/product_tag?post=670810"}],"curies":[{"name":"wp","href":"https:\/\/api.w.org\/{rel}","templated":true}]}}