{"id":670804,"date":"2023-07-31T13:31:36","date_gmt":"2023-07-31T13:31:36","guid":{"rendered":"https:\/\/neuvee.com\/?post_type=product&#038;p=670804"},"modified":"2025-05-19T14:24:55","modified_gmt":"2025-05-19T14:24:55","slug":"mutant-year-zero-seed-of-evil-4","status":"publish","type":"product","link":"https:\/\/neuvee.com\/pl\/product\/mutant-year-zero-seed-of-evil-4\/","title":{"rendered":"MUTANT YEAR ZERO: SEED OF EVIL"},"content":{"rendered":"<p>Seed\u202fof\u202fEvil\u202fto rozszerzenie nagradzanej fabularnej gry taktycznej Mutant\u202fYear\u202fZero: Road to Eden. Jego fabu\u0142a jest kontynuacj\u0105 oryginalnej gry. Na graczy czeka jeszcze wi\u0119cej zabawy, nowe lokalizacje i&nbsp;nowy grywalny bohater!<br \/>\nKontynuuj g\u0142\u00f3wny w\u0105tek fabularny i&nbsp;odkryj now\u0105 zawarto\u015b\u0107, kt\u00f3ra zapewni ci wiele godzin rozgrywki. W\u0142\u0105cz do dru\u017cyny szperaczy prawdziwego weterana \u2013 \u0142osia Wielkiego Khana. Wsp\u00f3lnie z&nbsp;Duksem, Borminem, Selm\u0105 i&nbsp;reszt\u0105 przygotuj si\u0119 na starcie z&nbsp;nowym zagro\u017ceniem.<br \/>\nW rozszerzeniu Seed\u202fof\u202fEvil musisz rozwi\u0105za\u0107 zagadk\u0119 pot\u0119\u017cnych, z\u0142owieszczych korzeni, kt\u00f3re opanowa\u0142y Ark\u0119. Odkryj wielkie mapy, walcz z&nbsp;nowymi wrogami, ulepszaj mutacje i&nbsp;zdob\u0105d\u017a niesamowity sprz\u0119t. Pokonaj z\u0142oczy\u0144c\u00f3w, kt\u00f3rzy usi\u0142uj\u0105 na nowo przej\u0105\u0107 utracony teren, i&nbsp;zmierz si\u0119 z&nbsp;nowym, perfidnym przeciwnikiem.<br \/>\nSugerujemy uko\u0144czenie g\u0142\u00f3wnego w\u0105tku Road to Eden, zanim rozpoczniesz Seed of Evil, ze wzgl\u0119du na spoilery oraz&nbsp;poziom przeciwnik\u00f3w w nowej zawarto\u015bci.<br \/>\nKontynuuj g\u0142\u00f3wny w\u0105tek<br \/>\nPrzekonaj si\u0119, jak potoczy\u0142a si\u0119 historia po zako\u0144czeniu Mutant Year Zero: Road to Eden. Wkrocz w now\u0105 rzeczywisto\u015b\u0107 z&nbsp;Borminem, Duksem, Prippem i&nbsp;pozosta\u0142ymi mieszka\u0144cami Arki. Jak poradz\u0105 sobie ze wszystkim, czego si\u0119 dowiedzieli?<br \/>\nGraj jako nowy mutant: Wielki Khan<br \/>\nMo\u017cesz teraz doda\u0107 \u0142osia Wielkiego Khana do swojej dru\u017cyny mutant\u00f3w. To do\u015bwiadczony szperacz, kt\u00f3ra od dawna samotnie przemierza Stref\u0119. Jest specem od trafie\u0144 krytycznych, a&nbsp;tak\u017ce wyj\u0105tkowych mutacji, takich jak \u0141upni\u0119cie w ziemi\u0119 i&nbsp;Ognisty rzyg. Dzi\u0119ki nim \u015bwietnie sobie radzi z&nbsp;grupami wrog\u00f3w.<br \/>\nZmierz si\u0119 z&nbsp;nowym zagro\u017ceniem<br \/>\nW Arce dzieje si\u0119 co\u015b dziwnego \u2013 oplot\u0142y j\u0105 tajemnicze korzenie, a&nbsp;wielu mieszka\u0144c\u00f3w zmieni\u0142o si\u0119 nie do poznania. Nawet ghule ze Strefy s\u0105 zagro\u017cone. Tylko ty i&nbsp;twoja dru\u017cyna szperaczy mo\u017cecie wszystko naprostowa\u0107!<br \/>\nSp\u0119d\u017a wiele godzin z&nbsp;now\u0105 zawarto\u015bci\u0105<br \/>\nWalcz z&nbsp;nowymi wrogami w Sali Elektrycznych Trumien i&nbsp;Mauzoleum Przedmie\u015bcia. W ramach nowego w\u0105tku w Seed\u202fof\u202fEvil czeka ci\u0119 mn\u00f3stwo wyzwa\u0144 i&nbsp;brutalnych potyczek. Modyfikuj taktyk\u0119, gdy przyjdzie ci walczy\u0107 z&nbsp;nieznanymi dot\u0105d przeciwnikami.<br \/>\nUlepsz mutacje szperaczy<br \/>\nZyskaj wi\u0119cej si\u0142y dzi\u0119ki ulepszeniu Wieprzni\u0119cia do Nied\u017awiedziego ciosu. Zamie\u0144 Trupojada na Trupo\u017cera, aby odzyskiwa\u0107 PZ, nie zu\u017cywaj\u0105c przy tym PA. Ulepsz Skrzyd\u0142a \u0107my Duksa do Skrzyde\u0142 snajpera i&nbsp;nie przejmuj si\u0119 wi\u0119cej kar\u0105 do zasi\u0119gu.<br \/>\nOdzyskaj utracone terytorium<br \/>\nOdwied\u017a ponownie W\u0142\u00f3czni\u0119 Niebios i&nbsp;Morskich tytan\u00f3w. W miejscach, kt\u00f3re uda\u0142o ci si\u0119 oczy\u015bci\u0107 z&nbsp;przeciwnik\u00f3w, zn\u00f3w roi si\u0119 od ghuli i&nbsp;bot\u00f3w policyjnych. Nigdy dot\u0105d nie by\u0142y takie pot\u0119\u017cne!&#8221;<\/p>\n<p><\/p>","protected":false},"excerpt":{"rendered":"<p>Seed\u202fof\u202fEvil\u202fto rozszerzenie nagradzanej fabularnej gry taktycznej Mutant\u202fYear\u202fZero: Road to Eden. Jego fabu\u0142a jest kontynuacj\u0105 oryginalnej gry. Na graczy czeka jeszcze wi\u0119cej zabawy, nowe lokalizacje i&nbsp;nowy grywalny bohater! Kontynuuj g\u0142\u00f3wny w\u0105tek fabularny i&nbsp;odkryj now\u0105 zawarto\u015b\u0107, kt\u00f3ra zapewni ci wiele godzin rozgrywki. W\u0142\u0105cz do dru\u017cyny szperaczy prawdziwego weterana \u2013 \u0142osia Wielkiego Khana. Wsp\u00f3lnie z&nbsp;Duksem, Borminem, Selm\u0105 i&nbsp;reszt\u0105 [&hellip;]<\/p>\n","protected":false},"featured_media":671288,"comment_status":"closed","ping_status":"closed","template":"","meta":{"ub_ctt_via":""},"product_cat":[89,222],"product_tag":[218],"class_list":["post-670804","product","type-product","status-publish","has-post-thumbnail","hentry","product_cat-rpg","product_cat-strategy","product_tag-games","platform-steam-works"],"_links":{"self":[{"href":"https:\/\/neuvee.com\/pl\/wp-json\/wp\/v2\/product\/670804","targetHints":{"allow":["GET"]}}],"collection":[{"href":"https:\/\/neuvee.com\/pl\/wp-json\/wp\/v2\/product"}],"about":[{"href":"https:\/\/neuvee.com\/pl\/wp-json\/wp\/v2\/types\/product"}],"replies":[{"embeddable":true,"href":"https:\/\/neuvee.com\/pl\/wp-json\/wp\/v2\/comments?post=670804"}],"wp:featuredmedia":[{"embeddable":true,"href":"https:\/\/neuvee.com\/pl\/wp-json\/wp\/v2\/media\/671288"}],"wp:attachment":[{"href":"https:\/\/neuvee.com\/pl\/wp-json\/wp\/v2\/media?parent=670804"}],"wp:term":[{"taxonomy":"product_cat","embeddable":true,"href":"https:\/\/neuvee.com\/pl\/wp-json\/wp\/v2\/product_cat?post=670804"},{"taxonomy":"product_tag","embeddable":true,"href":"https:\/\/neuvee.com\/pl\/wp-json\/wp\/v2\/product_tag?post=670804"}],"curies":[{"name":"wp","href":"https:\/\/api.w.org\/{rel}","templated":true}]}}