{"id":669499,"date":"2023-07-27T20:21:08","date_gmt":"2023-07-27T20:21:08","guid":{"rendered":"https:\/\/neuvee.com\/?post_type=product&#038;p=669499"},"modified":"2025-05-19T13:26:41","modified_gmt":"2025-05-19T13:26:41","slug":"tower-57","status":"publish","type":"product","link":"https:\/\/neuvee.com\/pl\/product\/tower-57\/","title":{"rendered":"TOWER 57"},"content":{"rendered":"<p>TOWER 57 W PIGU\u0141CE<\/p>\n<p>W dystopijnym, dieselpunkowym \u015bwiecie, gdzie Megawie\u017ce s\u0105 ostatnimi enklawami cywilizacji, grupa ekscentrycznych osobnik\u00f3w udaje si\u0119 z&nbsp;tajn\u0105 misj\u0105 do Wie\u017cy 57. Ich talenty, pojemno\u015b\u0107 magazynka oraz&nbsp;umiej\u0119tno\u015b\u0107 wsp\u00f3\u0142pracy zadecyduj\u0105 o&nbsp;ich losie.<\/p>\n<p>Tower 57 to twin-stick shooter w starym, dobrym stylu. Ubrany w 16-bitowe szaty, wype\u0142niony eksplozjami i&nbsp;zapachem strzelniczego prochu.<br \/>\n\u015awietny w trybie jednoosobowym, w kooperacji tylko zyskuje. Tower 57 to wreszcie odpowied\u017a na to, jak mog\u0142yby wygl\u0105da\u0107 wsp\u00f3\u0142czesne amigowe hity.<\/p>\n<p>PRASA O TOWER 57<\/p>\n<p>(&#8230;) gorgeous artwork, action-packed gameplay and a&nbsp;seriously cool vibe.<br \/>\n &#8211; Hardcore Gamer<\/p>\n<p> 'Okay, so now you have to go over there and buy new legs,&#8217; the producer told me. Sold. I&#8217;m on board with this. Sometimes, it&#8217;s the little things.<br \/>\n(&#8230;) Tower 57 could be the next great indie co-op game.<br \/>\n &#8211; WorthPlaying<\/p>\n<p>Tower 57 just wants to be a&nbsp;fun and crazy shooter for players, providing chaos and mayhem and crazy characters like Abe Lincoln with cyborg legs, and what\u2019s a&nbsp;bullet hell shoot-em-up without a&nbsp;cyborg Abraham Lincoln?<br \/>\n &#8211; PlayStation LifeStyle<\/p>\n<p>(&#8230;) one of my most eagerly awaited games and a&nbsp;Kickstarter and Steam Greenlight success.<br \/>\n &#8211; IndieRetroNews<\/p>\n<p>O GRZE:<\/p>\n<p>RETRO ROZWA\u0141KA<\/p>\n<p>Nie ma szko\u0142y, jak stara szko\u0142a! Siej spustoszenie i&nbsp;nie daj si\u0119 zabi\u0107! Tower 57 to nie kaszka z&nbsp;mleczkiem. Liczba \u017cy\u0107 jest tu ograniczona, przeciwnicy bezlito\u015bni, a&nbsp;poziom trudno\u015bci wy\u015brubowany!<\/p>\n<p>WYBUCHOWE ZABAWKI<\/p>\n<p>Wybierz jedn\u0105 z&nbsp;wyj\u0105tkowych postaci &#8211; ka\u017cd\u0105 o&nbsp;odmiennych umiej\u0119tno\u015bciach i&nbsp;z bogatym wachlarzem gad\u017cet\u00f3w i&nbsp;ulepsze\u0144. Je\u017celi przez przypadek co\u015b urwie Ci r\u0119k\u0119 b\u0105d\u017a&nbsp;nog\u0119 &#8211; nie przejmuj si\u0119! Zawsze mo\u017cesz j\u0105 zast\u0105pi\u0107 now\u0105, pot\u0119\u017cniejsz\u0105 wersj\u0105!<\/p>\n<p>WSP\u00d3\u0141PRACA<\/p>\n<p>Zniszczenie smakuje najlepiej, gdy si\u0119 nim dzielimy. Kampani\u0119 w Tower 57 mo\u017cesz uko\u0144czy\u0107 zar\u00f3wno w trybie dla pojedynczego gracza, jak i&nbsp;w trybie wsp\u00f3\u0142pracy (lokalnie lub&nbsp;online). Flankuj przeciwnik\u00f3w, wmanewruj w zasadzki oraz&nbsp;korzystaj z&nbsp;uzbrojenia zaprojektowanego z&nbsp;my\u015bl\u0105 o&nbsp;trybie kooperacji!<\/p>\n<p>DIESELPUNKOWY \u015aWIAT<\/p>\n<p>Zapomnij o&nbsp;przewodnikach dla turyst\u00f3w! Aby pozna\u0107 Wie\u017c\u0119, musisz si\u0119 w niej zgubi\u0107, odkry\u0107 ukryte przej\u015bcia, zapomniane uliczki oraz&nbsp;(a mo\u017ce przede wszystkim) t\u0119tni\u0105ce \u017cyciem centrum. Nie wierzymy te\u017c w przypadki &#8211; w Wie\u017cy nie ma miejsca na poziomy generowane losowo &#8211; wszystkie wn\u0119trza zosta\u0142y starannie dopieszczone. Z dok\u0142adno\u015bci\u0105 do jednego piksela!<\/p>\n<p>PO\u017bOGA I ANIHILACJA<\/p>\n<p>Mia\u017cd\u017c, t\u0119p, burz, kurz, rwij i&nbsp;r\u00f3wnaj z&nbsp;ziemi\u0105! Prze\u0142aduj. Powt\u00f3rz. Lubujemy si\u0119 w eksplozjach, a&nbsp;w Wie\u017cy 57 wszystko &#8211; od beczek, skrzynek, przez meble, po samochody, czo\u0142gi i&nbsp;budynki &#8211; da si\u0119 zniszczy\u0107! Nie kr\u0119puj si\u0119 wi\u0119c&nbsp;i&nbsp;pozostaw sw\u00f3j trwa\u0142y \u015blad.<\/p>\n<p>ADWERSARZE<\/p>\n<p>Strze\u017c si\u0119 &#8211; niebezpiecze\u0144stwa czyhaj\u0105! Wrogowie odradzaj\u0105 si\u0119 nagle, by zakrada\u0107 si\u0119 na Twoje ty\u0142y. S\u0105 nieprzewidywalni i&nbsp;atakuj\u0105 bez ostrze\u017ce\u0144. Naucz si\u0119 ich mocnych stron, ale przede wszystkim poznaj s\u0142abo\u015bci. Wiedza odr\u00f3\u017cnia tajnego agenta od martwego tajnego agenta.<\/p>\n<p><\/p>","protected":false},"excerpt":{"rendered":"<p>TOWER 57 W PIGU\u0141CE W dystopijnym, dieselpunkowym \u015bwiecie, gdzie Megawie\u017ce s\u0105 ostatnimi enklawami cywilizacji, grupa ekscentrycznych osobnik\u00f3w udaje si\u0119 z&nbsp;tajn\u0105 misj\u0105 do Wie\u017cy 57. Ich talenty, pojemno\u015b\u0107 magazynka oraz&nbsp;umiej\u0119tno\u015b\u0107 wsp\u00f3\u0142pracy zadecyduj\u0105 o&nbsp;ich losie. Tower 57 to twin-stick shooter w starym, dobrym stylu. Ubrany w 16-bitowe szaty, wype\u0142niony eksplozjami i&nbsp;zapachem strzelniczego prochu. \u015awietny w trybie jednoosobowym, [&hellip;]<\/p>\n","protected":false},"featured_media":669658,"comment_status":"closed","ping_status":"closed","template":"","meta":{"ub_ctt_via":""},"product_cat":[88,221],"product_tag":[218],"class_list":["post-669499","product","type-product","status-publish","has-post-thumbnail","hentry","product_cat-action","product_cat-indie","product_tag-games","platform-steam-works"],"_links":{"self":[{"href":"https:\/\/neuvee.com\/pl\/wp-json\/wp\/v2\/product\/669499","targetHints":{"allow":["GET"]}}],"collection":[{"href":"https:\/\/neuvee.com\/pl\/wp-json\/wp\/v2\/product"}],"about":[{"href":"https:\/\/neuvee.com\/pl\/wp-json\/wp\/v2\/types\/product"}],"replies":[{"embeddable":true,"href":"https:\/\/neuvee.com\/pl\/wp-json\/wp\/v2\/comments?post=669499"}],"wp:featuredmedia":[{"embeddable":true,"href":"https:\/\/neuvee.com\/pl\/wp-json\/wp\/v2\/media\/669658"}],"wp:attachment":[{"href":"https:\/\/neuvee.com\/pl\/wp-json\/wp\/v2\/media?parent=669499"}],"wp:term":[{"taxonomy":"product_cat","embeddable":true,"href":"https:\/\/neuvee.com\/pl\/wp-json\/wp\/v2\/product_cat?post=669499"},{"taxonomy":"product_tag","embeddable":true,"href":"https:\/\/neuvee.com\/pl\/wp-json\/wp\/v2\/product_tag?post=669499"}],"curies":[{"name":"wp","href":"https:\/\/api.w.org\/{rel}","templated":true}]}}