{"id":669491,"date":"2023-07-27T20:19:20","date_gmt":"2023-07-27T20:19:20","guid":{"rendered":"https:\/\/neuvee.com\/?post_type=product&#038;p=669491"},"modified":"2025-05-19T13:43:07","modified_gmt":"2025-05-19T13:43:07","slug":"this-war-of-mine-stories-the-last-broadcast-ep-2-4","status":"publish","type":"product","link":"https:\/\/neuvee.com\/pl\/product\/this-war-of-mine-stories-the-last-broadcast-ep-2-4\/","title":{"rendered":"THIS WAR OF MINE: STORIES &#8211; THE LAST BROADCAST (EP.2)"},"content":{"rendered":"<p>\u2018The Last Broadcast\u2019 jest drug\u0105 cz\u0119\u015bci\u0105 w serii This War of Mine: Stories. Odcinek stworzony na podstawie pomys\u0142u utalentowanej Meg Jayanth (80 Days) opowiada o&nbsp;roli prawdy w trudnych czasach. Jako operator transmisji radiowych w zniszczonym wojn\u0105 mie\u015bcie musisz zdecydowa\u0107 o&nbsp;tym, czy prawda mo\u017ce by\u0107 czasem po\u015bwi\u0119cona dla dobra sprawy. Jak powiedzia\u0142 niegdy\u015b Ira Glass: \u201eW radiu pos\u0142ugujemy si\u0119 dwoma narz\u0119dziami. D\u017awi\u0119kiem i&nbsp;cisz\u0105\u201d.<br \/>\nDLC The Last Broadcast zawiera:<\/p>\n<p>&#8211; 7 od\u015bwie\u017conych lokacji<\/p>\n<p>&#8211; 4 nowe lokacje<\/p>\n<p>&#8211; nowe schronienie<\/p>\n<p>&#8211; nowe grywalne postacie<\/p>\n<p>&#8211; nowe mechaniki radiowe<\/p>\n<p>&#8211; nowe mechaniki \u015bledcze i&nbsp;reporterskie<\/p>\n<p>&#8211; nowe mechaniki dylemat\u00f3w<\/p>\n<p>&#8211; nieliniow\u0105 histori\u0119 z&nbsp;sze\u015bcioma r\u00f3\u017cnymi zako\u0144czeniami<\/p>\n<p><\/p>","protected":false},"excerpt":{"rendered":"<p>\u2018The Last Broadcast\u2019 jest drug\u0105 cz\u0119\u015bci\u0105 w serii This War of Mine: Stories. Odcinek stworzony na podstawie pomys\u0142u utalentowanej Meg Jayanth (80 Days) opowiada o&nbsp;roli prawdy w trudnych czasach. Jako operator transmisji radiowych w zniszczonym wojn\u0105 mie\u015bcie musisz zdecydowa\u0107 o&nbsp;tym, czy prawda mo\u017ce by\u0107 czasem po\u015bwi\u0119cona dla dobra sprawy. Jak powiedzia\u0142 niegdy\u015b Ira Glass: \u201eW [&hellip;]<\/p>\n","protected":false},"featured_media":670017,"comment_status":"closed","ping_status":"closed","template":"","meta":{"ub_ctt_via":""},"product_cat":[127,221,78],"product_tag":[218],"class_list":["post-669491","product","type-product","status-publish","has-post-thumbnail","hentry","product_cat-adventure","product_cat-indie","product_cat-simulation","product_tag-games","platform-steam-works"],"_links":{"self":[{"href":"https:\/\/neuvee.com\/pl\/wp-json\/wp\/v2\/product\/669491","targetHints":{"allow":["GET"]}}],"collection":[{"href":"https:\/\/neuvee.com\/pl\/wp-json\/wp\/v2\/product"}],"about":[{"href":"https:\/\/neuvee.com\/pl\/wp-json\/wp\/v2\/types\/product"}],"replies":[{"embeddable":true,"href":"https:\/\/neuvee.com\/pl\/wp-json\/wp\/v2\/comments?post=669491"}],"wp:featuredmedia":[{"embeddable":true,"href":"https:\/\/neuvee.com\/pl\/wp-json\/wp\/v2\/media\/670017"}],"wp:attachment":[{"href":"https:\/\/neuvee.com\/pl\/wp-json\/wp\/v2\/media?parent=669491"}],"wp:term":[{"taxonomy":"product_cat","embeddable":true,"href":"https:\/\/neuvee.com\/pl\/wp-json\/wp\/v2\/product_cat?post=669491"},{"taxonomy":"product_tag","embeddable":true,"href":"https:\/\/neuvee.com\/pl\/wp-json\/wp\/v2\/product_tag?post=669491"}],"curies":[{"name":"wp","href":"https:\/\/api.w.org\/{rel}","templated":true}]}}