{"id":669483,"date":"2023-07-27T20:17:09","date_gmt":"2023-07-27T20:17:09","guid":{"rendered":"https:\/\/neuvee.com\/?post_type=product&#038;p=669483"},"modified":"2025-05-19T14:29:53","modified_gmt":"2025-05-19T14:29:53","slug":"this-war-of-mine-stories-season-pass-4","status":"publish","type":"product","link":"https:\/\/neuvee.com\/pl\/product\/this-war-of-mine-stories-season-pass-4\/","title":{"rendered":"THIS WAR OF MINE: STORIES &#8211; SEASON PASS"},"content":{"rendered":"<p>Zyskaj dost\u0119p do pe\u0142nego zestawu trzech nowych opowie\u015bci ze \u015bwiata This War of Mine!<br \/>\nDzi\u0119ki przepustce sezonowej zdob\u0119dziesz zawarto\u015b\u0107 w lepszej cenie. Wszystkie dost\u0119pne opowie\u015bci mo\u017cna pobra\u0107 bezpo\u015brednio z&nbsp;poziomu gry. Do gry niezb\u0119dne jest posiadanie podstawowej wersji This War of Mine na platformie Steam.<br \/>\nRozdzia\u0142 1.:<br \/>\nFather&#8217;s Promise<br \/>\n opowiada o&nbsp;losach rodziny, kt\u00f3ra stara si\u0119 zachowa\u0107 resztki cz\u0142owiecze\u0144stwa w czasach rozpaczy i&nbsp;okrucie\u0144stwa.<br \/>\nDodatek Father&#8217;s Promise wprowadza:<\/p>\n<p>&#8211; zupe\u0142nie now\u0105 histori\u0119 opart\u0105 na s\u0142uchowisku s\u0142ynnego polskiego pisarza, \u0141ukasza Orbitowskiego<\/p>\n<p>&#8211; 4 nowe lokacje<\/p>\n<p>&#8211; 5 odnowionych lokacji<\/p>\n<p>&#8211; now\u0105 mechanik\u0119 rozgrywki: system dialog\u00f3w i&nbsp;szukania wskaz\u00f3wek<br \/>\nW rozdziale 2.:<br \/>\nThe Last Broadcast<br \/>\n wcielasz si\u0119 w rol\u0119 operatora radiowego, kt\u00f3ry b\u0119dzie musia\u0142 zdecydowa\u0107, czy jest cena, jakiej nie warto p\u0142aci\u0107 za prawd\u0119.<br \/>\nDodatek The Last Broadcast wprowadza:<\/p>\n<p>&#8211; 7 odnowionych lokacji<\/p>\n<p>&#8211; 4 nowe lokacje<\/p>\n<p>&#8211; nowe schronienie<\/p>\n<p>&#8211; nowe grywalne postacie<\/p>\n<p>&#8211; now\u0105 mechanik\u0119 radiow\u0105<\/p>\n<p>&#8211; now\u0105 mechanik\u0119 \u015bledcz\u0105 i&nbsp;reportersk\u0105<\/p>\n<p>&#8211; now\u0105 mechanik\u0119 dylemat\u00f3w<\/p>\n<p>&#8211; nieliniow\u0105 histori\u0119 z&nbsp;sze\u015bcioma r\u00f3\u017cnymi zako\u0144czeniami<br \/>\nRozdzia\u0142 3.:<br \/>\nFading Embers:<br \/>\n opowiada o&nbsp;losach Anji, kt\u00f3ra \u017cyj\u0105c w strefie walk i&nbsp;nios\u0105c ci\u0119\u017ckie brzemi\u0119, szuka odpowiedzi na pytanie o&nbsp;to, co jest wa\u017cniejsze \u2013 przetrwanie dziedzictwa spo\u0142eczno\u015bci czy przetrwanie jednego cz\u0142owieka.<br \/>\nDodatek Fading Embers wprowadza:<\/p>\n<p>&#8211; nowe sposoby prowadzenia opowie\u015bci<\/p>\n<p>&#8211; now\u0105 lokacj\u0119 centraln\u0105, w kt\u00f3rej mo\u017cna \u015bledzi\u0107 swoje post\u0119py<\/p>\n<p>&#8211; mechanik\u0119 zarz\u0105dzania kolekcjami, w tym:<\/p>\n<p>&#8211; zabezpieczanie kolekcji sztuki<\/p>\n<p>&#8211; mo\u017cliwo\u015b\u0107 gromadzenia nowych dzie\u0142 sztuki<\/p>\n<p>&#8211; decydowanie o&nbsp;ich losie<\/p>\n<p>&#8211; zupe\u0142nie nowe lokacje i&nbsp;scenerie<\/p>\n<p>&#8211; dwa nowe schronienia<\/p>\n<p>&#8211; 9 udoskonalonych lokacji z&nbsp;podstawowej wersji gry<\/p>\n<p>&#8211; 3 nowych grywalnych ocala\u0142ych: Anj\u0119, Rubena i&nbsp;Zorana<\/p>\n<p><\/p>","protected":false},"excerpt":{"rendered":"<p>Zyskaj dost\u0119p do pe\u0142nego zestawu trzech nowych opowie\u015bci ze \u015bwiata This War of Mine! Dzi\u0119ki przepustce sezonowej zdob\u0119dziesz zawarto\u015b\u0107 w lepszej cenie. Wszystkie dost\u0119pne opowie\u015bci mo\u017cna pobra\u0107 bezpo\u015brednio z&nbsp;poziomu gry. Do gry niezb\u0119dne jest posiadanie podstawowej wersji This War of Mine na platformie Steam. Rozdzia\u0142 1.: Father&#8217;s Promise opowiada o&nbsp;losach rodziny, kt\u00f3ra stara si\u0119 zachowa\u0107 [&hellip;]<\/p>\n","protected":false},"featured_media":670464,"comment_status":"closed","ping_status":"closed","template":"","meta":{"ub_ctt_via":""},"product_cat":[127,221,78],"product_tag":[218],"class_list":["post-669483","product","type-product","status-publish","has-post-thumbnail","hentry","product_cat-adventure","product_cat-indie","product_cat-simulation","product_tag-games","platform-steam-works"],"_links":{"self":[{"href":"https:\/\/neuvee.com\/pl\/wp-json\/wp\/v2\/product\/669483","targetHints":{"allow":["GET"]}}],"collection":[{"href":"https:\/\/neuvee.com\/pl\/wp-json\/wp\/v2\/product"}],"about":[{"href":"https:\/\/neuvee.com\/pl\/wp-json\/wp\/v2\/types\/product"}],"replies":[{"embeddable":true,"href":"https:\/\/neuvee.com\/pl\/wp-json\/wp\/v2\/comments?post=669483"}],"wp:featuredmedia":[{"embeddable":true,"href":"https:\/\/neuvee.com\/pl\/wp-json\/wp\/v2\/media\/670464"}],"wp:attachment":[{"href":"https:\/\/neuvee.com\/pl\/wp-json\/wp\/v2\/media?parent=669483"}],"wp:term":[{"taxonomy":"product_cat","embeddable":true,"href":"https:\/\/neuvee.com\/pl\/wp-json\/wp\/v2\/product_cat?post=669483"},{"taxonomy":"product_tag","embeddable":true,"href":"https:\/\/neuvee.com\/pl\/wp-json\/wp\/v2\/product_tag?post=669483"}],"curies":[{"name":"wp","href":"https:\/\/api.w.org\/{rel}","templated":true}]}}