{"id":669436,"date":"2023-07-27T20:12:35","date_gmt":"2023-07-27T20:12:35","guid":{"rendered":"https:\/\/neuvee.com\/?post_type=product&#038;p=669436"},"modified":"2025-05-19T14:26:19","modified_gmt":"2025-05-19T14:26:19","slug":"this-war-of-mine-stories-fathers-promise-ep1-4","status":"publish","type":"product","link":"https:\/\/neuvee.com\/pl\/product\/this-war-of-mine-stories-fathers-promise-ep1-4\/","title":{"rendered":"THIS WAR OF MINE: STORIES &#8211; FATHER&#8217;S PROMISE (EP,1)"},"content":{"rendered":"<p>Dodatek Father&#8217;s Promise to oryginalna historia, kt\u00f3rej akcja rozgrywa si\u0119 w \u015bwiecie This War of Mine. Opowiada o&nbsp;losach rodziny, kt\u00f3ra z&nbsp;ca\u0142ych si\u0142 stara si\u0119 zachowa\u0107 resztki cz\u0142owiecze\u0144stwa w czasach rozpaczy i&nbsp;okrucie\u0144stwa.<br \/>\nWciel si\u0119 w posta\u0107 Adama \u2013 ojca, kt\u00f3ry pr\u00f3buje uchroni\u0107 c\u00f3rk\u0119 przed koszmarem wojny i&nbsp;uciec z&nbsp;obl\u0119\u017conego miasta. Pod\u0105\u017caj ich \u015bladem i&nbsp;poznaj histori\u0119 o&nbsp;mi\u0142o\u015bci, nienawi\u015bci i&nbsp;stracie \u2013 emocjach, kt\u00f3re odczuwamy w najmroczniejszych chwilach.<br \/>\nFather&#8217;s Promise to ca\u0142kiem nowa, wyj\u0105tkowa przygoda, zawieraj\u0105ca dodatkow\u0105 mechanik\u0119 gry i&nbsp;kilka godzin sk\u0142aniaj\u0105cej do przemy\u015ble\u0144 rozgrywki. To tak\u017ce wst\u0119p do pierwszej serii This War of Mine: Stories. Nast\u0119pne rozdzia\u0142y pojawi\u0105 si\u0119 w 2018 roku.<br \/>\nDodatek Father&#8217;s Promise to:<br \/>\n\u2013 ca\u0142kiem nowa historia na podstawie s\u0142uchowiska napisanego przez znanego polskiego autora, \u0141ukasza Orbitowskiego<br \/>\n\u2013 4 nowe lokacje<br \/>\n\u2013 5 zrekonstruowanych i&nbsp;odnowionych lokacji<br \/>\n\u2013 nowa mechanika gry: system dialog\u00f3w i&nbsp;szukania wskaz\u00f3wek<br \/>\n\u2013 nowe przedmioty fabularne<\/p>\n<p><\/p>","protected":false},"excerpt":{"rendered":"<p>Dodatek Father&#8217;s Promise to oryginalna historia, kt\u00f3rej akcja rozgrywa si\u0119 w \u015bwiecie This War of Mine. Opowiada o&nbsp;losach rodziny, kt\u00f3ra z&nbsp;ca\u0142ych si\u0142 stara si\u0119 zachowa\u0107 resztki cz\u0142owiecze\u0144stwa w czasach rozpaczy i&nbsp;okrucie\u0144stwa. Wciel si\u0119 w posta\u0107 Adama \u2013 ojca, kt\u00f3ry pr\u00f3buje uchroni\u0107 c\u00f3rk\u0119 przed koszmarem wojny i&nbsp;uciec z&nbsp;obl\u0119\u017conego miasta. Pod\u0105\u017caj ich \u015bladem i&nbsp;poznaj histori\u0119 o&nbsp;mi\u0142o\u015bci, nienawi\u015bci [&hellip;]<\/p>\n","protected":false},"featured_media":670149,"comment_status":"closed","ping_status":"closed","template":"","meta":{"ub_ctt_via":""},"product_cat":[127,221,78],"product_tag":[218],"class_list":["post-669436","product","type-product","status-publish","has-post-thumbnail","hentry","product_cat-adventure","product_cat-indie","product_cat-simulation","product_tag-games","platform-steam-works"],"_links":{"self":[{"href":"https:\/\/neuvee.com\/pl\/wp-json\/wp\/v2\/product\/669436","targetHints":{"allow":["GET"]}}],"collection":[{"href":"https:\/\/neuvee.com\/pl\/wp-json\/wp\/v2\/product"}],"about":[{"href":"https:\/\/neuvee.com\/pl\/wp-json\/wp\/v2\/types\/product"}],"replies":[{"embeddable":true,"href":"https:\/\/neuvee.com\/pl\/wp-json\/wp\/v2\/comments?post=669436"}],"wp:featuredmedia":[{"embeddable":true,"href":"https:\/\/neuvee.com\/pl\/wp-json\/wp\/v2\/media\/670149"}],"wp:attachment":[{"href":"https:\/\/neuvee.com\/pl\/wp-json\/wp\/v2\/media?parent=669436"}],"wp:term":[{"taxonomy":"product_cat","embeddable":true,"href":"https:\/\/neuvee.com\/pl\/wp-json\/wp\/v2\/product_cat?post=669436"},{"taxonomy":"product_tag","embeddable":true,"href":"https:\/\/neuvee.com\/pl\/wp-json\/wp\/v2\/product_tag?post=669436"}],"curies":[{"name":"wp","href":"https:\/\/api.w.org\/{rel}","templated":true}]}}