{"id":669426,"date":"2023-07-27T20:10:45","date_gmt":"2023-07-27T20:10:45","guid":{"rendered":"https:\/\/neuvee.com\/?post_type=product&#038;p=669426"},"modified":"2025-05-19T13:55:58","modified_gmt":"2025-05-19T13:55:58","slug":"this-war-of-mine-stories-fading-embers-ep-3-4","status":"publish","type":"product","link":"https:\/\/neuvee.com\/pl\/product\/this-war-of-mine-stories-fading-embers-ep-3-4\/","title":{"rendered":"THIS WAR OF MINE: STORIES &#8211; FADING EMBERS (EP, 3)"},"content":{"rendered":"<p>Fading Embers to trzecia cz\u0119\u015b\u0107 serii This War of Mine: Stories. W sk\u0142ad rozszerzenia wchodzi obfituj\u0105cy w wydarzenia scenariusz opowiadaj\u0105cy o&nbsp;losach Anji, kt\u00f3ra \u017cyj\u0105c w strefie walk i&nbsp;nios\u0105c ci\u0119\u017ckie brzemi\u0119, zmaga si\u0119 z&nbsp;odpowiedzi\u0105 na pytanie o&nbsp;to, co jest wa\u017cniejsze \u2013 przetrwanie dziedzictwa ludzko\u015bci czy przetrwanie jednego cz\u0142owieka.<br \/>\nDodatek zawiera nowe lokacje w Pogoren i&nbsp;okolicach, nowe miejsca, w kt\u00f3rych ludzie mog\u0105 si\u0119 ukrywa\u0107, udoskonalone lokacje z&nbsp;oryginalnej gry, nowych grywalnych ocala\u0142ych i&nbsp;mieszka\u0144c\u00f3w miasta. Co najwa\u017cniejsze, Fading Embers to nowe sposoby uczestniczenia w opowie\u015bci o&nbsp;nieliniowej strukturze, kt\u00f3ra prowadzi do wielu zako\u0144cze\u0144 opartych na decyzjach gracza. Jako \u017ce g\u0142\u00f3wnym motywem tego scenariusza jest dziedzictwo kulturowe, w\u015br\u00f3d nowych element\u00f3w mechaniki znalaz\u0142o si\u0119 mi\u0119dzy innymi gromadzenie dzie\u0142 sztuki i&nbsp;przes\u0105dzanie o&nbsp;ich losie.<br \/>\nThis War of Mine: Stories \u2013 Fading Embers (ep. 3) \u2013 g\u0142\u00f3wne cechy:<br \/>\nMotyw i&nbsp;opowie\u015b\u0107:<\/p>\n<p>&#8211; Zmierz si\u0119 z&nbsp;wyzwaniami towarzysz\u0105cymi pr\u00f3bie ocalenia dziedzictwa kulturowego w trakcie wojny.<\/p>\n<p>&#8211; Poznaj histori\u0119 i&nbsp;kultur\u0119 Vyse\u0144czyk\u00f3w.<\/p>\n<p>&#8211; Staw czo\u0142a dylematom, kt\u00f3re nie by\u0142y do tej pory obecne w This War Of Mine.<br \/>\nNowa mechanika:<\/p>\n<p>&#8211; nowe sposoby prowadzenia opowie\u015bci,<\/p>\n<p>&#8211; nowa lokacja centralna, w kt\u00f3rej mo\u017cna \u015bledzi\u0107 swoje post\u0119py,<\/p>\n<p>&#8211; mechanika zarz\u0105dzania kolekcjami to mi\u0119dzy innymi:<br \/>\nzabezpieczanie kolekcji sztuki,<br \/>\nmo\u017cliwo\u015b\u0107 gromadzenia nowych dzie\u0142 sztuki,<br \/>\ndecydowanie o&nbsp;ich losie.<br \/>\nLokacje:<\/p>\n<p>&#8211; zupe\u0142nie nowe lokacje i&nbsp;scenerie,<\/p>\n<p>&#8211; dwa nowe miejsca, w kt\u00f3rych mo\u017cna si\u0119 ukrywa\u0107,<\/p>\n<p>&#8211; 9 udoskonalonych lokacji z&nbsp;oryginalnej gry.<br \/>\nPostacie:<\/p>\n<p>&#8211; 3 nowych grywalnych ocala\u0142ych: Anja, Ruben i&nbsp;Zoran,<\/p>\n<p>&#8211; wyj\u0105tkowe postacie, kt\u00f3re mo\u017cna pozna\u0107 w trakcie rozgrywki.<br \/>\nDodatek zawiera r\u00f3wnie\u017c nowe utwory muzyczne oraz&nbsp;rozmaite pomniejsze dodatkowe elementy mechaniki oraz&nbsp;\u015bwiata gry.<\/p>\n<p><\/p>","protected":false},"excerpt":{"rendered":"<p>Fading Embers to trzecia cz\u0119\u015b\u0107 serii This War of Mine: Stories. W sk\u0142ad rozszerzenia wchodzi obfituj\u0105cy w wydarzenia scenariusz opowiadaj\u0105cy o&nbsp;losach Anji, kt\u00f3ra \u017cyj\u0105c w strefie walk i&nbsp;nios\u0105c ci\u0119\u017ckie brzemi\u0119, zmaga si\u0119 z&nbsp;odpowiedzi\u0105 na pytanie o&nbsp;to, co jest wa\u017cniejsze \u2013 przetrwanie dziedzictwa ludzko\u015bci czy przetrwanie jednego cz\u0142owieka. Dodatek zawiera nowe lokacje w Pogoren i&nbsp;okolicach, nowe [&hellip;]<\/p>\n","protected":false},"featured_media":669569,"comment_status":"closed","ping_status":"closed","template":"","meta":{"ub_ctt_via":""},"product_cat":[127,221,78],"product_tag":[218],"class_list":["post-669426","product","type-product","status-publish","has-post-thumbnail","hentry","product_cat-adventure","product_cat-indie","product_cat-simulation","product_tag-games","platform-steam-works"],"_links":{"self":[{"href":"https:\/\/neuvee.com\/pl\/wp-json\/wp\/v2\/product\/669426","targetHints":{"allow":["GET"]}}],"collection":[{"href":"https:\/\/neuvee.com\/pl\/wp-json\/wp\/v2\/product"}],"about":[{"href":"https:\/\/neuvee.com\/pl\/wp-json\/wp\/v2\/types\/product"}],"replies":[{"embeddable":true,"href":"https:\/\/neuvee.com\/pl\/wp-json\/wp\/v2\/comments?post=669426"}],"wp:featuredmedia":[{"embeddable":true,"href":"https:\/\/neuvee.com\/pl\/wp-json\/wp\/v2\/media\/669569"}],"wp:attachment":[{"href":"https:\/\/neuvee.com\/pl\/wp-json\/wp\/v2\/media?parent=669426"}],"wp:term":[{"taxonomy":"product_cat","embeddable":true,"href":"https:\/\/neuvee.com\/pl\/wp-json\/wp\/v2\/product_cat?post=669426"},{"taxonomy":"product_tag","embeddable":true,"href":"https:\/\/neuvee.com\/pl\/wp-json\/wp\/v2\/product_tag?post=669426"}],"curies":[{"name":"wp","href":"https:\/\/api.w.org\/{rel}","templated":true}]}}