{"id":669340,"date":"2023-07-27T19:47:42","date_gmt":"2023-07-27T19:47:42","guid":{"rendered":"https:\/\/neuvee.com\/?post_type=product&#038;p=669340"},"modified":"2025-05-19T14:32:38","modified_gmt":"2025-05-19T14:32:38","slug":"moonlighter-between-dimensions-4","status":"publish","type":"product","link":"https:\/\/neuvee.com\/pl\/product\/moonlighter-between-dimensions-4\/","title":{"rendered":"MOONLIGHTER: BETWEEN DIMENSIONS"},"content":{"rendered":"<p>Wioska Rynoka. Po wydarzeniach maj\u0105cych miejsce za Pi\u0105tymi Drzwiami zn\u00f3w zapanowa\u0142 tu spok\u00f3j. Ulice zieleni\u0105 si\u0119 bujnymi drzewami, a&nbsp;domostwa zamieszkuj\u0105 spragnione przygody oraz&nbsp;maj\u0105ce smyka\u0142k\u0119 do interes\u00f3w istoty. Nie jest trudno si\u0119 domy\u015bli\u0107, czemu kto\u015b chcia\u0142by mieszka\u0107 tu do ko\u0144ca swych dni. Czas jednak&nbsp;nie zatrzymuje si\u0119 dla nikogo. Zmiany zn\u00f3w rzucaj\u0105 sw\u00f3j mroczny cie\u0144 na Rynok\u0119. Zupe\u0142nie znik\u0105d pojawi\u0142 si\u0119 kolejny tajemniczy portal. Czy sprowadzi nowe zagro\u017cenie? A mo\u017ce pozwoli na \u0142atwy zarobek? Pytanie brzmi\u2026 Czy masz do\u015b\u0107 odwagi, aby wkroczy\u0107 w nieznane?<br \/>\nBetween Dimensions to najwi\u0119ksze rozszerzenie gry Moonlighter. DLC zape\u0142nia istniej\u0105ce lochy nowymi stworzeniami, a&nbsp;tak\u017ce zapewnia dost\u0119p do nowego Mi\u0119dzywymiarowego Lochu, w kt\u00f3rym a\u017c roi si\u0119 od miniboss\u00f3w. Mo\u017cna spodziewa\u0107 si\u0119 te\u017c nowej broni, zbroi, przedmiot\u00f3w do sklepu i&nbsp;pier\u015bcieni.<br \/>\nG\u0142\u00f3wne cechy:<\/p>\n<p>&#8211; Zupe\u0142nie nowy Mi\u0119dzywymiarowy Loch (kt\u00f3ry mo\u017ce pojawi\u0107 si\u0119 jako Zepsuty Loch w podstawowych lochach!).<\/p>\n<p>&#8211; 10 nowych przeciwnik\u00f3w i&nbsp;5 miniboss\u00f3w.<\/p>\n<p>&#8211; Pe\u0142en zestaw broni, a&nbsp;w nim kr\u00f3tki miecz, wielki miecz, \u0142uk, r\u0119kawice i&nbsp;w\u0142\u00f3cznia.<\/p>\n<p>&#8211; Zestaw broni z&nbsp;he\u0142mem, napier\u015bnikiem i&nbsp;butami.<\/p>\n<p>&#8211; Podst\u0119pna bro\u0144 \u2013 10 sztuk or\u0119\u017cu, kt\u00f3ry potrafi by\u0107 i\u015bcie \u015bmierciono\u015bny!<\/p>\n<p>&#8211; Nowe pier\u015bcienie, kt\u00f3re wzmocni\u0105 pasywne umiej\u0119tno\u015bci Willa.<\/p>\n<p>&#8211; Nowe ulepszenie sklepu, kt\u00f3re pozwoli Willowi pochwali\u0107 si\u0119 mi\u0119dzywymiarowymi przedmiotami.<\/p>\n<p>&#8211; Nowi targuj\u0105cy si\u0119 klienci oraz&nbsp;nieznajomy NPC: Kupiec<\/p>\n<p>&#8211; Dodatkowy w\u0105tek fabularny i&nbsp;informacje o&nbsp;\u015bwiecie.<\/p>\n<p><\/p>","protected":false},"excerpt":{"rendered":"<p>Wioska Rynoka. Po wydarzeniach maj\u0105cych miejsce za Pi\u0105tymi Drzwiami zn\u00f3w zapanowa\u0142 tu spok\u00f3j. Ulice zieleni\u0105 si\u0119 bujnymi drzewami, a&nbsp;domostwa zamieszkuj\u0105 spragnione przygody oraz&nbsp;maj\u0105ce smyka\u0142k\u0119 do interes\u00f3w istoty. Nie jest trudno si\u0119 domy\u015bli\u0107, czemu kto\u015b chcia\u0142by mieszka\u0107 tu do ko\u0144ca swych dni. Czas jednak&nbsp;nie zatrzymuje si\u0119 dla nikogo. Zmiany zn\u00f3w rzucaj\u0105 sw\u00f3j mroczny cie\u0144 na Rynok\u0119. [&hellip;]<\/p>\n","protected":false},"featured_media":669775,"comment_status":"closed","ping_status":"closed","template":"","meta":{"ub_ctt_via":""},"product_cat":[88,127,221],"product_tag":[218,264],"class_list":["post-669340","product","type-product","status-publish","has-post-thumbnail","hentry","product_cat-action","product_cat-adventure","product_cat-indie","product_tag-games","product_tag-weekend-sale","platform-steam-works"],"_links":{"self":[{"href":"https:\/\/neuvee.com\/pl\/wp-json\/wp\/v2\/product\/669340","targetHints":{"allow":["GET"]}}],"collection":[{"href":"https:\/\/neuvee.com\/pl\/wp-json\/wp\/v2\/product"}],"about":[{"href":"https:\/\/neuvee.com\/pl\/wp-json\/wp\/v2\/types\/product"}],"replies":[{"embeddable":true,"href":"https:\/\/neuvee.com\/pl\/wp-json\/wp\/v2\/comments?post=669340"}],"wp:featuredmedia":[{"embeddable":true,"href":"https:\/\/neuvee.com\/pl\/wp-json\/wp\/v2\/media\/669775"}],"wp:attachment":[{"href":"https:\/\/neuvee.com\/pl\/wp-json\/wp\/v2\/media?parent=669340"}],"wp:term":[{"taxonomy":"product_cat","embeddable":true,"href":"https:\/\/neuvee.com\/pl\/wp-json\/wp\/v2\/product_cat?post=669340"},{"taxonomy":"product_tag","embeddable":true,"href":"https:\/\/neuvee.com\/pl\/wp-json\/wp\/v2\/product_tag?post=669340"}],"curies":[{"name":"wp","href":"https:\/\/api.w.org\/{rel}","templated":true}]}}