{"id":669336,"date":"2023-07-27T19:45:18","date_gmt":"2023-07-27T19:45:18","guid":{"rendered":"https:\/\/neuvee.com\/?post_type=product&#038;p=669336"},"modified":"2025-05-19T14:34:20","modified_gmt":"2025-05-19T14:34:20","slug":"moonlighter-4","status":"publish","type":"product","link":"https:\/\/neuvee.com\/pl\/product\/moonlighter-4\/","title":{"rendered":"MOONLIGHTER"},"content":{"rendered":"<p>Od momentu wydania Moonlighter zosta\u0142 zaktualizowany o&nbsp;mn\u00f3stwo nowej zawarto\u015bci \u2013 od kosmetycznych zmian, takich jak ulepszenie przypisanych przycisk\u00f3w, poprawki b\u0142\u0119d\u00f3w i&nbsp;usprawnienie balansu rozgrywki, po ogromne innowacje, kt\u00f3re obiecali\u015bmy w naszej mapie rozwoju. Obecna wersja Moonlightera zapewnia wyj\u0105tkowe doznania i&nbsp;gam\u0119 prze\u0142omowych usprawnie\u0144 dla starych i&nbsp;nowych graczy.<br \/>\nSta\u0144 do walki z&nbsp;nieprzyjaznymi minibossami, w kt\u00f3rej b\u0119dziesz dysponowa\u0107 nowymi broniami, zbroj\u0105, pier\u015bcieniami i&nbsp;amuletami. Z pomoc\u0105 dziewi\u0119ciorga dzielnych towarzyszy przemierzaj pomieszczenia o&nbsp;stu nowych wzorach i&nbsp;odkrywaj kolejne opowie\u015bci. Uko\u0144cz g\u0142\u00f3wn\u0105 przygod\u0119, aby odblokowa\u0107 tryb Nowa gra+ z&nbsp;dodatkowymi wyzwaniami i&nbsp;opcjami.<br \/>\nDawno temu, podczas prac archeologicznych, odkryto szereg tajemniczych wr\u00f3t. Ludzie szybko zrozumieli, \u017ce prowadz\u0105 one do innych \u015bwiat\u00f3w i&nbsp;wymiar\u00f3w. Niebawem powsta\u0142a tam r\u00f3wnie\u017c niewielka, kupiecka wioska o&nbsp;nazwie Rynoka &#8211; a&nbsp;jej g\u0142\u00f3wnym przeznaczeniem sta\u0142o si\u0119 zaopatrywanie poszukiwaczy przyg\u00f3d, dla kt\u00f3rych brawura i&nbsp;obietnica bogactwa by\u0142y silniejsze ni\u017c zdrowy rozs\u0105dek&#8230;<br \/>\nMoonlighter to RPG akcji z&nbsp;elementami rogue-lite. Wciel si\u0119 w posta\u0107 Willa, g\u0142odnego przyg\u00f3d sklepikarza, kt\u00f3ry marzy by zosta\u0107 bohaterem.<\/p>\n<p>PROWAD\u0179 W\u0141ASNY SKLEP<br \/>\nKieruj swoim ma\u0142ym przedsi\u0119biorstwem: wystawiaj przedmioty na sprzeda\u017c, ustalaj ich ceny, zarz\u0105dzaj zapasami z\u0142ota, zatrudniaj pomocnik\u00f3w i&nbsp;ulepszaj sw\u00f3j sklep! B\u0105d\u017a jednak&nbsp;ostro\u017cny &#8211; w wiosce kr\u0119c\u0105 si\u0119 podejrzani osobnicy, kt\u00f3rzy mog\u0105 chcie\u0107 po\u0142o\u017cy\u0107 swoje lepkie palce na Twoich towarach!<\/p>\n<p>WALCZ STYLOWO<br \/>\nStarcia z&nbsp;zast\u0119pami przeciwnik\u00f3w i&nbsp;boss\u00f3w mog\u0105 okaza\u0107 si\u0119 nie lada wyzwaniem! Aby w pe\u0142ni wykorzysta\u0107 rozbudowany system walki, musisz pozna\u0107 wszystkie jego niuanse. U\u017cywaj zr\u00f3\u017cnicowanego uzbrojenia, ucz si\u0119 zachowa\u0144 przeciwnik\u00f3w i&nbsp;wykorzystuj elementy otoczenia, aby zdoby\u0107 przewag\u0119! Na pewno uda Ci si\u0119 wypracowa\u0107 styl dopasowany idealnie do Ciebie!<\/p>\n<p>PRZYWR\u00d3\u0106 \u015aWIETNO\u015a\u0106 RYNOCE<br \/>\nDzi\u0119ki Tobie Rynoka mo\u017ce znowu od\u017cy\u0107! Poznaj mieszka\u0144c\u00f3w osady i&nbsp;pom\u00f3\u017c im w za\u0142o\u017ceniu ich w\u0142asnych sklep\u00f3w. Nie tylko b\u0119d\u0105 Ci wdzi\u0119czni, ale ch\u0119tnie zaoferuj\u0105 szereg przydatnych us\u0142ug!<\/p>\n<p>TW\u00d3RZ I ZAKLINAJ<br \/>\nSystem wytwarzania i&nbsp;zaklinania przedmiot\u00f3w jest kluczowy dla Twoich post\u0119p\u00f3w. Dzi\u0119ki mieszka\u0144com wioski tw\u00f3rz nowe typy uzbrojenia oraz&nbsp;pancerze, a&nbsp;p\u00f3\u017aniej wzmocnij je pot\u0119\u017cnymi zakl\u0119ciami. Stw\u00f3rz styl rozgrywki uszyty na Twoj\u0105 miar\u0119!<\/p>\n<p>ZDOBYWAJ \u0141UPY<br \/>\nPoprzez bramy dotrzesz do \u015bwiat\u00f3w pe\u0142nych egzotycznych przedmiot\u00f3w! Zdobywaj zasoby, uzbrojenie i&nbsp;osobliwe artefakty. Nie zdo\u0142asz jednak&nbsp;unie\u015b\u0107 wszystkiego. Zdecyduj, co jest dla Ciebie najcenniejsze, wykorzystuj\u0105c unikalny system zarz\u0105dzania ekwipunkiem.<\/p>\n<p>ZAPRZYJA\u0179NIJ SI\u0118 Z TOWARZYSZAMI<br \/>\nWrota prowadz\u0105 do odmiennych \u015bwiat\u00f3w. Ka\u017cda wyprawa b\u0119dzie niepowtarzalna i&nbsp;wymusi na Tobie szereg wybor\u00f3w. Nigdy nie wiesz, co czyha za kolejnymi drzwiami&#8230; w\u0142a\u015bnie dlatego&nbsp;musisz by\u0107 przygotowany na wszystko!<\/p>\n<p><\/p>","protected":false},"excerpt":{"rendered":"<p>Od momentu wydania Moonlighter zosta\u0142 zaktualizowany o&nbsp;mn\u00f3stwo nowej zawarto\u015bci \u2013 od kosmetycznych zmian, takich jak ulepszenie przypisanych przycisk\u00f3w, poprawki b\u0142\u0119d\u00f3w i&nbsp;usprawnienie balansu rozgrywki, po ogromne innowacje, kt\u00f3re obiecali\u015bmy w naszej mapie rozwoju. Obecna wersja Moonlightera zapewnia wyj\u0105tkowe doznania i&nbsp;gam\u0119 prze\u0142omowych usprawnie\u0144 dla starych i&nbsp;nowych graczy. Sta\u0144 do walki z&nbsp;nieprzyjaznymi minibossami, w kt\u00f3rej b\u0119dziesz dysponowa\u0107 nowymi [&hellip;]<\/p>\n","protected":false},"featured_media":670133,"comment_status":"closed","ping_status":"closed","template":"","meta":{"ub_ctt_via":""},"product_cat":[88,127,221],"product_tag":[218],"class_list":["post-669336","product","type-product","status-publish","has-post-thumbnail","hentry","product_cat-action","product_cat-adventure","product_cat-indie","product_tag-games","platform-steam-works"],"_links":{"self":[{"href":"https:\/\/neuvee.com\/pl\/wp-json\/wp\/v2\/product\/669336","targetHints":{"allow":["GET"]}}],"collection":[{"href":"https:\/\/neuvee.com\/pl\/wp-json\/wp\/v2\/product"}],"about":[{"href":"https:\/\/neuvee.com\/pl\/wp-json\/wp\/v2\/types\/product"}],"replies":[{"embeddable":true,"href":"https:\/\/neuvee.com\/pl\/wp-json\/wp\/v2\/comments?post=669336"}],"wp:featuredmedia":[{"embeddable":true,"href":"https:\/\/neuvee.com\/pl\/wp-json\/wp\/v2\/media\/670133"}],"wp:attachment":[{"href":"https:\/\/neuvee.com\/pl\/wp-json\/wp\/v2\/media?parent=669336"}],"wp:term":[{"taxonomy":"product_cat","embeddable":true,"href":"https:\/\/neuvee.com\/pl\/wp-json\/wp\/v2\/product_cat?post=669336"},{"taxonomy":"product_tag","embeddable":true,"href":"https:\/\/neuvee.com\/pl\/wp-json\/wp\/v2\/product_tag?post=669336"}],"curies":[{"name":"wp","href":"https:\/\/api.w.org\/{rel}","templated":true}]}}