{"id":669294,"date":"2023-07-27T19:27:31","date_gmt":"2023-07-27T19:27:31","guid":{"rendered":"https:\/\/neuvee.com\/?post_type=product&#038;p=669294"},"modified":"2025-05-19T14:34:58","modified_gmt":"2025-05-19T14:34:58","slug":"frostpunk-the-rifts-4","status":"publish","type":"product","link":"https:\/\/neuvee.com\/pl\/product\/frostpunk-the-rifts-4\/","title":{"rendered":"FROSTPUNK: THE RIFTS"},"content":{"rendered":"<p>Wybierz si\u0119 w kolejn\u0105 podr\u00f3\u017c przez zamarzni\u0119te pustkowie dzi\u0119ki temu minirozszerzeniu, w kt\u00f3rym znajdziesz now\u0105 map\u0119 trybu \u201eNiesko\u0144czono\u015b\u0107\u201d i&nbsp;nowy obiekt do budowania \u2013 most. Rozbudowuj miasto, by ocali\u0107 swoich ludzi przed nieuchronn\u0105 zag\u0142ad\u0105! <\/p>\n<p>&#8211; nowa, wyj\u0105tkowa mapa w trybie \u201eNiesko\u0144czono\u015b\u0107\u201d<\/p>\n<p>&#8211; nowy obiekt do budowania \u2013 most<\/p>\n<p>&#8211; nowa mechanika rozgrywki<br \/>\n\u201eSzczeliny\u201d s\u0105 cz\u0119\u015bci\u0105 przepustki sezonowej gry Frostpunk.<\/p>\n<p><\/p>","protected":false},"excerpt":{"rendered":"<p>Wybierz si\u0119 w kolejn\u0105 podr\u00f3\u017c przez zamarzni\u0119te pustkowie dzi\u0119ki temu minirozszerzeniu, w kt\u00f3rym znajdziesz now\u0105 map\u0119 trybu \u201eNiesko\u0144czono\u015b\u0107\u201d i&nbsp;nowy obiekt do budowania \u2013 most. Rozbudowuj miasto, by ocali\u0107 swoich ludzi przed nieuchronn\u0105 zag\u0142ad\u0105! &#8211; nowa, wyj\u0105tkowa mapa w trybie \u201eNiesko\u0144czono\u015b\u0107\u201d &#8211; nowy obiekt do budowania \u2013 most &#8211; nowa mechanika rozgrywki \u201eSzczeliny\u201d s\u0105 cz\u0119\u015bci\u0105 przepustki [&hellip;]<\/p>\n","protected":false},"featured_media":669524,"comment_status":"closed","ping_status":"closed","template":"","meta":{"ub_ctt_via":""},"product_cat":[78,222],"product_tag":[218],"class_list":["post-669294","product","type-product","status-publish","has-post-thumbnail","hentry","product_cat-simulation","product_cat-strategy","product_tag-games","platform-steam-works"],"_links":{"self":[{"href":"https:\/\/neuvee.com\/pl\/wp-json\/wp\/v2\/product\/669294","targetHints":{"allow":["GET"]}}],"collection":[{"href":"https:\/\/neuvee.com\/pl\/wp-json\/wp\/v2\/product"}],"about":[{"href":"https:\/\/neuvee.com\/pl\/wp-json\/wp\/v2\/types\/product"}],"replies":[{"embeddable":true,"href":"https:\/\/neuvee.com\/pl\/wp-json\/wp\/v2\/comments?post=669294"}],"wp:featuredmedia":[{"embeddable":true,"href":"https:\/\/neuvee.com\/pl\/wp-json\/wp\/v2\/media\/669524"}],"wp:attachment":[{"href":"https:\/\/neuvee.com\/pl\/wp-json\/wp\/v2\/media?parent=669294"}],"wp:term":[{"taxonomy":"product_cat","embeddable":true,"href":"https:\/\/neuvee.com\/pl\/wp-json\/wp\/v2\/product_cat?post=669294"},{"taxonomy":"product_tag","embeddable":true,"href":"https:\/\/neuvee.com\/pl\/wp-json\/wp\/v2\/product_tag?post=669294"}],"curies":[{"name":"wp","href":"https:\/\/api.w.org\/{rel}","templated":true}]}}