{"id":669291,"date":"2023-07-27T19:25:14","date_gmt":"2023-07-27T19:25:14","guid":{"rendered":"https:\/\/neuvee.com\/?post_type=product&#038;p=669291"},"modified":"2025-05-19T13:28:56","modified_gmt":"2025-05-19T13:28:56","slug":"frostpunk-the-last-autumn-4","status":"publish","type":"product","link":"https:\/\/neuvee.com\/pl\/product\/frostpunk-the-last-autumn-4\/","title":{"rendered":"FROSTPUNK: THE LAST AUTUMN"},"content":{"rendered":"<p>Frostpunk: Ostatnia jesie\u0144<br \/>\nDzi\u0119ki prequelowi \u201eOstatnia jesie\u0144\u201d poznasz tragiczny bieg wydarze\u0144, kt\u00f3re sprawi\u0142y, \u017ce ponura rzeczywisto\u015b\u0107 znana z&nbsp;podstawowej gry sta\u0142a si\u0119 faktem. Dodatek wzbogaca \u015bwiat Frostpunka poprzez wprowadzenie zupe\u0142nie nowego scenariusza, prze\u0142omowej mechaniki i&nbsp;wyj\u0105tkowej architektury, rozwijaj\u0105c przy tym znan\u0105 graczom opowie\u015b\u0107 oraz&nbsp;jej t\u0142o.<\/p>\n<p>O dodatku:<br \/>\n\u201eOstatnia jesie\u0144\u201d stanowi punkt zwrotny w \u015bwiecie gry. Dodatek opowiada o&nbsp;burzliwych wydarzeniach zwi\u0105zanych z&nbsp;pr\u00f3b\u0105 wzniesienia generatora na placu budowy nr 113, zanim na Ziemi zapanuje niemi\u0142osiernie lodowata aura. \u015awiat Frostpunka zostaje wzbogacony poprzez wprowadzenie nowego \u015brodowiska, nowej Ksi\u0119gi Praw i&nbsp;wyj\u0105tkowych technologii, a&nbsp;tak\u017ce szeregu nowych budynk\u00f3w, co pozwala w niekonwencjonalny spos\u00f3b kszta\u0142towa\u0107 \u017cycie podw\u0142adnych. Przewodzenie in\u017cynierom i&nbsp;robotnikom pracuj\u0105cym nad prawdziwym cudem techniki, jakim jest generator, b\u0119dzie wymaga\u0142o umiej\u0119tnego dostosowywania si\u0119 do nadzwyczajnych okoliczno\u015bci. Jako najwy\u017cszy prze\u0142o\u017cony na placu budowy nr 113 musisz z&nbsp;nadziej\u0105 patrze\u0107 w przysz\u0142o\u015b\u0107, ale szykowa\u0107 si\u0119 na najgorsze. Niech \u017cyj\u0105 kr\u00f3lowa i&nbsp;kraj!<br \/>\nOstatnia jesie\u0144 \u2013 cechy:<\/p>\n<p>&#8211; Prequel stanowi\u0105cy opowie\u015b\u0107 umiejscowion\u0105 w nowym \u015brodowisku, kt\u00f3re nie zosta\u0142o jeszcze pokryte \u015bniegiem. Zbuduj od podstaw generator, przygotowuj\u0105c swoje spo\u0142ecze\u0144stwo do nadchodz\u0105cej zimy<\/p>\n<p>&#8211; Nowy wariant trybu \u201eNiesko\u0144czono\u015b\u0107\u201d \u2013 \u201eBudowniczowie\u201d \u2013 kt\u00f3ry wymaga odnalezienia si\u0119 w nieznanej dot\u0105d sytuacji i&nbsp;opracowania nowych rozwi\u0105za\u0144<\/p>\n<p>&#8211; Dwie nowe cz\u0119\u015bci Ksi\u0119gi Praw, kt\u00f3re umo\u017cliwiaj\u0105 kszta\u0142towanie spo\u0142ecze\u0144stwa w nieznany wcze\u015bniej spos\u00f3b<\/p>\n<p>&#8211; Nowe zagro\u017cenia i&nbsp;problemy, z&nbsp;kt\u00f3rymi trzeba si\u0119 zmierzy\u0107, takie jak toksyczne gazy i&nbsp;strajki robotnik\u00f3w<\/p>\n<p>&#8211; Nowe sposoby wp\u0142ywania na ludzi, od zak\u0142adania zwi\u0105zk\u00f3w zawodowych po stosowanie manipulacji<\/p>\n<p>&#8211; Nowe drzewko technologii, nowe wynalazki do odkrycia i&nbsp;nowe zasoby<\/p>\n<p>&#8211; 25 nowych obiekt\u00f3w, mi\u0119dzy innymi port, stacja telegraficzna czy siedziba zwi\u0105zku zawodowego<\/p>\n<p>&#8211; Nowe klasy spo\u0142eczne \u2013 np. wi\u0119\u017aniowie stanowi\u0105cy tani\u0105 i&nbsp;pos\u0142uszn\u0105 si\u0142\u0119 robocz\u0105, z&nbsp;kt\u00f3r\u0105 jest zwi\u0105zana nowa mechanika<\/p>\n<p><\/p>","protected":false},"excerpt":{"rendered":"<p>Frostpunk: Ostatnia jesie\u0144 Dzi\u0119ki prequelowi \u201eOstatnia jesie\u0144\u201d poznasz tragiczny bieg wydarze\u0144, kt\u00f3re sprawi\u0142y, \u017ce ponura rzeczywisto\u015b\u0107 znana z&nbsp;podstawowej gry sta\u0142a si\u0119 faktem. Dodatek wzbogaca \u015bwiat Frostpunka poprzez wprowadzenie zupe\u0142nie nowego scenariusza, prze\u0142omowej mechaniki i&nbsp;wyj\u0105tkowej architektury, rozwijaj\u0105c przy tym znan\u0105 graczom opowie\u015b\u0107 oraz&nbsp;jej t\u0142o. O dodatku: \u201eOstatnia jesie\u0144\u201d stanowi punkt zwrotny w \u015bwiecie gry. Dodatek opowiada [&hellip;]<\/p>\n","protected":false},"featured_media":670203,"comment_status":"closed","ping_status":"closed","template":"","meta":{"ub_ctt_via":""},"product_cat":[78,222],"product_tag":[218],"class_list":["post-669291","product","type-product","status-publish","has-post-thumbnail","hentry","product_cat-simulation","product_cat-strategy","product_tag-games","platform-steam-works"],"_links":{"self":[{"href":"https:\/\/neuvee.com\/pl\/wp-json\/wp\/v2\/product\/669291","targetHints":{"allow":["GET"]}}],"collection":[{"href":"https:\/\/neuvee.com\/pl\/wp-json\/wp\/v2\/product"}],"about":[{"href":"https:\/\/neuvee.com\/pl\/wp-json\/wp\/v2\/types\/product"}],"replies":[{"embeddable":true,"href":"https:\/\/neuvee.com\/pl\/wp-json\/wp\/v2\/comments?post=669291"}],"wp:featuredmedia":[{"embeddable":true,"href":"https:\/\/neuvee.com\/pl\/wp-json\/wp\/v2\/media\/670203"}],"wp:attachment":[{"href":"https:\/\/neuvee.com\/pl\/wp-json\/wp\/v2\/media?parent=669291"}],"wp:term":[{"taxonomy":"product_cat","embeddable":true,"href":"https:\/\/neuvee.com\/pl\/wp-json\/wp\/v2\/product_cat?post=669291"},{"taxonomy":"product_tag","embeddable":true,"href":"https:\/\/neuvee.com\/pl\/wp-json\/wp\/v2\/product_tag?post=669291"}],"curies":[{"name":"wp","href":"https:\/\/api.w.org\/{rel}","templated":true}]}}