{"id":669287,"date":"2023-07-27T19:23:18","date_gmt":"2023-07-27T19:23:18","guid":{"rendered":"https:\/\/neuvee.com\/?post_type=product&#038;p=669287"},"modified":"2025-05-19T13:27:18","modified_gmt":"2025-05-19T13:27:18","slug":"frostpunk-season-pass-4","status":"publish","type":"product","link":"https:\/\/neuvee.com\/pl\/product\/frostpunk-season-pass-4\/","title":{"rendered":"FROSTPUNK: SEASON PASS"},"content":{"rendered":"<p>Oficjalna Przepustka sezonowa do Frostpunka zosta\u0142a skompletowana i&nbsp;jest ju\u017c dost\u0119pna! Przepustka zapewnia Ci dost\u0119p do ca\u0142ej dodatkowej zawarto\u015bci stworzonej dla gry od chwili jej premiery \u2014 w tym do trzech rozszerze\u0144 (The Last Autumn (\u201eOstatnia jesie\u0144\u201d), On The Edge (\u201eNa kraw\u0119dzi\u201d) i&nbsp;The Rifts (\u201eSzczeliny\u201d)), kt\u00f3re znacz\u0105co wzbogacaj\u0105 g\u0142\u00f3wny w\u0105tek fabularny i&nbsp;uzupe\u0142niaj\u0105 uniwersum gry. Co wi\u0119cej, gdy ju\u017c przejdziesz gr\u0119, b\u0119dziesz mie\u0107 mo\u017cliwo\u015b\u0107 zrelaksowania si\u0119 przy ods\u0142uchiwaniu Oficjalnej \u015bcie\u017cki d\u017awi\u0119kowej zawieraj\u0105cej utwory z&nbsp;muzyk\u0105 symfoniczn\u0105 \u2014 lub&nbsp;pog\u0142\u0119bienia wiedzy o&nbsp;\u015bwiecie gry z&nbsp;ekskluzywnym Cyfrowym artbookiem.<\/p>\n<p>O ROZSZERZENIACH<br \/>\n\u201eOstatnia jesie\u0144\u201d<br \/>\n\u201eOstatnia jesie\u0144\u201d stanowi punkt zwrotny w \u015bwiecie gry. Dodatek opowiada o&nbsp;burzliwych wydarzeniach zwi\u0105zanych z&nbsp;pr\u00f3b\u0105 wzniesienia generatora na placu budowy nr 113, zanim na Ziemi zapanuje niemi\u0142osiernie lodowata aura. \u015awiat Frostpunka zostaje wzbogacony poprzez wprowadzenie nowego \u015brodowiska, nowej Ksi\u0119gi Praw i&nbsp;wyj\u0105tkowych technologii \u2014 a&nbsp;tak\u017ce szeregu nowych budynk\u00f3w, co pozwala w niekonwencjonalny spos\u00f3b kszta\u0142towa\u0107 \u017cycie podw\u0142adnych. Przewodzenie in\u017cynierom i&nbsp;robotnikom pracuj\u0105cym nad prawdziwym cudem techniki, jakim jest generator, b\u0119dzie wymaga\u0142o umiej\u0119tnego dostosowywania si\u0119 do nadzwyczajnych okoliczno\u015bci. Jako najwy\u017cszy prze\u0142o\u017cony na placu budowy nr 113 musisz z&nbsp;nadziej\u0105 patrze\u0107 w przysz\u0142o\u015b\u0107, ale szykowa\u0107 si\u0119 na najgorsze. Niech \u017cyj\u0105 kr\u00f3lowa i&nbsp;kraj!<br \/>\nWe\u017a udzia\u0142 w opowie\u015bci rozgrywaj\u0105cej si\u0119 przed lodowatym kataklizmem<br \/>\nWykorzystuj zupe\u0142nie now\u0105 Ksi\u0119g\u0119 Praw, kt\u00f3ra umo\u017cliwia kszta\u0142towanie spo\u0142ecze\u0144stwa w nieznany wcze\u015bniej spos\u00f3b<br \/>\nBuduj nowe obiekty<br \/>\nOdkrywaj nietypowe technologie parowe<br \/>\nStosuj zaawansowane strategie, by przetrwa\u0107<br \/>\nZanurz si\u0119 w pi\u0119knym nowym \u015brodowisku, kt\u00f3re nie zosta\u0142o jeszcze spowite \u015bniegiem<\/p>\n<p>\u201eNa kraw\u0119dzi\u201d<br \/>\nRozszerzenie \u201eNa kraw\u0119dzi\u201d opowiada o&nbsp;mieszka\u0144cach Nowego Londynu, kt\u00f3rzy zostaj\u0105 wys\u0142ani na specjaln\u0105 misj\u0119 po ustaniu Wielkiej Zamieci. Dodatek nie tylko rozpoczyna zupe\u0142nie nowy rozdzia\u0142 w \u015bwiecie Frostpunka, lecz&nbsp;tak\u017ce stawia graczowi nowe wyzwania i&nbsp;wprowadza now\u0105 mechanik\u0119 \u2014 zar\u00f3wno w mie\u015bcie, jak i&nbsp;na mapie Frostlandu \u2014 co znacznie wzbogaca dotychczasow\u0105 rozgrywk\u0119. Na zupe\u0142nie nowej, ale r\u00f3wnie zamarzni\u0119tej planszy pojawi\u0142y si\u0119 nowe figury. Jaki los czeka Twoich ludzi? Co to oznacza dla Ciebie, ich przyw\u00f3dcy? Pokieruj przysz\u0142o\u015bci\u0105 ludzko\u015bci w ostatnim rozdziale Frostpunka \u2014 \u201eNa kraw\u0119dzi\u201d.<br \/>\nzupe\u0142nie nowy scenariusz rozgrywany po Wielkiej Zamieci<br \/>\nr\u00f3\u017cnorodne wyzwania na nowym, opustosza\u0142ym obszarze<br \/>\nwyj\u0105tkow\u0105 mechanik\u0119 wykorzystywan\u0105 na mapie Frostlandu<\/p>\n<p>\u201eSzczeliny\u201d<br \/>\nPodejmij nowe wyzwanie na zupe\u0142nie nowej mapie w trybie \u201eEndless Mode\u201d (\u201eNiesko\u0144czono\u015b\u0107\u201d), gdzie nawet krajobraz zagra\u017ca przetrwaniu. Korzystaj z&nbsp;nowej mechaniki rozgrywki do budowania most\u00f3w nad szczelinami i&nbsp;docieraj w ten spos\u00f3b do nowych obszar\u00f3w. Rozbudowuj miasto, by ocali\u0107 swoich ludzi przed nieuchronn\u0105 zag\u0142ad\u0105!<br \/>\nnowa, wyj\u0105tkowa mapa w trybie \u201eNiesko\u0144czono\u015b\u0107\u201d<br \/>\nnowy obiekt do wybudowania<br \/>\nnowa mechanika rozgrywki<\/p>\n<p><\/p>","protected":false},"excerpt":{"rendered":"<p>Oficjalna Przepustka sezonowa do Frostpunka zosta\u0142a skompletowana i&nbsp;jest ju\u017c dost\u0119pna! Przepustka zapewnia Ci dost\u0119p do ca\u0142ej dodatkowej zawarto\u015bci stworzonej dla gry od chwili jej premiery \u2014 w tym do trzech rozszerze\u0144 (The Last Autumn (\u201eOstatnia jesie\u0144\u201d), On The Edge (\u201eNa kraw\u0119dzi\u201d) i&nbsp;The Rifts (\u201eSzczeliny\u201d)), kt\u00f3re znacz\u0105co wzbogacaj\u0105 g\u0142\u00f3wny w\u0105tek fabularny i&nbsp;uzupe\u0142niaj\u0105 uniwersum gry. Co wi\u0119cej, [&hellip;]<\/p>\n","protected":false},"featured_media":669705,"comment_status":"closed","ping_status":"closed","template":"","meta":{"ub_ctt_via":""},"product_cat":[78,222],"product_tag":[218],"class_list":["post-669287","product","type-product","status-publish","has-post-thumbnail","hentry","product_cat-simulation","product_cat-strategy","product_tag-games","platform-steam-works"],"_links":{"self":[{"href":"https:\/\/neuvee.com\/pl\/wp-json\/wp\/v2\/product\/669287","targetHints":{"allow":["GET"]}}],"collection":[{"href":"https:\/\/neuvee.com\/pl\/wp-json\/wp\/v2\/product"}],"about":[{"href":"https:\/\/neuvee.com\/pl\/wp-json\/wp\/v2\/types\/product"}],"replies":[{"embeddable":true,"href":"https:\/\/neuvee.com\/pl\/wp-json\/wp\/v2\/comments?post=669287"}],"wp:featuredmedia":[{"embeddable":true,"href":"https:\/\/neuvee.com\/pl\/wp-json\/wp\/v2\/media\/669705"}],"wp:attachment":[{"href":"https:\/\/neuvee.com\/pl\/wp-json\/wp\/v2\/media?parent=669287"}],"wp:term":[{"taxonomy":"product_cat","embeddable":true,"href":"https:\/\/neuvee.com\/pl\/wp-json\/wp\/v2\/product_cat?post=669287"},{"taxonomy":"product_tag","embeddable":true,"href":"https:\/\/neuvee.com\/pl\/wp-json\/wp\/v2\/product_tag?post=669287"}],"curies":[{"name":"wp","href":"https:\/\/api.w.org\/{rel}","templated":true}]}}