{"id":669283,"date":"2023-07-27T19:21:27","date_gmt":"2023-07-27T19:21:27","guid":{"rendered":"https:\/\/neuvee.com\/?post_type=product&#038;p=669283"},"modified":"2025-05-19T14:12:39","modified_gmt":"2025-05-19T14:12:39","slug":"frostpunk-on-the-edge-4","status":"publish","type":"product","link":"https:\/\/neuvee.com\/pl\/product\/frostpunk-on-the-edge-4\/","title":{"rendered":"FROSTPUNK: ON THE EDGE"},"content":{"rendered":"<p>\u201eMawiaj\u0105, \u017ce \u015bnieg jest martwy. My jednak&nbsp;przekonali\u015bmy si\u0119, \u017ce jest wr\u0119cz przeciwnie\u201d.<\/p>\n<p>\u2013 Samuel Robinson, frostlandzki zwiadowca (1887, Nowy Londyn).<\/p>\n<p>Stajesz na czele nowo stworzonego obozu nieopodal magazynu wojskowego, pozostajesz jednak&nbsp;na smyczy Nowego Londynu, a&nbsp;wszystko, co cenne, musisz odsy\u0142a\u0107 do kwatery g\u0142\u00f3wnej. Polegasz jednocze\u015bnie na skromnych dostawach \u017cywno\u015bci i&nbsp;na prawach, kt\u00f3rych wdra\u017canie wymusza na tobie dow\u00f3dca. To niezwykle delikatny stan r\u00f3wnowagi: ka\u017cda decyzja to nowe ryzyko i&nbsp;trudy, kt\u00f3rym trzeba sprosta\u0107. Kiedy jednak&nbsp;twoi zwiadowcy odkrywaj\u0105 alternatywne \u017ar\u00f3d\u0142o \u017cywno\u015bci, zaczynasz my\u015ble\u0107 o&nbsp;mo\u017cliwo\u015bci samodzielnego przetrwania&#8230;<br \/>\n\u015anie\u017cny los odmienia si\u0119 na Frostlandzie w mgnieniu oka. Inne osady gotowe s\u0105 na wsp\u00f3\u0142prac\u0119 z&nbsp;tob\u0105. Kiedy ju\u017c zdo\u0142asz zdoby\u0107 ich lojalno\u015b\u0107, wyznaczysz szlaki handlowe do swoich nowych sojusznik\u00f3w i&nbsp;odzyskasz kontrol\u0119 nad swoj\u0105 ksi\u0119g\u0105 praw, stworzysz siln\u0105, niezale\u017cn\u0105 uni\u0119 i&nbsp;zrzucisz z&nbsp;plec\u00f3w jarzmo Nowego Londynu.<br \/>\nCechy rozszerzenia \u201eNa kraw\u0119dzi\u201d:<\/p>\n<p>&#8211; Nowa mechanika Frostlandu: osady i&nbsp;bezpieczne szlaki<\/p>\n<p>&#8211; Nowa mechanika relacji: przys\u0142ugi, ulepszenia, handel, dyplomacja<\/p>\n<p>&#8211; Nowa jednostka: oddzia\u0142 budowlany \u2013 wykorzystywany do budowy plac\u00f3wek handlowych i&nbsp;bezpiecznych szlak\u00f3w<\/p>\n<p>&#8211; 16 zupe\u0142nie nowych obszar\u00f3w Frostlandu i&nbsp;nowe historie powi\u0105zane ze znanymi ju\u017c miejscami<\/p>\n<p>&#8211; 3 nowe budowle miejskie i&nbsp;7 nowych technologii<\/p>\n<p>&#8211; Zupe\u0142nie nowe ustawienie we wszystkich wariantach trybu \u201eNiesko\u0144czono\u015b\u0107\u201d: osady<\/p>\n<p>&#8211; 25 minut nowej muzyki (6 utwor\u00f3w) skomponowanej przez Piotra Musia\u0142a<\/p>\n<p>&#8211; Wiele pomniejszych dodatk\u00f3w, ulepsze\u0144 i&nbsp;poprawek<\/p>\n<p><\/p>","protected":false},"excerpt":{"rendered":"<p>\u201eMawiaj\u0105, \u017ce \u015bnieg jest martwy. My jednak&nbsp;przekonali\u015bmy si\u0119, \u017ce jest wr\u0119cz przeciwnie\u201d. \u2013 Samuel Robinson, frostlandzki zwiadowca (1887, Nowy Londyn). Stajesz na czele nowo stworzonego obozu nieopodal magazynu wojskowego, pozostajesz jednak&nbsp;na smyczy Nowego Londynu, a&nbsp;wszystko, co cenne, musisz odsy\u0142a\u0107 do kwatery g\u0142\u00f3wnej. Polegasz jednocze\u015bnie na skromnych dostawach \u017cywno\u015bci i&nbsp;na prawach, kt\u00f3rych wdra\u017canie wymusza na tobie [&hellip;]<\/p>\n","protected":false},"featured_media":669530,"comment_status":"closed","ping_status":"closed","template":"","meta":{"ub_ctt_via":""},"product_cat":[78,222],"product_tag":[218],"class_list":["post-669283","product","type-product","status-publish","has-post-thumbnail","hentry","product_cat-simulation","product_cat-strategy","product_tag-games","platform-steam-works"],"_links":{"self":[{"href":"https:\/\/neuvee.com\/pl\/wp-json\/wp\/v2\/product\/669283","targetHints":{"allow":["GET"]}}],"collection":[{"href":"https:\/\/neuvee.com\/pl\/wp-json\/wp\/v2\/product"}],"about":[{"href":"https:\/\/neuvee.com\/pl\/wp-json\/wp\/v2\/types\/product"}],"replies":[{"embeddable":true,"href":"https:\/\/neuvee.com\/pl\/wp-json\/wp\/v2\/comments?post=669283"}],"wp:featuredmedia":[{"embeddable":true,"href":"https:\/\/neuvee.com\/pl\/wp-json\/wp\/v2\/media\/669530"}],"wp:attachment":[{"href":"https:\/\/neuvee.com\/pl\/wp-json\/wp\/v2\/media?parent=669283"}],"wp:term":[{"taxonomy":"product_cat","embeddable":true,"href":"https:\/\/neuvee.com\/pl\/wp-json\/wp\/v2\/product_cat?post=669283"},{"taxonomy":"product_tag","embeddable":true,"href":"https:\/\/neuvee.com\/pl\/wp-json\/wp\/v2\/product_tag?post=669283"}],"curies":[{"name":"wp","href":"https:\/\/api.w.org\/{rel}","templated":true}]}}