{"id":669280,"date":"2023-07-27T19:19:50","date_gmt":"2023-07-27T19:19:50","guid":{"rendered":"https:\/\/neuvee.com\/?post_type=product&#038;p=669280"},"modified":"2025-05-19T14:24:27","modified_gmt":"2025-05-19T14:24:27","slug":"frostpunk-game-of-the-year-edition-4","status":"publish","type":"product","link":"https:\/\/neuvee.com\/pl\/product\/frostpunk-game-of-the-year-edition-4\/","title":{"rendered":"FROSTPUNK: GAME OF THE YEAR EDITION"},"content":{"rendered":"<p>Frostpunk: Game of the Year Edition zawiera:<\/p>\n<p>Frostpunk \u2014 pe\u0142na wersja ciesz\u0105cej si\u0119 du\u017cym uznaniem gry society survival, kt\u00f3ra sprzeda\u0142a si\u0119 w nak\u0142adzie ponad 3 000 000 kopii na ca\u0142ym \u015bwiecie i&nbsp;zdoby\u0142a liczne nagrody krytyk\u00f3w.<\/p>\n<p>Przepustka sezonowa Frostpunk \u2014 zestaw trzech rozszerze\u0144 do gry Frostpunk:<\/p>\n<p>The Last Autumn (\u201eOstatnia jesie\u0144\u201d) stanowi punkt zwrotny w \u015bwiecie gry. Dodatek opowiada o&nbsp;burzliwych wydarzeniach zwi\u0105zanych z&nbsp;pr\u00f3b\u0105 wzniesienia generatora na placu budowy nr 113, zanim na Ziemi zapanuje niemi\u0142osiernie lodowata aura. \u015awiat Frostpunka zostaje wzbogacony poprzez wprowadzenie nowego \u015brodowiska, nowej Ksi\u0119gi Praw i&nbsp;wyj\u0105tkowych technologii, a&nbsp;tak\u017ce szeregu nowych budynk\u00f3w, co pozwala w niekonwencjonalny spos\u00f3b kszta\u0142towa\u0107 \u017cycie podw\u0142adnych.<\/p>\n<p>Rozszerzenie \u201eOn The Edge\u201d (\u201eNa kraw\u0119dzi\u201d) opowiada o&nbsp;mieszka\u0144cach Nowego Londynu, kt\u00f3rzy zostaj\u0105 wys\u0142ani na specjaln\u0105 misj\u0119 po ustaniu Wielkiej Zamieci. Dodatek nie tylko rozpoczyna zupe\u0142nie nowy rozdzia\u0142 w \u015bwiecie Frostpunka, lecz&nbsp;tak\u017ce rzuca graczowi nowe wyzwania i&nbsp;wprowadza now\u0105 mechanik\u0119 \u2014 zar\u00f3wno w mie\u015bcie, jak i&nbsp;na mapie Frostlandu \u2014 co znacznie wzbogaca dotychczasow\u0105 rozgrywk\u0119.<\/p>\n<p>W The Rifts (\u201eSzczelinach\u201d) podejmiesz nowe wyzwanie na zupe\u0142nie nowej mapie w trybie \u201eEndless Mode\u201d (\u201eNiesko\u0144czono\u015b\u0107\u201d), gdzie nawet krajobraz zagra\u017ca przetrwaniu. Korzystaj z&nbsp;nowej mechaniki rozgrywki do budowania most\u00f3w nad szczelinami i&nbsp;docieraj w ten spos\u00f3b do nowych obszar\u00f3w. Rozbudowuj miasto, by ocali\u0107 swoich ludzi przed nieuchronn\u0105 zag\u0142ad\u0105!<\/p>\n<p>Otrzymasz r\u00f3wnie\u017c nast\u0119puj\u0105c\u0105 zawarto\u015b\u0107 cyfrow\u0105:<\/p>\n<p>Oryginalna \u015bcie\u017cka d\u017awi\u0119kowa \u2014 oryginalna \u015bcie\u017cka d\u017awi\u0119kowa z&nbsp;gry z&nbsp;utworami skomponowanymi przez Piotra Musia\u0142a i&nbsp;wykonanymi przez Atom String Quartet oraz&nbsp;Sofia Session Orchestra. Wszystkie utwory zosta\u0142y zmiksowane i&nbsp;zmasterowane na potrzeby cyfrowego wydania albumu i&nbsp;s\u0105 dost\u0119pne we wszystkich popularnych formatach.<\/p>\n<p>Cyfrowy artbook Frostpunk \u2014 zawiera wszystkie wyj\u0105tkowe grafiki z&nbsp;gry, a&nbsp;tak\u017ce historie ludzi, kt\u00f3rzy pracowali nad projektem graficznym, grafikami koncepcyjnymi i&nbsp;dzie\u0142ami s\u0142u\u017c\u0105cymi dalszej inspiracji.<br \/>\nO GRZE<br \/>\nFrostpunk to po\u0142\u0105czenie gatunk\u00f3w city builder, society survival i&nbsp;strategii. Ciep\u0142o oznacza tu \u017cycie, a&nbsp;ka\u017cda decyzja ma swoj\u0105 cen\u0119. Mieszka\u0144cy skutego lodem \u015bwiata opracowuj\u0105 technologi\u0119 parow\u0105, kt\u00f3ra ma pozwoli\u0107 im przetrwa\u0107 na obezw\u0142adniaj\u0105cym mrozie. Twoim zadaniem jest wybudowanie ostatniego miasta na Ziemi oraz&nbsp;opieka nad spo\u0142ecze\u0144stwem.<\/p>\n<p>Optymalizacja i&nbsp;gospodarowanie zasobami cz\u0119sto \u015bcieraj\u0105 si\u0119 tu z&nbsp;empati\u0105 i&nbsp;podejmowaniem przemy\u015blanych decyzji. Cho\u0107 zarz\u0105dzanie miastem i&nbsp;spo\u0142ecze\u0144stwem zajmuje graczowi wi\u0119kszo\u015b\u0107 czasu, w pewnym momencie konieczne stanie si\u0119 odkrywanie \u015bwiata zewn\u0119trznego, co pozwoli pozna\u0107 jego histori\u0119 i&nbsp;zrozumie\u0107 obecn\u0105 sytuacj\u0119.<\/p>\n<p>Jakie decyzje podejmiesz, by zapewni\u0107 spo\u0142ecze\u0144stwu przetrwanie? Co zrobisz, kiedy b\u0119dziesz na skraju wytrzyma\u0142o\u015bci? I kim si\u0119 w\u00f3wczas staniesz?<\/p>\n<p><\/p>","protected":false},"excerpt":{"rendered":"<p>Frostpunk: Game of the Year Edition zawiera: Frostpunk \u2014 pe\u0142na wersja ciesz\u0105cej si\u0119 du\u017cym uznaniem gry society survival, kt\u00f3ra sprzeda\u0142a si\u0119 w nak\u0142adzie ponad 3 000 000 kopii na ca\u0142ym \u015bwiecie i&nbsp;zdoby\u0142a liczne nagrody krytyk\u00f3w. Przepustka sezonowa Frostpunk \u2014 zestaw trzech rozszerze\u0144 do gry Frostpunk: The Last Autumn (\u201eOstatnia jesie\u0144\u201d) stanowi punkt zwrotny w \u015bwiecie [&hellip;]<\/p>\n","protected":false},"featured_media":670746,"comment_status":"closed","ping_status":"closed","template":"","meta":{"ub_ctt_via":""},"product_cat":[78,222],"product_tag":[218],"class_list":["post-669280","product","type-product","status-publish","has-post-thumbnail","hentry","product_cat-simulation","product_cat-strategy","product_tag-games","platform-steam-works"],"_links":{"self":[{"href":"https:\/\/neuvee.com\/pl\/wp-json\/wp\/v2\/product\/669280","targetHints":{"allow":["GET"]}}],"collection":[{"href":"https:\/\/neuvee.com\/pl\/wp-json\/wp\/v2\/product"}],"about":[{"href":"https:\/\/neuvee.com\/pl\/wp-json\/wp\/v2\/types\/product"}],"replies":[{"embeddable":true,"href":"https:\/\/neuvee.com\/pl\/wp-json\/wp\/v2\/comments?post=669280"}],"wp:featuredmedia":[{"embeddable":true,"href":"https:\/\/neuvee.com\/pl\/wp-json\/wp\/v2\/media\/670746"}],"wp:attachment":[{"href":"https:\/\/neuvee.com\/pl\/wp-json\/wp\/v2\/media?parent=669280"}],"wp:term":[{"taxonomy":"product_cat","embeddable":true,"href":"https:\/\/neuvee.com\/pl\/wp-json\/wp\/v2\/product_cat?post=669280"},{"taxonomy":"product_tag","embeddable":true,"href":"https:\/\/neuvee.com\/pl\/wp-json\/wp\/v2\/product_tag?post=669280"}],"curies":[{"name":"wp","href":"https:\/\/api.w.org\/{rel}","templated":true}]}}