{"id":669275,"date":"2023-07-27T19:18:06","date_gmt":"2023-07-27T19:18:06","guid":{"rendered":"https:\/\/neuvee.com\/?post_type=product&#038;p=669275"},"modified":"2025-05-19T13:20:57","modified_gmt":"2025-05-19T13:20:57","slug":"frostpunk-5","status":"publish","type":"product","link":"https:\/\/neuvee.com\/pl\/product\/frostpunk-5\/","title":{"rendered":"FROSTPUNK"},"content":{"rendered":"<p>PODR\u00d3\u017b DOBIEGA KO\u0143CA<br \/>\nOd dnia premiery gra Frostpunk by\u0142a wielokrotnie wzbogacana o&nbsp;r\u00f3\u017cne dodatki i&nbsp;aktualizacje. Dodali\u015bmy nowy tryb \u201eEndless Mode\u201d (\u201eNiesko\u0144czono\u015b\u0107\u201d), w kt\u00f3ry mo\u017cna gra\u0107 na a\u017c 3 r\u00f3\u017cne sposoby i&nbsp;dzi\u0119ki kt\u00f3remu gra sta\u0142a si\u0119 du\u017co bardziej powtarzalna. Wprowadzili\u015bmy r\u00f3wnie\u017c nowy scenariusz \u2014 The Fall of Winterhome (\u201eUpadek Winterhome\u201d) \u2014 kt\u00f3ry jeszcze bardziej rozszerza uniwersum i&nbsp;g\u0142\u00f3wny w\u0105tek fabularny gry, a&nbsp;tak\u017ce nowo\u015bci takie jak mo\u017cliwo\u015b\u0107 nazywania postaci i&nbsp;automaton\u00f3w oraz&nbsp;tryb fotograficzny. Wszystko to jest dost\u0119pne za darmo dla ka\u017cdego posiadacza gry, a&nbsp;ponadto dost\u0119pne s\u0105 trzy rozszerzenia, kt\u00f3re mo\u017cna odblokowa\u0107 w ramach p\u0142atnej Przepustki sezonowej. Podsumowuj\u0105c jednak&nbsp;nasze wszystkie dotychczasowe osi\u0105gni\u0119cia, chcieliby\u015bmy poinformowa\u0107, \u017ce nie planujemy tworzy\u0107 wi\u0119cej zawarto\u015bci do gry Frostpunk i&nbsp;\u017ce nasza przygoda z&nbsp;tym tytu\u0142em w\u0142a\u015bnie dobiega ko\u0144ca \u2014 co nie oznacza, \u017ce nie mamy zamiaru ju\u017c nic wydawa\u0107 w przysz\u0142o\u015bci (zach\u0119camy te\u017c do wypatrywania naszych najnowszych tytu\u0142\u00f3w). Chocia\u017c przestajemy wypuszcza\u0107 nowe tre\u015bci do gry, oczywi\u015bcie b\u0119dzie ona dalej otrzymywa\u0107 aktualizacje i&nbsp;poprawki b\u0142\u0119d\u00f3w \u2014 a&nbsp;jej dzia\u0142 wsparcia technicznego b\u0119dzie nieustannie pomaga\u0107 graczom.<\/p>\n<p>PRZEPUSTKA SEZONOWA<br \/>\nOficjalna Przepustka sezonowa do Frostpunka zosta\u0142a skompletowana i&nbsp;jest ju\u017c dost\u0119pna! Przepustka zapewnia Ci dost\u0119p do ca\u0142ej dodatkowej zawarto\u015bci stworzonej dla gry od chwili jej premiery \u2014 w tym do trzech rozszerze\u0144 (The Last Autumn (\u201eOstatnia jesie\u0144\u201d), On The Edge (\u201eNa kraw\u0119dzi\u201d) i&nbsp;The Rifts (\u201eSzczeliny\u201d)), kt\u00f3re znacz\u0105co wzbogacaj\u0105 g\u0142\u00f3wny w\u0105tek fabularny i&nbsp;uzupe\u0142niaj\u0105 uniwersum gry. Co wi\u0119cej, gdy ju\u017c przejdziesz gr\u0119, b\u0119dziesz mie\u0107 mo\u017cliwo\u015b\u0107 zrelaksowania si\u0119 przy ods\u0142uchiwaniu Oficjalnej \u015bcie\u017cki d\u017awi\u0119kowej zawieraj\u0105cej utwory z&nbsp;muzyk\u0105 symfoniczn\u0105 \u2014 lub&nbsp;pog\u0142\u0119bienia wiedzy o&nbsp;\u015bwiecie gry z&nbsp;ekskluzywnym Cyfrowym artbookiem.<br \/>\nNie posiadasz jeszcze gry? To nie problem, poniewa\u017c&nbsp;wydanie Frostpunk: Game of the Year Edition ma w sobie wszystko, co b\u0119dzie Ci potrzebne. Edycja zawiera podstawow\u0105 wersj\u0119 gry, jej przepustk\u0119 sezonow\u0105 i&nbsp;ca\u0142\u0105 ekskluzywn\u0105 zawarto\u015b\u0107 w promocyjnej cenie.<br \/>\nO GRZE<\/p>\n<p>MIASTO MUSI PRZETRWA\u0106<br \/>\nFrostpunk to najnowsza gra tw\u00f3rc\u00f3w This War of Mine, nale\u017c\u0105ca do gatunku society survival. Ciep\u0142o oznacza tu \u017cycie, a&nbsp;ka\u017cda decyzja ma swoj\u0105 cen\u0119. Mieszka\u0144cy skutego lodem \u015bwiata opracowuj\u0105 technologi\u0119 parow\u0105, kt\u00f3ra ma pozwoli\u0107 im przetrwa\u0107 na obezw\u0142adniaj\u0105cym mrozie. Twoim zadaniem jest wybudowanie ostatniego miasta na Ziemi oraz&nbsp;opieka nad spo\u0142ecze\u0144stwem.<br \/>\nOptymalizacja i&nbsp;gospodarowanie zasobami cz\u0119sto \u015bcieraj\u0105 si\u0119 tu z&nbsp;empati\u0105 i&nbsp;podejmowaniem przemy\u015blanych decyzji. Cho\u0107 zarz\u0105dzanie miastem i&nbsp;spo\u0142ecze\u0144stwem zajmuje graczowi wi\u0119kszo\u015b\u0107 czasu, w pewnym momencie konieczne stanie si\u0119 odkrywanie \u015bwiata zewn\u0119trznego, co pozwoli pozna\u0107 jego histori\u0119 i&nbsp;zrozumie\u0107 obecn\u0105 sytuacj\u0119.<\/p>\n<p>Jakie decyzje podejmiesz, by zapewni\u0107 spo\u0142ecze\u0144stwu przetrwanie? Co zrobisz, kiedy b\u0119dziesz na skraju wytrzyma\u0142o\u015bci? I kim si\u0119 w\u00f3wczas staniesz?<br \/>\nUSTANAWIAJ PRAWA<br \/>\nUstanawiaj prawa, kt\u00f3re ureguluj\u0105 \u017cycie stale rosn\u0105cej populacji. Decyduj o&nbsp;tym, jak b\u0119d\u0105 wygl\u0105da\u0107 praca, opieka medyczna, produkcja \u017cywno\u015bci oraz&nbsp;inne aspekty codzienno\u015bci. Dbaj o&nbsp;nadziej\u0119 i&nbsp;zadowolenie mieszka\u0144c\u00f3w \u2014 morale spo\u0142ecze\u0144stwa odgrywa w walce o&nbsp;przetrwanie r\u00f3wnie wa\u017cn\u0105 rol\u0119 jak podstawowe \u015brodki do \u017cycia.<br \/>\n[Images\ufffd4_animation.gif]<br \/>\nKSZTA\u0141TUJ SPO\u0141ECZE\u0143STWO<br \/>\nJe\u015bli znajdziesz si\u0119 w punkcie zwrotnym, nie obawiaj si\u0119 zdecydowanych decyzji. Zamierzasz rz\u0105dzi\u0107 tward\u0105 r\u0119k\u0105\u2026 czy pokaza\u0107 ludziom \u015bcie\u017ck\u0119 mi\u0142osierdzia i&nbsp;wiary? Dzia\u0142aj radykalnie lub&nbsp;walcz o&nbsp;utrzymanie r\u00f3wnowagi. Niezale\u017cnie od tego, jak\u0105 drog\u0119 obierzesz, pami\u0119taj, \u017ce nie da si\u0119 z&nbsp;niej zawr\u00f3ci\u0107.<\/p>\n<p>ROZWA\u017bAJ WSZYSTKIE ZA I PRZECIW<br \/>\nNiekt\u00f3re decyzje mog\u0105 Ci si\u0119 wyda\u0107 b\u0142ahe, ale wszystkie sk\u0142adaj\u0105 si\u0119 na ca\u0142okszta\u0142t Twoich dzia\u0142a\u0144 i&nbsp;cz\u0119sto przynosz\u0105 nieoczekiwane rezultaty. Pami\u0119taj o&nbsp;tym, kiedy przyjdzie Ci zadecydowa\u0107 o&nbsp;losie zafrasowanego mieszka\u0144ca lub&nbsp;pertraktowa\u0107 z&nbsp;nowo powsta\u0142\u0105 frakcj\u0105. Ludzie pok\u0142adaj\u0105 w Tobie wiar\u0119, ale ich oddanie ma granice. Rola przyw\u00f3dcy mo\u017ce si\u0119 okaza\u0107 brzemieniem.<\/p>\n<p>ROZWIJAJ NOWE TECHNOLOGIE<br \/>\nPost\u0119p to jeden z&nbsp;warunk\u00f3w przetrwania. Po\u015bwi\u0119caj uwag\u0119 bie\u017c\u0105cym wydarzeniom, ale nie zapominaj przy tym, jak wa\u017cne s\u0105 d\u0142ugoterminowe plany oraz&nbsp;inwestowanie w rozw\u00f3j technologii. Podejmij wyzwanie i&nbsp;spr\u00f3buj stworzy\u0107 rozbudowan\u0105 infrastruktur\u0119, w kt\u00f3rej znajd\u0105 zastosowanie rozmaite cuda techniki \u2014 takie jak samozasilane automatony czy statki powietrzne. Wszystko zale\u017cy od Twoich zdolno\u015bci przyw\u00f3dczych i&nbsp;umiej\u0119tnego zarz\u0105dzania zasobami.<\/p>\n<p>ODKRYWAJ LODOWE PUSTKOWIE<br \/>\nTwoim domem jest Nowy Londyn, ale \u015bwiat poza jego granicami mo\u017ce Ci\u0119 niejednym zaskoczy\u0107. Ekspedycje wi\u0105\u017c\u0105 si\u0119 z&nbsp;wielkim ryzykiem, ale mog\u0105 zaowocowa\u0107 pozyskaniem cennych zasob\u00f3w i&nbsp;informacji oraz&nbsp;wzrostem populacji. Podczas wypraw niejednokrotnie natkniesz si\u0119 na ludzi, kt\u00f3rych los b\u0119dzie zale\u017ca\u0142 wy\u0142\u0105cznie od Ciebie.<\/p>\n<p>GRAJ W NIESKO\u0143CZONO\u015a\u0106<br \/>\nTryb \u201eNiesko\u0144czono\u015b\u0107\u201d dodaje nieograniczon\u0105 powtarzalno\u015b\u0107 do gry. Graj na 8 r\u00f3\u017cnych mapach \u2014 ka\u017cda b\u0119dzie mie\u0107 inne ukszta\u0142towanie terenu, warunki pogodowe i&nbsp;wyzwania, kt\u00f3rym przyjdzie Ci stawi\u0107 czo\u0142a. Wiemy, \u017ce r\u00f3\u017cni ludzie oczekuj\u0105 r\u00f3\u017cnych do\u015bwiadcze\u0144 \u2014 i&nbsp;w\u0142a\u015bnie dlatego&nbsp;tryb \u201eNiesko\u0144czono\u015b\u0107\u201d zawiera a\u017c 3 sposoby na rozgrywk\u0119. Wariant \u201eEndurance\u201d (\u201eWytrzyma\u0142o\u015b\u0107\u201d) b\u0119dzie ostateczn\u0105 pr\u00f3b\u0105 dla Twoich umiej\u0119tno\u015bci budowania, zarz\u0105dzania i&nbsp;przetrwania w najtrudniejszych warunkach. W trybie \u201eBuilders\u201d (\u201eBudowniczowie\u201d) nie b\u0119dziesz mie\u0107 generatora na pocz\u0105tku gry, co stworzy ca\u0142e mn\u00f3stwo nowych wyzwa\u0144 \u2014 a&nbsp;\u201eSerenity\u201d (\u201eSpok\u00f3j\u201d) skupia si\u0119 na czerpaniu przyjemno\u015bci z&nbsp;budowania miasta, bez niepotrzebnych komplikacji.<\/p>\n<p><\/p>","protected":false},"excerpt":{"rendered":"<p>PODR\u00d3\u017b DOBIEGA KO\u0143CA Od dnia premiery gra Frostpunk by\u0142a wielokrotnie wzbogacana o&nbsp;r\u00f3\u017cne dodatki i&nbsp;aktualizacje. Dodali\u015bmy nowy tryb \u201eEndless Mode\u201d (\u201eNiesko\u0144czono\u015b\u0107\u201d), w kt\u00f3ry mo\u017cna gra\u0107 na a\u017c 3 r\u00f3\u017cne sposoby i&nbsp;dzi\u0119ki kt\u00f3remu gra sta\u0142a si\u0119 du\u017co bardziej powtarzalna. Wprowadzili\u015bmy r\u00f3wnie\u017c nowy scenariusz \u2014 The Fall of Winterhome (\u201eUpadek Winterhome\u201d) \u2014 kt\u00f3ry jeszcze bardziej rozszerza uniwersum i&nbsp;g\u0142\u00f3wny [&hellip;]<\/p>\n","protected":false},"featured_media":674423,"comment_status":"closed","ping_status":"closed","template":"","meta":{"ub_ctt_via":""},"product_cat":[78,222],"product_tag":[218],"class_list":["post-669275","product","type-product","status-publish","has-post-thumbnail","hentry","product_cat-simulation","product_cat-strategy","product_tag-games","platform-steam-works"],"_links":{"self":[{"href":"https:\/\/neuvee.com\/pl\/wp-json\/wp\/v2\/product\/669275","targetHints":{"allow":["GET"]}}],"collection":[{"href":"https:\/\/neuvee.com\/pl\/wp-json\/wp\/v2\/product"}],"about":[{"href":"https:\/\/neuvee.com\/pl\/wp-json\/wp\/v2\/types\/product"}],"replies":[{"embeddable":true,"href":"https:\/\/neuvee.com\/pl\/wp-json\/wp\/v2\/comments?post=669275"}],"wp:featuredmedia":[{"embeddable":true,"href":"https:\/\/neuvee.com\/pl\/wp-json\/wp\/v2\/media\/674423"}],"wp:attachment":[{"href":"https:\/\/neuvee.com\/pl\/wp-json\/wp\/v2\/media?parent=669275"}],"wp:term":[{"taxonomy":"product_cat","embeddable":true,"href":"https:\/\/neuvee.com\/pl\/wp-json\/wp\/v2\/product_cat?post=669275"},{"taxonomy":"product_tag","embeddable":true,"href":"https:\/\/neuvee.com\/pl\/wp-json\/wp\/v2\/product_tag?post=669275"}],"curies":[{"name":"wp","href":"https:\/\/api.w.org\/{rel}","templated":true}]}}