{"id":669270,"date":"2023-07-27T19:14:54","date_gmt":"2023-07-27T19:14:54","guid":{"rendered":"https:\/\/neuvee.com\/?post_type=product&#038;p=669270"},"modified":"2025-05-19T13:57:36","modified_gmt":"2025-05-19T13:57:36","slug":"farming-simulator-22-horsch-agrovation-packgiants","status":"publish","type":"product","link":"https:\/\/neuvee.com\/pl\/product\/farming-simulator-22-horsch-agrovation-packgiants\/","title":{"rendered":"FARMING SIMULATOR 22 &#8211; HORSCH AGROVATION PACK(GIANTS)"},"content":{"rendered":"<p>HORSCH s\u0142ynie z&nbsp;wyspecjalizowania w p\u0142ytkiej, chroni\u0105cej gleb\u0119 uprawie. Skorzystaj z&nbsp;wi\u0119kszych szeroko\u015bci roboczych i&nbsp;precyzji dzia\u0142ania, kt\u00f3ra wyr\u00f3\u017cnia te maszyny na tle konkurencji.<br \/>\nPakiet HORSCH AgroVation dla Farming Simulator 22 oferuje 14 nowych przystawek \u2013 od siewnik\u00f3w do siewu punktowego po kultywatory i&nbsp;brony, a&nbsp;tak\u017ce wyj\u0105tkowo atrakcyjn\u0105 nowo\u015b\u0107 \u2013 ca\u0142kowicie od\u015bwie\u017con\u0105 map\u0119 AgroVation.<br \/>\nWszechstronno\u015b\u0107, szybka praca i&nbsp;niskie wymagania mocy<br \/>\nPakiet HORSCH AgroVation oferuje wszystko, czego potrzebujesz do szybkiej orki, przygotowania powierzchni i&nbsp;sadzenia:<br \/>\nsadzarki Maestro 24.50 SV i&nbsp;9.75 RX to maksymalna wydajno\u015b\u0107 na ma\u0142ych, niekszta\u0142tnych, a&nbsp;tak\u017ce wielkich polach. Mo\u017cesz r\u00f3wnie\u017c u\u017cy\u0107 siewnika punktowego Avatar 12.25 D do konwencjonalnej orki i&nbsp;zasiewu w innych warunkach \u2013 na przyk\u0142ad do zasiewu punktowego.<br \/>\nTaro 6 SL w po\u0142\u0105czeniu z&nbsp;przednim zbiornikiem Partner 1600 to co\u015b w sam raz dla rolnik\u00f3w z&nbsp;ma\u0142ymi polami, szukaj\u0105cych lekkiego siewnika punktowego z&nbsp;du\u017c\u0105 mobilno\u015bci\u0105.<br \/>\nPielnik Transformer 12 VF o&nbsp;zmiennej ramie naprawd\u0119 potrafi zaskoczy\u0107 wydajno\u015bci\u0105, precyzj\u0105 i&nbsp;wszechstronno\u015bci\u0105 dzi\u0119ki wytrzyma\u0142ej i&nbsp;eleganckiej budowie, dostosowywalnej pozycji roboczej i&nbsp;r\u00f3\u017cnorodno\u015bci opcji.<br \/>\nOdkryj wirtualn\u0105 rekonstrukcj\u0119 rzeczywistego gospodarstwa AgroVation<br \/>\nPakiet dodatkowo oferuje now\u0105 map\u0119 do Farming Simulator 22. Odzwierciedlenie gospodarstwa HORSCH AgroVation w czeskiej gminie Kn\u011b\u017emost.<br \/>\nDu\u017cy wyb\u00f3r p\u00f3l o&nbsp;r\u00f3\u017cnych kszta\u0142tach i&nbsp;mn\u00f3stwo szczeg\u00f3\u0142\u00f3w. Doskona\u0142a okazja do wykorzystania nowej floty maszyn w ich naturalnym otoczeniu.<br \/>\nPakiet HORSCH AgroVation oferuje wspania\u0142e mo\u017cliwo\u015bci dla wszystkich fan\u00f3w HORSCH i&nbsp;mi\u0142o\u015bnik\u00f3w pracy na wielkich i&nbsp;ma\u0142ych polach w autentycznych warunkach.<br \/>\nMaszyny w pakiecie HORSCH AgroVation<br \/>\nAvatar 12.25 SD<br \/>\nCultro 9 TC<br \/>\nCultro 12 TC<br \/>\nCura 24 ST<br \/>\nFiner 6 SL<br \/>\nJoker 8 RT<br \/>\nMaestro 9.75 RX<br \/>\nMaestro 24.50 SV<br \/>\nPartner 1600 FT<br \/>\nPronto 3 DC<br \/>\nPronto 6 DC<br \/>\nTaro 6 SL<br \/>\nTiger 8 MT<br \/>\nTransformer 12 VF<\/p>\n<p><\/p>","protected":false},"excerpt":{"rendered":"<p>HORSCH s\u0142ynie z&nbsp;wyspecjalizowania w p\u0142ytkiej, chroni\u0105cej gleb\u0119 uprawie. Skorzystaj z&nbsp;wi\u0119kszych szeroko\u015bci roboczych i&nbsp;precyzji dzia\u0142ania, kt\u00f3ra wyr\u00f3\u017cnia te maszyny na tle konkurencji. Pakiet HORSCH AgroVation dla Farming Simulator 22 oferuje 14 nowych przystawek \u2013 od siewnik\u00f3w do siewu punktowego po kultywatory i&nbsp;brony, a&nbsp;tak\u017ce wyj\u0105tkowo atrakcyjn\u0105 nowo\u015b\u0107 \u2013 ca\u0142kowicie od\u015bwie\u017con\u0105 map\u0119 AgroVation. Wszechstronno\u015b\u0107, szybka praca i&nbsp;niskie wymagania [&hellip;]<\/p>\n","protected":false},"featured_media":670425,"comment_status":"closed","ping_status":"closed","template":"","meta":{"ub_ctt_via":""},"product_cat":[78],"product_tag":[218],"class_list":["post-669270","product","type-product","status-publish","has-post-thumbnail","hentry","product_cat-simulation","product_tag-games","platform-giants-software-keys"],"_links":{"self":[{"href":"https:\/\/neuvee.com\/pl\/wp-json\/wp\/v2\/product\/669270","targetHints":{"allow":["GET"]}}],"collection":[{"href":"https:\/\/neuvee.com\/pl\/wp-json\/wp\/v2\/product"}],"about":[{"href":"https:\/\/neuvee.com\/pl\/wp-json\/wp\/v2\/types\/product"}],"replies":[{"embeddable":true,"href":"https:\/\/neuvee.com\/pl\/wp-json\/wp\/v2\/comments?post=669270"}],"wp:featuredmedia":[{"embeddable":true,"href":"https:\/\/neuvee.com\/pl\/wp-json\/wp\/v2\/media\/670425"}],"wp:attachment":[{"href":"https:\/\/neuvee.com\/pl\/wp-json\/wp\/v2\/media?parent=669270"}],"wp:term":[{"taxonomy":"product_cat","embeddable":true,"href":"https:\/\/neuvee.com\/pl\/wp-json\/wp\/v2\/product_cat?post=669270"},{"taxonomy":"product_tag","embeddable":true,"href":"https:\/\/neuvee.com\/pl\/wp-json\/wp\/v2\/product_tag?post=669270"}],"curies":[{"name":"wp","href":"https:\/\/api.w.org\/{rel}","templated":true}]}}